{"id":10936,"date":"2025-10-09T00:00:00","date_gmt":"2025-10-08T22:00:00","guid":{"rendered":"https:\/\/yotavis.ch\/product\/it8936a-600-2400\/"},"modified":"2026-04-24T13:46:19","modified_gmt":"2026-04-24T11:46:19","slug":"it8936a-600-2400","status":"publish","type":"product","link":"https:\/\/yotavis.ch\/de\/produkt\/it8936a-600-2400\/","title":{"rendered":"IT8936A-600-2400"},"content":{"rendered":"<p>Die IT8936A-600-2400 ist eine elektronische DC-Last mit einer maximalen Spannung von 600 V und einem maximalen Strom von 2400 A, die eine Gesamtleistung von 36 kW liefert. Sie verf\u00fcgt \u00fcber einen einzigen Ausgangskanal, der f\u00fcr Anwendungen mit hoher Leistung ausgelegt ist. Das Ger\u00e4t unterst\u00fctzt Fernsteuerungsfunktionen, die eine Bedienung und \u00dcberwachung aus der Ferne erm\u00f6glichen. Zu den Anschlussm\u00f6glichkeiten geh\u00f6ren Standard-LAN, USB, RS232, GPIB, CAN und eine externe analoge Steuerungsschnittstelle, die vielseitige Kommunikations- und Steuerungsm\u00f6glichkeiten bieten. Das Ger\u00e4t ist in einem 27U-Geh\u00e4use untergebracht, was auf eine beachtliche Gr\u00f6\u00dfe hinweist, die f\u00fcr die Rack-Montage in professionellen Umgebungen geeignet ist. Dieses Modell wird von ITECH hergestellt, einer Marke, die f\u00fcr elektronische Pr\u00fcfger\u00e4te bekannt ist. Dank der Kombination aus hohen Spannungs-, Strom- und Leistungswerten eignet sich diese elektronische Last f\u00fcr anspruchsvolle Pr\u00fcfszenarien, die pr\u00e4zise und zuverl\u00e4ssige DC-Lastbedingungen erfordern.<\/p>","protected":false},"excerpt":{"rendered":"<p>DC E-load 600V \/ 2400A \/ 36kW, 27U  (Standard LAN, USB, RS232, GPIB, CAN, external analog control interface)<\/p>","protected":false},"featured_media":12377,"comment_status":"closed","ping_status":"closed","template":"","meta":{"_acf_changed":false,"slim_seo":{"title":"IT8936A-600-2400 - YOTAVIS AG","description":"DC E-Last 600V \/ 2400A \/ 36kW, 27U (Standard LAN, USB, RS232, GPIB, CAN, externe analoge Steuerschnittstelle)"}},"product_brand":[822],"product_cat":[517,515],"product_tag":[],"class_list":{"0":"post-10936","1":"product","2":"type-product","3":"status-publish","4":"has-post-thumbnail","6":"product_brand-itech","7":"product_cat-dc-load-en","8":"product_cat-power-en","9":"pa_current-a-997","10":"pa_output-number-146","11":"pa_power-w-637","12":"pa_remote-control-yes","13":"pa_voltage-v-920","15":"first","16":"instock","17":"taxable","18":"shipping-taxable","19":"product-type-simple"},"acf":[],"_links":{"self":[{"href":"https:\/\/yotavis.ch\/de\/wp-json\/wp\/v2\/product\/10936","targetHints":{"allow":["GET"]}}],"collection":[{"href":"https:\/\/yotavis.ch\/de\/wp-json\/wp\/v2\/product"}],"about":[{"href":"https:\/\/yotavis.ch\/de\/wp-json\/wp\/v2\/types\/product"}],"replies":[{"embeddable":true,"href":"https:\/\/yotavis.ch\/de\/wp-json\/wp\/v2\/comments?post=10936"}],"wp:featuredmedia":[{"embeddable":true,"href":"https:\/\/yotavis.ch\/de\/wp-json\/wp\/v2\/media\/12377"}],"wp:attachment":[{"href":"https:\/\/yotavis.ch\/de\/wp-json\/wp\/v2\/media?parent=10936"}],"wp:term":[{"taxonomy":"product_brand","embeddable":true,"href":"https:\/\/yotavis.ch\/de\/wp-json\/wp\/v2\/product_brand?post=10936"},{"taxonomy":"product_cat","embeddable":true,"href":"https:\/\/yotavis.ch\/de\/wp-json\/wp\/v2\/product_cat?post=10936"},{"taxonomy":"product_tag","embeddable":true,"href":"https:\/\/yotavis.ch\/de\/wp-json\/wp\/v2\/product_tag?post=10936"}],"curies":[{"name":"wp","href":"https:\/\/api.w.org\/{rel}","templated":true}]}}