{"id":10938,"date":"2025-10-09T00:00:00","date_gmt":"2025-10-08T22:00:00","guid":{"rendered":"https:\/\/yotavis.ch\/product\/it8936a-1200-1440\/"},"modified":"2026-04-24T13:46:19","modified_gmt":"2026-04-24T11:46:19","slug":"it8936a-1200-1440","status":"publish","type":"product","link":"https:\/\/yotavis.ch\/de\/produkt\/it8936a-1200-1440\/","title":{"rendered":"IT8936A-1200-1440"},"content":{"rendered":"<p>Die IT8936A-1200-1440 ist eine elektronische Gleichstromlast, die f\u00fcr eine maximale Spannung von 1200 Volt und einen Strom von bis zu 1440 Ampere ausgelegt ist und eine Leistungskapazit\u00e4t von 36.000 Watt bietet. Dieses Modell verf\u00fcgt \u00fcber einen einzigen Ausgangskanal und unterst\u00fctzt die Fernsteuerungsfunktionalit\u00e4t, was einen flexiblen Betrieb in verschiedenen Pr\u00fcfumgebungen erm\u00f6glicht. Das Ger\u00e4t ist in einem 27U-Geh\u00e4use untergebracht und verf\u00fcgt \u00fcber mehrere Standardkommunikationsschnittstellen wie LAN, USB, RS232, GPIB, CAN und eine externe analoge Steuerschnittstelle. Diese Schnittstellen erleichtern die nahtlose Integration mit anderen Ger\u00e4ten und erm\u00f6glichen eine pr\u00e4zise Steuerung und \u00dcberwachung. Die Kombination aus hohen Spannungs- und Stromwerten macht diese elektronische Last f\u00fcr anspruchsvolle Anwendungen geeignet, die eine robuste und zuverl\u00e4ssige Leistung erfordern. Die verschiedenen Anschlussm\u00f6glichkeiten gew\u00e4hrleisten die Kompatibilit\u00e4t mit einer Vielzahl von Steuerungssystemen und Testaufbauten. Dieses Produkt wird von ITECH hergestellt, einer Marke, die f\u00fcr ihre elektronischen Pr\u00fcfger\u00e4te bekannt ist.<\/p>","protected":false},"excerpt":{"rendered":"<p>DC E-load 1,200V \/ 1440A \/ 36kW, 27U  (Standard LAN, USB, RS232, GPIB, CAN, external analog control interface)<\/p>","protected":false},"featured_media":12377,"comment_status":"closed","ping_status":"closed","template":"","meta":{"_acf_changed":false,"slim_seo":{"title":"IT8936A-1200-1440 - YOTAVIS AG","description":"DC E-Last 1.200V \/ 1440A \/ 36kW, 27U (Standard LAN, USB, RS232, GPIB, CAN, externe analoge Steuerschnittstelle)"}},"product_brand":[822],"product_cat":[517,515],"product_tag":[],"class_list":{"0":"post-10938","1":"product","2":"type-product","3":"status-publish","4":"has-post-thumbnail","6":"product_brand-itech","7":"product_cat-dc-load-en","8":"product_cat-power-en","9":"pa_current-a-1001","10":"pa_output-number-146","11":"pa_power-w-637","12":"pa_remote-control-yes","13":"pa_voltage-v-922","15":"first","16":"instock","17":"taxable","18":"shipping-taxable","19":"product-type-simple"},"acf":[],"_links":{"self":[{"href":"https:\/\/yotavis.ch\/de\/wp-json\/wp\/v2\/product\/10938","targetHints":{"allow":["GET"]}}],"collection":[{"href":"https:\/\/yotavis.ch\/de\/wp-json\/wp\/v2\/product"}],"about":[{"href":"https:\/\/yotavis.ch\/de\/wp-json\/wp\/v2\/types\/product"}],"replies":[{"embeddable":true,"href":"https:\/\/yotavis.ch\/de\/wp-json\/wp\/v2\/comments?post=10938"}],"wp:featuredmedia":[{"embeddable":true,"href":"https:\/\/yotavis.ch\/de\/wp-json\/wp\/v2\/media\/12377"}],"wp:attachment":[{"href":"https:\/\/yotavis.ch\/de\/wp-json\/wp\/v2\/media?parent=10938"}],"wp:term":[{"taxonomy":"product_brand","embeddable":true,"href":"https:\/\/yotavis.ch\/de\/wp-json\/wp\/v2\/product_brand?post=10938"},{"taxonomy":"product_cat","embeddable":true,"href":"https:\/\/yotavis.ch\/de\/wp-json\/wp\/v2\/product_cat?post=10938"},{"taxonomy":"product_tag","embeddable":true,"href":"https:\/\/yotavis.ch\/de\/wp-json\/wp\/v2\/product_tag?post=10938"}],"curies":[{"name":"wp","href":"https:\/\/api.w.org\/{rel}","templated":true}]}}