{"id":10940,"date":"2025-10-09T00:00:00","date_gmt":"2025-10-08T22:00:00","guid":{"rendered":"https:\/\/yotavis.ch\/product\/it8942a-150-2400\/"},"modified":"2026-04-24T13:46:20","modified_gmt":"2026-04-24T11:46:20","slug":"it8942a-150-2400","status":"publish","type":"product","link":"https:\/\/yotavis.ch\/de\/produkt\/it8942a-150-2400\/","title":{"rendered":"IT8942A-150-2400"},"content":{"rendered":"<p>Die IT8942A-150-2400 ist eine elektronische Gleichstromlast, die f\u00fcr eine maximale Spannung von 150 V und einen Strom von bis zu 2400 A ausgelegt ist und eine Leistungskapazit\u00e4t von 42.000 Watt bietet. Dieses Modell verf\u00fcgt \u00fcber einen einzigen Ausgangskanal und unterst\u00fctzt die Fernsteuerungsfunktionalit\u00e4t, was einen vielseitigen Betrieb in verschiedenen Testumgebungen erm\u00f6glicht. Es ist in einem 37U-Geh\u00e4use untergebracht und verf\u00fcgt \u00fcber mehrere Standardkommunikationsschnittstellen wie LAN, USB, RS232, GPIB, CAN und eine externe analoge Steuerschnittstelle. Diese Konnektivit\u00e4tsoptionen erleichtern die Integration mit verschiedenen Systemen und erm\u00f6glichen eine pr\u00e4zise Steuerung und \u00dcberwachung. Das Ger\u00e4t ist so konzipiert, dass es eine zuverl\u00e4ssige Leistung f\u00fcr Anwendungen mit hohem Stromverbrauch bietet, wodurch es sich f\u00fcr anspruchsvolle elektrische Lasttestszenarien eignet. Die umfassenden Schnittstellenoptionen gew\u00e4hrleisten die Kompatibilit\u00e4t mit einer Vielzahl von Steuerungs- und Automatisierungssystemen und erh\u00f6hen die Nutzbarkeit des Ger\u00e4ts in professionellen Umgebungen.<\/p>","protected":false},"excerpt":{"rendered":"<p>DC E-load 150V \/ 2400A \/ 42kW, 37U  (Standard LAN, USB, RS232, GPIB, CAN, external analog control interface)<\/p>","protected":false},"featured_media":12379,"comment_status":"closed","ping_status":"closed","template":"","meta":{"_acf_changed":false,"slim_seo":{"title":"IT8942A-150-2400 - YOTAVIS AG","description":"DC E-Last 150V \/ 2400A \/ 42kW, 37U (Standard LAN, USB, RS232, GPIB, CAN, externe analoge Steuerschnittstelle)"}},"product_brand":[822],"product_cat":[517,515],"product_tag":[],"class_list":{"0":"post-10940","1":"product","2":"type-product","3":"status-publish","4":"has-post-thumbnail","6":"product_brand-itech","7":"product_cat-dc-load-en","8":"product_cat-power-en","9":"pa_current-a-997","10":"pa_output-number-146","11":"pa_power-w-985","12":"pa_remote-control-yes","13":"pa_voltage-v-150","15":"first","16":"instock","17":"taxable","18":"shipping-taxable","19":"product-type-simple"},"acf":[],"_links":{"self":[{"href":"https:\/\/yotavis.ch\/de\/wp-json\/wp\/v2\/product\/10940","targetHints":{"allow":["GET"]}}],"collection":[{"href":"https:\/\/yotavis.ch\/de\/wp-json\/wp\/v2\/product"}],"about":[{"href":"https:\/\/yotavis.ch\/de\/wp-json\/wp\/v2\/types\/product"}],"replies":[{"embeddable":true,"href":"https:\/\/yotavis.ch\/de\/wp-json\/wp\/v2\/comments?post=10940"}],"wp:featuredmedia":[{"embeddable":true,"href":"https:\/\/yotavis.ch\/de\/wp-json\/wp\/v2\/media\/12379"}],"wp:attachment":[{"href":"https:\/\/yotavis.ch\/de\/wp-json\/wp\/v2\/media?parent=10940"}],"wp:term":[{"taxonomy":"product_brand","embeddable":true,"href":"https:\/\/yotavis.ch\/de\/wp-json\/wp\/v2\/product_brand?post=10940"},{"taxonomy":"product_cat","embeddable":true,"href":"https:\/\/yotavis.ch\/de\/wp-json\/wp\/v2\/product_cat?post=10940"},{"taxonomy":"product_tag","embeddable":true,"href":"https:\/\/yotavis.ch\/de\/wp-json\/wp\/v2\/product_tag?post=10940"}],"curies":[{"name":"wp","href":"https:\/\/api.w.org\/{rel}","templated":true}]}}