{"id":10949,"date":"2025-10-09T00:00:00","date_gmt":"2025-10-08T22:00:00","guid":{"rendered":"https:\/\/yotavis.ch\/product\/it8948e-600-2400\/"},"modified":"2026-04-24T13:46:25","modified_gmt":"2026-04-24T11:46:25","slug":"it8948e-600-2400","status":"publish","type":"product","link":"https:\/\/yotavis.ch\/de\/produkt\/it8948e-600-2400\/","title":{"rendered":"IT8948E-600-2400"},"content":{"rendered":"<p>Die IT8948E-600-2400 ist eine elektronische Gleichstromlast, die f\u00fcr eine maximale Spannung von 600 V und einen Strom von bis zu 2400 A ausgelegt ist und eine Leistungskapazit\u00e4t von 48 kW bietet. Dieses Modell verf\u00fcgt \u00fcber einen einzigen Ausgangskanal und unterst\u00fctzt die Fernsteuerungsfunktionalit\u00e4t, was einen flexiblen Betrieb in verschiedenen Pr\u00fcfumgebungen erm\u00f6glicht. Das Ger\u00e4t ist in einem 37U-Geh\u00e4use untergebracht und verf\u00fcgt \u00fcber mehrere Standardkommunikationsschnittstellen wie LAN, USB, RS232, GPIB, CAN und eine externe analoge Steuerschnittstelle. Diese Konnektivit\u00e4tsoptionen erleichtern die Integration mit verschiedenen Steuerungssystemen und erm\u00f6glichen ein pr\u00e4zises Management der Lastbedingungen. Die elektronische Last wird von ITECH hergestellt, einer Marke, die f\u00fcr die Herstellung zuverl\u00e4ssiger Pr\u00fcfger\u00e4te bekannt ist. Dank ihres robusten Designs und der umfassenden Schnittstellenoptionen eignet sie sich f\u00fcr Anwendungen, die eine DC-Lastpr\u00fcfung mit hoher Leistung erfordern. Die Einbeziehung von Standard-Kommunikationsanschl\u00fcssen gew\u00e4hrleistet die Kompatibilit\u00e4t mit einer breiten Palette von automatisierten Pr\u00fcfeinrichtungen und Fern\u00fcberwachungssystemen.<\/p>","protected":false},"excerpt":{"rendered":"<p>DC E-load 600V \/ 2400A \/ 48kW, 37U  (Standard LAN, USB, RS232, GPIB, CAN, external analog control interface)<\/p>","protected":false},"featured_media":12379,"comment_status":"closed","ping_status":"closed","template":"","meta":{"_acf_changed":false,"slim_seo":{"title":"IT8948E-600-2400 - YOTAVIS AG","description":"DC E-Last 600V \/ 2400A \/ 48kW, 37U (Standard LAN, USB, RS232, GPIB, CAN, externe analoge Steuerschnittstelle)"}},"product_brand":[822],"product_cat":[517,515],"product_tag":[],"class_list":{"0":"post-10949","1":"product","2":"type-product","3":"status-publish","4":"has-post-thumbnail","6":"product_brand-itech","7":"product_cat-dc-load-en","8":"product_cat-power-en","9":"pa_current-a-997","10":"pa_output-number-146","11":"pa_power-w-987","12":"pa_remote-control-yes","13":"pa_voltage-v-920","15":"first","16":"instock","17":"taxable","18":"shipping-taxable","19":"product-type-simple"},"acf":[],"_links":{"self":[{"href":"https:\/\/yotavis.ch\/de\/wp-json\/wp\/v2\/product\/10949","targetHints":{"allow":["GET"]}}],"collection":[{"href":"https:\/\/yotavis.ch\/de\/wp-json\/wp\/v2\/product"}],"about":[{"href":"https:\/\/yotavis.ch\/de\/wp-json\/wp\/v2\/types\/product"}],"replies":[{"embeddable":true,"href":"https:\/\/yotavis.ch\/de\/wp-json\/wp\/v2\/comments?post=10949"}],"wp:featuredmedia":[{"embeddable":true,"href":"https:\/\/yotavis.ch\/de\/wp-json\/wp\/v2\/media\/12379"}],"wp:attachment":[{"href":"https:\/\/yotavis.ch\/de\/wp-json\/wp\/v2\/media?parent=10949"}],"wp:term":[{"taxonomy":"product_brand","embeddable":true,"href":"https:\/\/yotavis.ch\/de\/wp-json\/wp\/v2\/product_brand?post=10949"},{"taxonomy":"product_cat","embeddable":true,"href":"https:\/\/yotavis.ch\/de\/wp-json\/wp\/v2\/product_cat?post=10949"},{"taxonomy":"product_tag","embeddable":true,"href":"https:\/\/yotavis.ch\/de\/wp-json\/wp\/v2\/product_tag?post=10949"}],"curies":[{"name":"wp","href":"https:\/\/api.w.org\/{rel}","templated":true}]}}