{"id":10950,"date":"2025-10-09T00:00:00","date_gmt":"2025-10-08T22:00:00","guid":{"rendered":"https:\/\/yotavis.ch\/product\/it8948a-1200-1920\/"},"modified":"2026-04-24T13:46:26","modified_gmt":"2026-04-24T11:46:26","slug":"it8948a-1200-1920","status":"publish","type":"product","link":"https:\/\/yotavis.ch\/de\/produkt\/it8948a-1200-1920\/","title":{"rendered":"IT8948A-1200-1920"},"content":{"rendered":"<p>Die IT8948A-1200-1920 ist eine elektronische Gleichstromlast, die f\u00fcr eine maximale Spannung von 1200 V und einen Strom von 1920 A ausgelegt ist und eine Leistungskapazit\u00e4t von 48 kW bietet. Sie verf\u00fcgt \u00fcber einen einzigen Ausgangskanal und unterst\u00fctzt eine Fernsteuerungsfunktion, die einen flexiblen Betrieb in verschiedenen Pr\u00fcfumgebungen erm\u00f6glicht. Das Ger\u00e4t ist in einem 37U-Geh\u00e4use untergebracht und verf\u00fcgt \u00fcber mehrere Standardkommunikationsschnittstellen wie LAN, USB, RS232, GPIB, CAN und eine externe analoge Steuerschnittstelle. Diese Schnittstellen erleichtern die nahtlose Integration mit anderen Ger\u00e4ten und erm\u00f6glichen eine pr\u00e4zise Steuerung und \u00dcberwachung. Die elektronische Last wird von ITECH hergestellt, einer Marke, die f\u00fcr ihre spezialisierten elektronischen Pr\u00fcfger\u00e4te bekannt ist. Dieses Modell eignet sich f\u00fcr Anwendungen, die eine hohe Verlustleistung und robuste Steuerungsm\u00f6glichkeiten erfordern. Seine umfassenden Anschlussm\u00f6glichkeiten machen es anpassungsf\u00e4hig f\u00fcr automatisierte Testaufbauten und komplexe Messsysteme.<\/p>","protected":false},"excerpt":{"rendered":"<p>DC E-load 1,200V \/ 1920A \/ 48kW, 37U  (Standard LAN, USB, RS232, GPIB, CAN, external analog control interface)<\/p>","protected":false},"featured_media":12379,"comment_status":"closed","ping_status":"closed","template":"","meta":{"_acf_changed":false,"slim_seo":{"title":"IT8948A-1200-1920 - YOTAVIS AG","description":"DC E-Last 1.200V \/ 1920A \/ 48kW, 37U (Standard LAN, USB, RS232, GPIB, CAN, externe analoge Steuerschnittstelle)"}},"product_brand":[822],"product_cat":[517,515],"product_tag":[],"class_list":{"0":"post-10950","1":"product","2":"type-product","3":"status-publish","4":"has-post-thumbnail","6":"product_brand-itech","7":"product_cat-dc-load-en","8":"product_cat-power-en","9":"pa_current-a-1002","10":"pa_output-number-146","11":"pa_power-w-987","12":"pa_remote-control-yes","13":"pa_voltage-v-922","15":"first","16":"instock","17":"taxable","18":"shipping-taxable","19":"product-type-simple"},"acf":[],"_links":{"self":[{"href":"https:\/\/yotavis.ch\/de\/wp-json\/wp\/v2\/product\/10950","targetHints":{"allow":["GET"]}}],"collection":[{"href":"https:\/\/yotavis.ch\/de\/wp-json\/wp\/v2\/product"}],"about":[{"href":"https:\/\/yotavis.ch\/de\/wp-json\/wp\/v2\/types\/product"}],"replies":[{"embeddable":true,"href":"https:\/\/yotavis.ch\/de\/wp-json\/wp\/v2\/comments?post=10950"}],"wp:featuredmedia":[{"embeddable":true,"href":"https:\/\/yotavis.ch\/de\/wp-json\/wp\/v2\/media\/12379"}],"wp:attachment":[{"href":"https:\/\/yotavis.ch\/de\/wp-json\/wp\/v2\/media?parent=10950"}],"wp:term":[{"taxonomy":"product_brand","embeddable":true,"href":"https:\/\/yotavis.ch\/de\/wp-json\/wp\/v2\/product_brand?post=10950"},{"taxonomy":"product_cat","embeddable":true,"href":"https:\/\/yotavis.ch\/de\/wp-json\/wp\/v2\/product_cat?post=10950"},{"taxonomy":"product_tag","embeddable":true,"href":"https:\/\/yotavis.ch\/de\/wp-json\/wp\/v2\/product_tag?post=10950"}],"curies":[{"name":"wp","href":"https:\/\/api.w.org\/{rel}","templated":true}]}}