{"id":10958,"date":"2025-10-09T00:00:00","date_gmt":"2025-10-08T22:00:00","guid":{"rendered":"https:\/\/yotavis.ch\/product\/it8912e\/"},"modified":"2026-03-02T16:34:13","modified_gmt":"2026-03-02T15:34:13","slug":"it8912e","status":"publish","type":"product","link":"https:\/\/yotavis.ch\/de\/produkt\/it8912e\/","title":{"rendered":"IT8912E"},"content":{"rendered":"<p>Die IT8912E ist eine elektronische Gleichstromlast, die f\u00fcr eine maximale Spannung von 500 Volt und einen Strom von bis zu 15 Ampere ausgelegt ist und eine Leistung von 300 Watt hat. Sie verf\u00fcgt \u00fcber einen einzigen Ausgangskanal, der einen unkomplizierten Anschluss und Betrieb erm\u00f6glicht. Das Ger\u00e4t ist fernbedienbar, so dass der Benutzer es bequem und flexibel aus der Ferne bedienen kann. Der IT8912E ist mit standardm\u00e4\u00dfigen RS232- und USB-Schnittstellen ausgestattet, die die Kommunikation und Steuerung \u00fcber g\u00e4ngige Verbindungsprotokolle erm\u00f6glichen. Sein Design eignet sich f\u00fcr Anwendungen, die eine pr\u00e4zise DC-Lastpr\u00fcfung innerhalb der angegebenen Spannungs- und Strombereiche erfordern. Die Kombination dieser Merkmale macht das IT8912E zu einem vielseitigen Werkzeug f\u00fcr verschiedene elektronische Pr\u00fcfszenarien.<\/p>","protected":false},"excerpt":{"rendered":"<p>DC E-Last 500V\/15A\/300W DC E-Last (Standard RS232\/USB)<\/p>","protected":false},"featured_media":11944,"comment_status":"closed","ping_status":"closed","template":"","meta":{"_acf_changed":false,"slim_seo":{"title":"IT8912E - YOTAVIS AG","description":"DC E-Last 500V\/15A\/300W DC E-Last (Standard RS232\/USB)"}},"product_brand":[822],"product_cat":[517,515],"product_tag":[],"class_list":{"0":"post-10958","1":"product","2":"type-product","3":"status-publish","4":"has-post-thumbnail","6":"product_brand-itech","7":"product_cat-dc-load-en","8":"product_cat-power-en","9":"pa_current-a-410","10":"pa_output-number-146","11":"pa_power-w-416","12":"pa_remote-control-yes","13":"pa_voltage-v-604","15":"first","16":"instock","17":"taxable","18":"shipping-taxable","19":"product-type-simple"},"acf":[],"_links":{"self":[{"href":"https:\/\/yotavis.ch\/de\/wp-json\/wp\/v2\/product\/10958","targetHints":{"allow":["GET"]}}],"collection":[{"href":"https:\/\/yotavis.ch\/de\/wp-json\/wp\/v2\/product"}],"about":[{"href":"https:\/\/yotavis.ch\/de\/wp-json\/wp\/v2\/types\/product"}],"replies":[{"embeddable":true,"href":"https:\/\/yotavis.ch\/de\/wp-json\/wp\/v2\/comments?post=10958"}],"wp:featuredmedia":[{"embeddable":true,"href":"https:\/\/yotavis.ch\/de\/wp-json\/wp\/v2\/media\/11944"}],"wp:attachment":[{"href":"https:\/\/yotavis.ch\/de\/wp-json\/wp\/v2\/media?parent=10958"}],"wp:term":[{"taxonomy":"product_brand","embeddable":true,"href":"https:\/\/yotavis.ch\/de\/wp-json\/wp\/v2\/product_brand?post=10958"},{"taxonomy":"product_cat","embeddable":true,"href":"https:\/\/yotavis.ch\/de\/wp-json\/wp\/v2\/product_cat?post=10958"},{"taxonomy":"product_tag","embeddable":true,"href":"https:\/\/yotavis.ch\/de\/wp-json\/wp\/v2\/product_tag?post=10958"}],"curies":[{"name":"wp","href":"https:\/\/api.w.org\/{rel}","templated":true}]}}