{"id":10973,"date":"2025-10-09T00:00:00","date_gmt":"2025-10-08T22:00:00","guid":{"rendered":"https:\/\/yotavis.ch\/product\/it7626\/"},"modified":"2026-04-24T13:46:41","modified_gmt":"2026-04-24T11:46:41","slug":"it7626","status":"publish","type":"product","link":"https:\/\/yotavis.ch\/de\/produkt\/it7626\/","title":{"rendered":"IT7626"},"content":{"rendered":"<p>Das IT7626 ist ein Wechselstromnetzteil mit einem einphasigen Ausgang, das bis zu 300 Volt und 24 Ampere liefert, mit einer maximalen Leistung von 3000 VA. Es verf\u00fcgt \u00fcber einen 6U-Formfaktor und unterst\u00fctzt einen Frequenzbereich von 10 Hz bis 5 kHz, mit einer maximalen Frequenz von 5000 Hz. Das Ger\u00e4t verf\u00fcgt \u00fcber mehrere Standard-Kommunikationsschnittstellen wie RS232, LAN, USB und CAN sowie einen USB-Anschluss an der Vorderseite f\u00fcr bequeme Konnektivit\u00e4t. Die Fernsteuerungsfunktionalit\u00e4t wird unterst\u00fctzt und erm\u00f6glicht einen flexiblen Betrieb und die Integration in verschiedene Testumgebungen. Das Netzteil ist so konzipiert, dass es einen stabilen und zuverl\u00e4ssigen Ausgang liefert und sich f\u00fcr Anwendungen eignet, die eine pr\u00e4zise AC-Stromversorgung erfordern. Die umfassenden Schnittstellenoptionen erleichtern die Integration mit anderen Ger\u00e4ten und Kontrollsystemen. Das von ITECH hergestellte IT7626 kombiniert robuste elektrische Spezifikationen mit vielseitigen Anschlussm\u00f6glichkeiten, um die unterschiedlichsten Pr\u00fcf- und Betriebsanforderungen zu erf\u00fcllen.<\/p>","protected":false},"excerpt":{"rendered":"<p>AC-Netzteil 300V\/24A\/3000VA, 1\u03c6 , 6U; Standard RS232\/ LAN\/ USB\/ CAN und USB-Anschluss an der Frontplatte; 10-5kHz<\/p>","protected":false},"featured_media":11957,"comment_status":"closed","ping_status":"closed","template":"","meta":{"_acf_changed":false,"slim_seo":{"title":"IT7626 - YOTAVIS AG","description":"AC-Netzteil 300V\/24A\/3000VA, 1\u03c6 , 6U; Standard RS232\/ LAN\/ USB\/ CAN und USB-Anschluss an der Frontplatte; 10-5kHz"}},"product_brand":[822],"product_cat":[609,515],"product_tag":[],"class_list":{"0":"post-10973","1":"product","2":"type-product","3":"status-publish","4":"has-post-thumbnail","6":"product_brand-itech","7":"product_cat-ac-source-en","8":"product_cat-power-en","9":"pa_current-a-584","10":"pa_max-frequency-hz-1022","11":"pa_output-number-146","12":"pa_power-w-632","13":"pa_remote-control-yes","14":"pa_voltage-v-624","16":"first","17":"instock","18":"taxable","19":"shipping-taxable","20":"product-type-simple"},"acf":[],"_links":{"self":[{"href":"https:\/\/yotavis.ch\/de\/wp-json\/wp\/v2\/product\/10973","targetHints":{"allow":["GET"]}}],"collection":[{"href":"https:\/\/yotavis.ch\/de\/wp-json\/wp\/v2\/product"}],"about":[{"href":"https:\/\/yotavis.ch\/de\/wp-json\/wp\/v2\/types\/product"}],"replies":[{"embeddable":true,"href":"https:\/\/yotavis.ch\/de\/wp-json\/wp\/v2\/comments?post=10973"}],"wp:featuredmedia":[{"embeddable":true,"href":"https:\/\/yotavis.ch\/de\/wp-json\/wp\/v2\/media\/11957"}],"wp:attachment":[{"href":"https:\/\/yotavis.ch\/de\/wp-json\/wp\/v2\/media?parent=10973"}],"wp:term":[{"taxonomy":"product_brand","embeddable":true,"href":"https:\/\/yotavis.ch\/de\/wp-json\/wp\/v2\/product_brand?post=10973"},{"taxonomy":"product_cat","embeddable":true,"href":"https:\/\/yotavis.ch\/de\/wp-json\/wp\/v2\/product_cat?post=10973"},{"taxonomy":"product_tag","embeddable":true,"href":"https:\/\/yotavis.ch\/de\/wp-json\/wp\/v2\/product_tag?post=10973"}],"curies":[{"name":"wp","href":"https:\/\/api.w.org\/{rel}","templated":true}]}}