{"id":10981,"date":"2025-10-09T00:00:00","date_gmt":"2025-10-08T22:00:00","guid":{"rendered":"https:\/\/yotavis.ch\/product\/it7806-350-90\/"},"modified":"2026-04-24T13:46:44","modified_gmt":"2026-04-24T11:46:44","slug":"it7806-350-90","status":"publish","type":"product","link":"https:\/\/yotavis.ch\/de\/produkt\/it7806-350-90\/","title":{"rendered":"IT7806-350-90"},"content":{"rendered":"<p>Das ITECH IT7806-350-90 ist ein Netzger\u00e4t, das 350 Volt von Netz zu Null mit einem maximalen Strom von 90 Ampere liefert. Es unterst\u00fctzt sowohl einphasige als auch dreiphasige AC\/DC-Stromkonfigurationen und bietet eine Ausgangsleistung von 6kVA oder 6000 Watt. Das Ger\u00e4t ist kompakt mit einer Gr\u00f6\u00dfe von 3U, wodurch es sich f\u00fcr verschiedene Installationsumgebungen eignet. Es verf\u00fcgt \u00fcber einen einzigen Ausgangskanal und bietet eine Fernsteuerungsfunktion f\u00fcr einen bequemen Betrieb. Die maximale Frequenz, die von diesem Netzteil unterst\u00fctzt wird, betr\u00e4gt 2400 Hz, so dass es f\u00fcr eine Reihe von Anwendungen geeignet ist, die eine variable Frequenzleistung erfordern. Dieses Modell ist Teil der Marke ITECH, die f\u00fcr ihre Pr\u00e4zision und Zuverl\u00e4ssigkeit bei Stromversorgungsl\u00f6sungen bekannt ist.<\/p>","protected":false},"excerpt":{"rendered":"<p>350V L-N, 90Arms, 6kVA, 1\u03c6 oder 3\u03c6 AC\/DC-Netzteil, 3U Gr\u00f6\u00dfe<\/p>","protected":false},"featured_media":11974,"comment_status":"closed","ping_status":"closed","template":"","meta":{"_acf_changed":false,"slim_seo":{"title":"IT7806-350-90 - YOTAVIS AG","description":"350V L-N, 90Arms, 6kVA, 1\u03c6 oder 3\u03c6 AC\/DC-Netzteil, 3U Gr\u00f6\u00dfe"}},"product_brand":[822],"product_cat":[625,515],"product_tag":[],"class_list":{"0":"post-10981","1":"product","2":"type-product","3":"status-publish","4":"has-post-thumbnail","6":"product_brand-itech","7":"product_cat-ac-dc-source-en","8":"product_cat-power-en","9":"pa_current-a-408","10":"pa_max-frequency-hz-1040","11":"pa_output-number-146","12":"pa_power-w-626","13":"pa_remote-control-yes","14":"pa_voltage-v-601","16":"first","17":"instock","18":"taxable","19":"shipping-taxable","20":"product-type-simple"},"acf":[],"_links":{"self":[{"href":"https:\/\/yotavis.ch\/de\/wp-json\/wp\/v2\/product\/10981","targetHints":{"allow":["GET"]}}],"collection":[{"href":"https:\/\/yotavis.ch\/de\/wp-json\/wp\/v2\/product"}],"about":[{"href":"https:\/\/yotavis.ch\/de\/wp-json\/wp\/v2\/types\/product"}],"replies":[{"embeddable":true,"href":"https:\/\/yotavis.ch\/de\/wp-json\/wp\/v2\/comments?post=10981"}],"wp:featuredmedia":[{"embeddable":true,"href":"https:\/\/yotavis.ch\/de\/wp-json\/wp\/v2\/media\/11974"}],"wp:attachment":[{"href":"https:\/\/yotavis.ch\/de\/wp-json\/wp\/v2\/media?parent=10981"}],"wp:term":[{"taxonomy":"product_brand","embeddable":true,"href":"https:\/\/yotavis.ch\/de\/wp-json\/wp\/v2\/product_brand?post=10981"},{"taxonomy":"product_cat","embeddable":true,"href":"https:\/\/yotavis.ch\/de\/wp-json\/wp\/v2\/product_cat?post=10981"},{"taxonomy":"product_tag","embeddable":true,"href":"https:\/\/yotavis.ch\/de\/wp-json\/wp\/v2\/product_tag?post=10981"}],"curies":[{"name":"wp","href":"https:\/\/api.w.org\/{rel}","templated":true}]}}