{"id":10986,"date":"2025-10-09T00:00:00","date_gmt":"2025-10-08T22:00:00","guid":{"rendered":"https:\/\/yotavis.ch\/product\/it7905-350-30u\/"},"modified":"2026-04-24T13:46:49","modified_gmt":"2026-04-24T11:46:49","slug":"it7905-350-30u","status":"publish","type":"product","link":"https:\/\/yotavis.ch\/de\/produkt\/it7905-350-30u\/","title":{"rendered":"IT7905-350-30U"},"content":{"rendered":"<p>Der ITECH IT7905-350-30U ist ein AC-Netzsimulator, der f\u00fcr eine Spannung von 350 V und einen Strom von 30 A ausgelegt ist und eine Ausgangsleistung von 5000 Watt oder 5 kVA liefert. Er verf\u00fcgt \u00fcber einen einzigen Ausgangskanal und ist in einem 3U-Geh\u00e4use untergebracht, wodurch er sich f\u00fcr die Integration in Standardger\u00e4te-Racks eignet. Das Ger\u00e4t unterst\u00fctzt Fernsteuerungsfunktionen, die eine bequeme Bedienung und \u00dcberwachung aus der Ferne erm\u00f6glichen. Es kann mit einer maximalen Frequenz von 150 Hz betrieben werden und bietet damit Flexibilit\u00e4t f\u00fcr verschiedene Test- und Simulationsszenarien. Dieses Modell wurde entwickelt, um AC-Netzbedingungen genau zu simulieren, was es f\u00fcr Anwendungen n\u00fctzlich macht, die eine pr\u00e4zise Spannungs- und Stromregelung erfordern. Die Kombination aus Nennleistung und Frequenzbereich macht es anpassungsf\u00e4hig f\u00fcr eine Reihe von elektrischen Pr\u00fcfumgebungen. Sein Design legt den Schwerpunkt auf Funktionalit\u00e4t und Integration in bestehende Systeme ohne zus\u00e4tzliche Funktionen wie Touchscreens oder mehrere Kan\u00e4le.<\/p>","protected":false},"excerpt":{"rendered":"<p>350V\/30A\/5kVA, AC-Netzsimulator, Gr\u00f6\u00dfe 3U<\/p>","protected":false},"featured_media":11980,"comment_status":"closed","ping_status":"closed","template":"","meta":{"_acf_changed":false,"slim_seo":{"title":"IT7905-350-30U - YOTAVIS AG","description":"350V\/30A\/5kVA, AC-Netzsimulator, Gr\u00f6\u00dfe 3U"}},"product_brand":[822],"product_cat":[515],"product_tag":[],"class_list":{"0":"post-10986","1":"product","2":"type-product","3":"status-publish","4":"has-post-thumbnail","6":"product_brand-itech","7":"product_cat-power-en","8":"pa_current-a-404","9":"pa_max-frequency-hz-1041","10":"pa_output-number-146","11":"pa_power-w-942","12":"pa_remote-control-yes","13":"pa_voltage-v-601","15":"first","16":"instock","17":"taxable","18":"shipping-taxable","19":"product-type-simple"},"acf":[],"_links":{"self":[{"href":"https:\/\/yotavis.ch\/de\/wp-json\/wp\/v2\/product\/10986","targetHints":{"allow":["GET"]}}],"collection":[{"href":"https:\/\/yotavis.ch\/de\/wp-json\/wp\/v2\/product"}],"about":[{"href":"https:\/\/yotavis.ch\/de\/wp-json\/wp\/v2\/types\/product"}],"replies":[{"embeddable":true,"href":"https:\/\/yotavis.ch\/de\/wp-json\/wp\/v2\/comments?post=10986"}],"wp:featuredmedia":[{"embeddable":true,"href":"https:\/\/yotavis.ch\/de\/wp-json\/wp\/v2\/media\/11980"}],"wp:attachment":[{"href":"https:\/\/yotavis.ch\/de\/wp-json\/wp\/v2\/media?parent=10986"}],"wp:term":[{"taxonomy":"product_brand","embeddable":true,"href":"https:\/\/yotavis.ch\/de\/wp-json\/wp\/v2\/product_brand?post=10986"},{"taxonomy":"product_cat","embeddable":true,"href":"https:\/\/yotavis.ch\/de\/wp-json\/wp\/v2\/product_cat?post=10986"},{"taxonomy":"product_tag","embeddable":true,"href":"https:\/\/yotavis.ch\/de\/wp-json\/wp\/v2\/product_tag?post=10986"}],"curies":[{"name":"wp","href":"https:\/\/api.w.org\/{rel}","templated":true}]}}