{"id":10990,"date":"2025-10-09T00:00:00","date_gmt":"2025-10-08T22:00:00","guid":{"rendered":"https:\/\/yotavis.ch\/product\/it7915-350-90\/"},"modified":"2026-04-24T13:46:50","modified_gmt":"2026-04-24T11:46:50","slug":"it7915-350-90","status":"publish","type":"product","link":"https:\/\/yotavis.ch\/de\/produkt\/it7915-350-90\/","title":{"rendered":"IT7915-350-90"},"content":{"rendered":"<p>Der ITECH IT7915-350-90 ist ein AC-Netzsimulator mit einer Leistung von 15.000 Watt, der mit einer Spannung von 350 Volt und einem Strom von 90 Ampere arbeitet. Diese Master-Einheit hat einen Formfaktor von 3U, wodurch sie sich f\u00fcr die Integration in verschiedene Setups eignet. Es verf\u00fcgt \u00fcber einen einzigen Ausgangskanal und unterst\u00fctzt eine Fernsteuerungsfunktion, die einen bequemen Betrieb aus der Ferne erm\u00f6glicht. Das Ger\u00e4t kann mit einer maximalen Frequenz von 150 Hz betrieben werden und eignet sich damit f\u00fcr eine Reihe von Test- und Simulationsanforderungen. Mit seinen robusten Spezifikationen ist das IT7915-350-90 so konzipiert, dass es in Anwendungen, die eine pr\u00e4zise AC-Netzsimulation erfordern, eine zuverl\u00e4ssige Leistung liefert. Die Kombination aus hoher Ausgangsleistung und Fernsteuerungsm\u00f6glichkeit macht ihn zu einem vielseitigen Werkzeug f\u00fcr Fachleute, die mit elektrischen Netzen und verwandten Systemen arbeiten.<\/p>","protected":false},"excerpt":{"rendered":"<p>350V\/90A\/15kVA, AC-Netzsimulator, Gr\u00f6\u00dfe 3U, Hauptger\u00e4t<\/p>","protected":false},"featured_media":11980,"comment_status":"closed","ping_status":"closed","template":"","meta":{"_acf_changed":false,"slim_seo":{"title":"IT7915-350-90 - YOTAVIS AG","description":"350V\/90A\/15kVA, AC-Netzsimulator, Gr\u00f6\u00dfe 3U, Hauptger\u00e4t"}},"product_brand":[822],"product_cat":[515],"product_tag":[],"class_list":{"0":"post-10990","1":"product","2":"type-product","3":"status-publish","4":"has-post-thumbnail","6":"product_brand-itech","7":"product_cat-power-en","8":"pa_current-a-408","9":"pa_max-frequency-hz-1041","10":"pa_output-number-146","11":"pa_power-w-941","12":"pa_remote-control-yes","13":"pa_voltage-v-601","15":"first","16":"instock","17":"taxable","18":"shipping-taxable","19":"product-type-simple"},"acf":[],"_links":{"self":[{"href":"https:\/\/yotavis.ch\/de\/wp-json\/wp\/v2\/product\/10990","targetHints":{"allow":["GET"]}}],"collection":[{"href":"https:\/\/yotavis.ch\/de\/wp-json\/wp\/v2\/product"}],"about":[{"href":"https:\/\/yotavis.ch\/de\/wp-json\/wp\/v2\/types\/product"}],"replies":[{"embeddable":true,"href":"https:\/\/yotavis.ch\/de\/wp-json\/wp\/v2\/comments?post=10990"}],"wp:featuredmedia":[{"embeddable":true,"href":"https:\/\/yotavis.ch\/de\/wp-json\/wp\/v2\/media\/11980"}],"wp:attachment":[{"href":"https:\/\/yotavis.ch\/de\/wp-json\/wp\/v2\/media?parent=10990"}],"wp:term":[{"taxonomy":"product_brand","embeddable":true,"href":"https:\/\/yotavis.ch\/de\/wp-json\/wp\/v2\/product_brand?post=10990"},{"taxonomy":"product_cat","embeddable":true,"href":"https:\/\/yotavis.ch\/de\/wp-json\/wp\/v2\/product_cat?post=10990"},{"taxonomy":"product_tag","embeddable":true,"href":"https:\/\/yotavis.ch\/de\/wp-json\/wp\/v2\/product_tag?post=10990"}],"curies":[{"name":"wp","href":"https:\/\/api.w.org\/{rel}","templated":true}]}}