{"id":10992,"date":"2025-10-09T00:00:00","date_gmt":"2025-10-08T22:00:00","guid":{"rendered":"https:\/\/yotavis.ch\/product\/it7905p-350-30u\/"},"modified":"2026-04-24T13:46:51","modified_gmt":"2026-04-24T11:46:51","slug":"it7905p-350-30u","status":"publish","type":"product","link":"https:\/\/yotavis.ch\/de\/produkt\/it7905p-350-30u\/","title":{"rendered":"IT7905P-350-30U"},"content":{"rendered":"<p>Der ITECH IT7905P-350-30U ist ein hochleistungsf\u00e4higer regenerativer Netzsimulator f\u00fcr einphasige Anwendungen. Er arbeitet mit einer Spannung von 350 V zwischen Netz und Nullleiter und unterst\u00fctzt einen Strom von bis zu 90 A und liefert eine Ausgangsleistung von 5000 W oder 5 kVA. Das Ger\u00e4t verf\u00fcgt \u00fcber ein 3U-Geh\u00e4use, das sich f\u00fcr die Rack-Montage in verschiedenen Testumgebungen eignet. Er bietet eine maximale Frequenz von 150 Hz, was eine vielseitige Simulation von Netzbedingungen erm\u00f6glicht. Der Simulator verf\u00fcgt \u00fcber einen Ausgangskanal und unterst\u00fctzt die Fernsteuerungsfunktionalit\u00e4t, was eine bequeme Bedienung und Integration in automatisierte Pr\u00fcfsysteme erm\u00f6glicht. Dieses Modell wurde entwickelt, um eine zuverl\u00e4ssige und pr\u00e4zise Netzsimulation f\u00fcr Pr\u00fcf- und Entwicklungszwecke zu erm\u00f6glichen.<\/p>","protected":false},"excerpt":{"rendered":"<p>350V L-N, 30Arms, 5kVA, Hochleistungs-Regenerationsnetzsimulator, 1\u03c6, 3U Gr\u00f6\u00dfe<\/p>","protected":false},"featured_media":11984,"comment_status":"closed","ping_status":"closed","template":"","meta":{"_acf_changed":false,"slim_seo":{"title":"IT7905P-350-30U - YOTAVIS AG","description":"350V L-N, 30Arms, 5kVA, Hochleistungs-Regenerationsnetzsimulator, 1\u03c6, 3U Gr\u00f6\u00dfe"}},"product_brand":[822],"product_cat":[515],"product_tag":[],"class_list":{"0":"post-10992","1":"product","2":"type-product","3":"status-publish","4":"has-post-thumbnail","6":"product_brand-itech","7":"product_cat-power-en","8":"pa_current-a-408","9":"pa_max-frequency-hz-1041","10":"pa_output-number-146","11":"pa_power-w-942","12":"pa_remote-control-yes","13":"pa_voltage-v-601","15":"first","16":"instock","17":"taxable","18":"shipping-taxable","19":"product-type-simple"},"acf":[],"_links":{"self":[{"href":"https:\/\/yotavis.ch\/de\/wp-json\/wp\/v2\/product\/10992","targetHints":{"allow":["GET"]}}],"collection":[{"href":"https:\/\/yotavis.ch\/de\/wp-json\/wp\/v2\/product"}],"about":[{"href":"https:\/\/yotavis.ch\/de\/wp-json\/wp\/v2\/types\/product"}],"replies":[{"embeddable":true,"href":"https:\/\/yotavis.ch\/de\/wp-json\/wp\/v2\/comments?post=10992"}],"wp:featuredmedia":[{"embeddable":true,"href":"https:\/\/yotavis.ch\/de\/wp-json\/wp\/v2\/media\/11984"}],"wp:attachment":[{"href":"https:\/\/yotavis.ch\/de\/wp-json\/wp\/v2\/media?parent=10992"}],"wp:term":[{"taxonomy":"product_brand","embeddable":true,"href":"https:\/\/yotavis.ch\/de\/wp-json\/wp\/v2\/product_brand?post=10992"},{"taxonomy":"product_cat","embeddable":true,"href":"https:\/\/yotavis.ch\/de\/wp-json\/wp\/v2\/product_cat?post=10992"},{"taxonomy":"product_tag","embeddable":true,"href":"https:\/\/yotavis.ch\/de\/wp-json\/wp\/v2\/product_tag?post=10992"}],"curies":[{"name":"wp","href":"https:\/\/api.w.org\/{rel}","templated":true}]}}