{"id":10993,"date":"2025-10-09T00:00:00","date_gmt":"2025-10-08T22:00:00","guid":{"rendered":"https:\/\/yotavis.ch\/product\/it7906p-350-30\/"},"modified":"2026-04-24T13:46:51","modified_gmt":"2026-04-24T11:46:51","slug":"it7906p-350-30","status":"publish","type":"product","link":"https:\/\/yotavis.ch\/de\/produkt\/it7906p-350-30\/","title":{"rendered":"IT7906P-350-30"},"content":{"rendered":"<p>Der ITECH IT7906P-350-30 ist ein hochleistungsf\u00e4higer regenerativer Netzsimulator, der f\u00fcr den Betrieb bei 350 Volt zwischen Netz und Nullleiter mit einer Stromkapazit\u00e4t von 30 Ampere und einer Nennleistung von 6 kVA ausgelegt ist. Er unterst\u00fctzt sowohl einphasige als auch dreiphasige Konfigurationen und ist damit vielseitig f\u00fcr verschiedene Pr\u00fcfumgebungen einsetzbar. Das Ger\u00e4t ist kompakt und in einem 3U-Geh\u00e4use untergebracht, was eine einfache Integration in bestehende Anlagen erm\u00f6glicht. Er verf\u00fcgt \u00fcber eine maximale Frequenz von 150 Hz und kann somit eine Vielzahl von Netzbedingungen pr\u00e4zise simulieren. Der Simulator verf\u00fcgt \u00fcber eine Fernsteuerungsfunktion, die es dem Benutzer erm\u00f6glicht, ihn bequem aus der Ferne zu bedienen. Mit einem einzigen Ausgangskanal bietet er eine gezielte und pr\u00e4zise Leistungsabgabe f\u00fcr Testanwendungen. Dieses Modell wurde entwickelt, um die Anforderungen komplexer Netzsimulationsaufgaben zu erf\u00fcllen, und bietet zuverl\u00e4ssige Leistung in einem kompakten Formfaktor.<\/p>","protected":false},"excerpt":{"rendered":"<p>350V L-N, 30Arms, 6kVA, Hochleistungs-Regenerationsnetzsimulator, 1\u03c6 oder 3\u03c6, 3U Gr\u00f6\u00dfe<\/p>","protected":false},"featured_media":11984,"comment_status":"closed","ping_status":"closed","template":"","meta":{"_acf_changed":false,"slim_seo":{"title":"IT7906P-350-30 - YOTAVIS AG","description":"350V L-N, 30Arms, 6kVA, Hochleistungs-Regenerationsnetzsimulator, 1\u03c6 oder 3\u03c6, 3U Gr\u00f6\u00dfe"}},"product_brand":[822],"product_cat":[515],"product_tag":[],"class_list":{"0":"post-10993","1":"product","2":"type-product","3":"status-publish","4":"has-post-thumbnail","6":"product_brand-itech","7":"product_cat-power-en","8":"pa_current-a-404","9":"pa_max-frequency-hz-1041","10":"pa_output-number-146","11":"pa_power-w-626","12":"pa_remote-control-yes","13":"pa_voltage-v-601","15":"first","16":"instock","17":"taxable","18":"shipping-taxable","19":"product-type-simple"},"acf":[],"_links":{"self":[{"href":"https:\/\/yotavis.ch\/de\/wp-json\/wp\/v2\/product\/10993","targetHints":{"allow":["GET"]}}],"collection":[{"href":"https:\/\/yotavis.ch\/de\/wp-json\/wp\/v2\/product"}],"about":[{"href":"https:\/\/yotavis.ch\/de\/wp-json\/wp\/v2\/types\/product"}],"replies":[{"embeddable":true,"href":"https:\/\/yotavis.ch\/de\/wp-json\/wp\/v2\/comments?post=10993"}],"wp:featuredmedia":[{"embeddable":true,"href":"https:\/\/yotavis.ch\/de\/wp-json\/wp\/v2\/media\/11984"}],"wp:attachment":[{"href":"https:\/\/yotavis.ch\/de\/wp-json\/wp\/v2\/media?parent=10993"}],"wp:term":[{"taxonomy":"product_brand","embeddable":true,"href":"https:\/\/yotavis.ch\/de\/wp-json\/wp\/v2\/product_brand?post=10993"},{"taxonomy":"product_cat","embeddable":true,"href":"https:\/\/yotavis.ch\/de\/wp-json\/wp\/v2\/product_cat?post=10993"},{"taxonomy":"product_tag","embeddable":true,"href":"https:\/\/yotavis.ch\/de\/wp-json\/wp\/v2\/product_tag?post=10993"}],"curies":[{"name":"wp","href":"https:\/\/api.w.org\/{rel}","templated":true}]}}