{"id":10994,"date":"2025-10-09T00:00:00","date_gmt":"2025-10-08T22:00:00","guid":{"rendered":"https:\/\/yotavis.ch\/product\/it7906p-350-90\/"},"modified":"2026-04-24T13:46:51","modified_gmt":"2026-04-24T11:46:51","slug":"it7906p-350-90","status":"publish","type":"product","link":"https:\/\/yotavis.ch\/de\/produkt\/it7906p-350-90\/","title":{"rendered":"IT7906P-350-90"},"content":{"rendered":"<p>Der IT7906P-350-90 von ITECH ist ein hochleistungsf\u00e4higer regenerativer Netzsimulator, der f\u00fcr den Betrieb bei 350 Volt zwischen Netz und Nullleiter mit einer Stromkapazit\u00e4t von 90 Ampere ausgelegt ist. Er liefert eine Ausgangsleistung von 6000 Watt, was 6 kVA entspricht, und unterst\u00fctzt sowohl einphasige als auch dreiphasige Konfigurationen in einem kompakten 3U-Geh\u00e4use. Das Ger\u00e4t verf\u00fcgt \u00fcber eine maximale Frequenz von 150 Hz, so dass es eine Vielzahl von Netzbedingungen simulieren kann. Er verf\u00fcgt \u00fcber einen Ausgangskanal und bietet Fernsteuerungsfunktionen f\u00fcr einen bequemen Betrieb. Der Simulator ist f\u00fcr eine zuverl\u00e4ssige und pr\u00e4zise Leistung in verschiedenen Testumgebungen ausgelegt und eignet sich daher f\u00fcr Anwendungen, die eine genaue Netzsimulation erfordern. Sein Design ist auf Vielseitigkeit und Effizienz ausgelegt, so dass sich verschiedene Pr\u00fcfszenarien problemlos realisieren lassen.<\/p>","protected":false},"excerpt":{"rendered":"<p>350V L-N, 90Arms, 6kVA, Hochleistungs-Regenerationsnetzsimulator, 1\u03c6 oder 3\u03c6, 3U Gr\u00f6\u00dfe<\/p>","protected":false},"featured_media":11984,"comment_status":"closed","ping_status":"closed","template":"","meta":{"_acf_changed":false,"slim_seo":{"title":"IT7906P-350-90 - YOTAVIS AG","description":"350V L-N, 90Arms, 6kVA, Hochleistungs-Regenerationsnetzsimulator, 1\u03c6 oder 3\u03c6, 3U Gr\u00f6\u00dfe"}},"product_brand":[822],"product_cat":[515],"product_tag":[],"class_list":{"0":"post-10994","1":"product","2":"type-product","3":"status-publish","4":"has-post-thumbnail","6":"product_brand-itech","7":"product_cat-power-en","8":"pa_current-a-408","9":"pa_max-frequency-hz-1041","10":"pa_output-number-146","11":"pa_power-w-626","12":"pa_remote-control-yes","13":"pa_voltage-v-601","15":"first","16":"instock","17":"taxable","18":"shipping-taxable","19":"product-type-simple"},"acf":[],"_links":{"self":[{"href":"https:\/\/yotavis.ch\/de\/wp-json\/wp\/v2\/product\/10994","targetHints":{"allow":["GET"]}}],"collection":[{"href":"https:\/\/yotavis.ch\/de\/wp-json\/wp\/v2\/product"}],"about":[{"href":"https:\/\/yotavis.ch\/de\/wp-json\/wp\/v2\/types\/product"}],"replies":[{"embeddable":true,"href":"https:\/\/yotavis.ch\/de\/wp-json\/wp\/v2\/comments?post=10994"}],"wp:featuredmedia":[{"embeddable":true,"href":"https:\/\/yotavis.ch\/de\/wp-json\/wp\/v2\/media\/11984"}],"wp:attachment":[{"href":"https:\/\/yotavis.ch\/de\/wp-json\/wp\/v2\/media?parent=10994"}],"wp:term":[{"taxonomy":"product_brand","embeddable":true,"href":"https:\/\/yotavis.ch\/de\/wp-json\/wp\/v2\/product_brand?post=10994"},{"taxonomy":"product_cat","embeddable":true,"href":"https:\/\/yotavis.ch\/de\/wp-json\/wp\/v2\/product_cat?post=10994"},{"taxonomy":"product_tag","embeddable":true,"href":"https:\/\/yotavis.ch\/de\/wp-json\/wp\/v2\/product_tag?post=10994"}],"curies":[{"name":"wp","href":"https:\/\/api.w.org\/{rel}","templated":true}]}}