{"id":10995,"date":"2025-10-09T00:00:00","date_gmt":"2025-10-08T22:00:00","guid":{"rendered":"https:\/\/yotavis.ch\/product\/it7909p-350-90\/"},"modified":"2026-04-24T13:46:52","modified_gmt":"2026-04-24T11:46:52","slug":"it7909p-350-90","status":"publish","type":"product","link":"https:\/\/yotavis.ch\/de\/produkt\/it7909p-350-90\/","title":{"rendered":"IT7909P-350-90"},"content":{"rendered":"<p>Der IT7909P-350-90 von ITECH ist ein hochleistungsf\u00e4higer regenerativer Netzsimulator, der f\u00fcr den Betrieb bei 350 Volt zwischen Netz und Nullleiter mit einer Stromkapazit\u00e4t von 90 Ampere ausgelegt ist. Er liefert eine Ausgangsleistung von 9.000 Watt und ist damit f\u00fcr verschiedene Pr\u00fcfanwendungen geeignet. Dieses Ger\u00e4t unterst\u00fctzt sowohl einphasige als auch dreiphasige Konfigurationen und ist in einem kompakten 3U-Geh\u00e4use untergebracht. Er verf\u00fcgt \u00fcber eine maximale Frequenz von 150 Hz und erm\u00f6glicht so vielseitige Frequenztestszenarien. Der Simulator verf\u00fcgt \u00fcber einen Ausgangskanal und bietet Fernsteuerungsfunktionen f\u00fcr eine komfortable Bedienung. Sein Design betont die Pr\u00e4zision und Anpassungsf\u00e4higkeit bei Netzsimulationsaufgaben, ohne dass zus\u00e4tzliche Schnittstellen- oder Sensorspezifikationen vorgesehen sind.<\/p>","protected":false},"excerpt":{"rendered":"<p>350V L-N, 90Arms, 9kVA, Hochleistungs-Regenerationsnetzsimulator, 1\u03c6 oder 3\u03c6, 3U Gr\u00f6\u00dfe<\/p>","protected":false},"featured_media":11984,"comment_status":"closed","ping_status":"closed","template":"","meta":{"_acf_changed":false,"slim_seo":{"title":"IT7909P-350-90 - YOTAVIS AG","description":"350V L-N, 90Arms, 9kVA, Hochleistungs-Regenerationsnetzsimulator, 1\u03c6 oder 3\u03c6, 3U Gr\u00f6\u00dfe"}},"product_brand":[822],"product_cat":[515],"product_tag":[],"class_list":{"0":"post-10995","1":"product","2":"type-product","3":"status-publish","4":"has-post-thumbnail","6":"product_brand-itech","7":"product_cat-power-en","8":"pa_current-a-408","9":"pa_max-frequency-hz-1041","10":"pa_output-number-146","11":"pa_power-w-627","12":"pa_remote-control-yes","13":"pa_voltage-v-601","15":"first","16":"instock","17":"taxable","18":"shipping-taxable","19":"product-type-simple"},"acf":[],"_links":{"self":[{"href":"https:\/\/yotavis.ch\/de\/wp-json\/wp\/v2\/product\/10995","targetHints":{"allow":["GET"]}}],"collection":[{"href":"https:\/\/yotavis.ch\/de\/wp-json\/wp\/v2\/product"}],"about":[{"href":"https:\/\/yotavis.ch\/de\/wp-json\/wp\/v2\/types\/product"}],"replies":[{"embeddable":true,"href":"https:\/\/yotavis.ch\/de\/wp-json\/wp\/v2\/comments?post=10995"}],"wp:featuredmedia":[{"embeddable":true,"href":"https:\/\/yotavis.ch\/de\/wp-json\/wp\/v2\/media\/11984"}],"wp:attachment":[{"href":"https:\/\/yotavis.ch\/de\/wp-json\/wp\/v2\/media?parent=10995"}],"wp:term":[{"taxonomy":"product_brand","embeddable":true,"href":"https:\/\/yotavis.ch\/de\/wp-json\/wp\/v2\/product_brand?post=10995"},{"taxonomy":"product_cat","embeddable":true,"href":"https:\/\/yotavis.ch\/de\/wp-json\/wp\/v2\/product_cat?post=10995"},{"taxonomy":"product_tag","embeddable":true,"href":"https:\/\/yotavis.ch\/de\/wp-json\/wp\/v2\/product_tag?post=10995"}],"curies":[{"name":"wp","href":"https:\/\/api.w.org\/{rel}","templated":true}]}}