{"id":10997,"date":"2025-10-09T00:00:00","date_gmt":"2025-10-08T22:00:00","guid":{"rendered":"https:\/\/yotavis.ch\/product\/it7915p-350-90\/"},"modified":"2026-03-02T16:33:38","modified_gmt":"2026-03-02T15:33:38","slug":"it7915p-350-90","status":"publish","type":"product","link":"https:\/\/yotavis.ch\/de\/produkt\/it7915p-350-90\/","title":{"rendered":"IT7915P-350-90"},"content":{"rendered":"<p>Der ITECH IT7915P-350-90 ist ein leistungsstarker regenerativer Netzsimulator mit 15 kVA Ausgangsleistung. Er bietet eine Spannung von 350 V zwischen Netz und Nullleiter und einen Effektivstrom von 90 Ampere und unterst\u00fctzt sowohl einphasige (1\u03c6) als auch dreiphasige (3\u03c6) Konfigurationen. Das kompakte, in einem 3U-Rack montierbare Hauptger\u00e4t eignet sich ideal f\u00fcr Industrie- und Labortestumgebungen. Seine fortschrittliche R\u00fcckspeisungstechnologie speist Energie in das Netz zur\u00fcck und gew\u00e4hrleistet eine effiziente Stromsimulation mit gleichbleibender Leistung und Betriebssicherheit.<\/p>","protected":false},"excerpt":{"rendered":"<p>350V L-N, 90Arms, 15kVA, Hochleistungs-Regenerativer Netzsimulator, 1\u03c6 oder 3\u03c6, 3U Gr\u00f6\u00dfe, Mastereinheit<\/p>","protected":false},"featured_media":11984,"comment_status":"closed","ping_status":"closed","template":"","meta":{"_acf_changed":false,"slim_seo":{"title":"IT7915P-350-90 - YOTAVIS AG","description":"350V L-N, 90Arms, 15kVA, Hochleistungs-Regenerativer Netzsimulator, 1\u03c6 oder 3\u03c6, 3U Gr\u00f6\u00dfe, Mastereinheit"}},"product_brand":[822],"product_cat":[515],"product_tag":[],"class_list":{"0":"post-10997","1":"product","2":"type-product","3":"status-publish","4":"has-post-thumbnail","6":"product_brand-itech","7":"product_cat-power-en","8":"pa_current-a-408","9":"pa_output-number-146","10":"pa_power-w-941","11":"pa_voltage-v-601","13":"first","14":"instock","15":"taxable","16":"shipping-taxable","17":"product-type-simple"},"acf":[],"_links":{"self":[{"href":"https:\/\/yotavis.ch\/de\/wp-json\/wp\/v2\/product\/10997","targetHints":{"allow":["GET"]}}],"collection":[{"href":"https:\/\/yotavis.ch\/de\/wp-json\/wp\/v2\/product"}],"about":[{"href":"https:\/\/yotavis.ch\/de\/wp-json\/wp\/v2\/types\/product"}],"replies":[{"embeddable":true,"href":"https:\/\/yotavis.ch\/de\/wp-json\/wp\/v2\/comments?post=10997"}],"wp:featuredmedia":[{"embeddable":true,"href":"https:\/\/yotavis.ch\/de\/wp-json\/wp\/v2\/media\/11984"}],"wp:attachment":[{"href":"https:\/\/yotavis.ch\/de\/wp-json\/wp\/v2\/media?parent=10997"}],"wp:term":[{"taxonomy":"product_brand","embeddable":true,"href":"https:\/\/yotavis.ch\/de\/wp-json\/wp\/v2\/product_brand?post=10997"},{"taxonomy":"product_cat","embeddable":true,"href":"https:\/\/yotavis.ch\/de\/wp-json\/wp\/v2\/product_cat?post=10997"},{"taxonomy":"product_tag","embeddable":true,"href":"https:\/\/yotavis.ch\/de\/wp-json\/wp\/v2\/product_tag?post=10997"}],"curies":[{"name":"wp","href":"https:\/\/api.w.org\/{rel}","templated":true}]}}