{"id":10999,"date":"2025-10-09T00:00:00","date_gmt":"2025-10-08T22:00:00","guid":{"rendered":"https:\/\/yotavis.ch\/product\/it8206-350-30\/"},"modified":"2026-04-24T13:46:53","modified_gmt":"2026-04-24T11:46:53","slug":"it8206-350-30","status":"publish","type":"product","link":"https:\/\/yotavis.ch\/de\/produkt\/it8206-350-30\/","title":{"rendered":"IT8206-350-30"},"content":{"rendered":"<p>Die ITECH IT8206-350-30 ist eine regenerative elektronische AC\/DC-Last, die f\u00fcr den Betrieb bei 350 Volt zwischen Netz und Nullleiter mit einem maximalen Strom von 30 Ampere ausgelegt ist. Sie liefert eine Leistung von 6.000 Watt oder 6 kVA und ist sowohl f\u00fcr einphasige als auch f\u00fcr dreiphasige Anwendungen geeignet. Das Ger\u00e4t ist in einem 3U-Geh\u00e4use untergebracht, wodurch es kompakt f\u00fcr verschiedene Installationsumgebungen ist. Es verf\u00fcgt \u00fcber einen einzigen Ausgangskanal und unterst\u00fctzt Fernsteuerungsfunktionen, die einen flexiblen Betrieb und die Integration in automatisierte Testsysteme erm\u00f6glichen. Die maximale Frequenz betr\u00e4gt 150 Hz und eignet sich f\u00fcr eine Reihe von Pr\u00fcfszenarien. Diese elektronische Last wurde entwickelt, um eine pr\u00e4zise und zuverl\u00e4ssige Leistung f\u00fcr anspruchsvolle elektrische Pr\u00fcfanforderungen zu bieten.<\/p>","protected":false},"excerpt":{"rendered":"<p>350V L-N, 30Arms, 6kVA, regenerative elektronische AC\/DC Last, 1\u03c6 oder 3\u03c6, 3U Gr\u00f6\u00dfe<\/p>","protected":false},"featured_media":13849,"comment_status":"closed","ping_status":"closed","template":"","meta":{"_acf_changed":false,"slim_seo":{"title":"IT8206-350-30 - YOTAVIS AG","description":"350V L-N, 30Arms, 6kVA, regenerative elektronische AC\/DC Last, 1\u03c6 oder 3\u03c6, 3U Gr\u00f6\u00dfe"}},"product_brand":[822],"product_cat":[823,515],"product_tag":[],"class_list":{"0":"post-10999","1":"product","2":"type-product","3":"status-publish","4":"has-post-thumbnail","6":"product_brand-itech","7":"product_cat-ac-dc-load-en","8":"product_cat-power-en","9":"pa_current-a-404","10":"pa_max-frequency-hz-1041","11":"pa_output-number-146","12":"pa_power-w-626","13":"pa_remote-control-yes","14":"pa_voltage-v-601","16":"first","17":"instock","18":"taxable","19":"shipping-taxable","20":"product-type-simple"},"acf":[],"_links":{"self":[{"href":"https:\/\/yotavis.ch\/de\/wp-json\/wp\/v2\/product\/10999","targetHints":{"allow":["GET"]}}],"collection":[{"href":"https:\/\/yotavis.ch\/de\/wp-json\/wp\/v2\/product"}],"about":[{"href":"https:\/\/yotavis.ch\/de\/wp-json\/wp\/v2\/types\/product"}],"replies":[{"embeddable":true,"href":"https:\/\/yotavis.ch\/de\/wp-json\/wp\/v2\/comments?post=10999"}],"wp:featuredmedia":[{"embeddable":true,"href":"https:\/\/yotavis.ch\/de\/wp-json\/wp\/v2\/media\/13849"}],"wp:attachment":[{"href":"https:\/\/yotavis.ch\/de\/wp-json\/wp\/v2\/media?parent=10999"}],"wp:term":[{"taxonomy":"product_brand","embeddable":true,"href":"https:\/\/yotavis.ch\/de\/wp-json\/wp\/v2\/product_brand?post=10999"},{"taxonomy":"product_cat","embeddable":true,"href":"https:\/\/yotavis.ch\/de\/wp-json\/wp\/v2\/product_cat?post=10999"},{"taxonomy":"product_tag","embeddable":true,"href":"https:\/\/yotavis.ch\/de\/wp-json\/wp\/v2\/product_tag?post=10999"}],"curies":[{"name":"wp","href":"https:\/\/api.w.org\/{rel}","templated":true}]}}