{"id":11001,"date":"2025-10-09T00:00:00","date_gmt":"2025-10-08T22:00:00","guid":{"rendered":"https:\/\/yotavis.ch\/product\/it8209-350-90\/"},"modified":"2026-04-24T13:46:53","modified_gmt":"2026-04-24T11:46:53","slug":"it8209-350-90","status":"publish","type":"product","link":"https:\/\/yotavis.ch\/de\/produkt\/it8209-350-90\/","title":{"rendered":"IT8209-350-90"},"content":{"rendered":"<p>Die ITECH IT8209-350-90 ist eine r\u00fcckspeisef\u00e4hige elektronische AC\/DC-Last f\u00fcr ein- oder dreiphasige Anwendungen mit einer Nennspannung von 350 V zwischen Netz und Nullleiter und einer Stromkapazit\u00e4t von 90 Arms. Sie liefert eine Ausgangsleistung von 9 kVA und ist damit f\u00fcr verschiedene Pr\u00fcf- und Messszenarien geeignet. Das Ger\u00e4t ist in einem kompakten 3U-Geh\u00e4use untergebracht, was die Integration in bestehende Anlagen erleichtert. Es unterst\u00fctzt Fernsteuerungsfunktionen, die eine bequeme Bedienung und \u00dcberwachung aus der Ferne erm\u00f6glichen. Die maximale Frequenz, die es verarbeiten kann, betr\u00e4gt 150 Hz und gew\u00e4hrleistet die Kompatibilit\u00e4t mit einer Reihe von AC-Signalen. Dieses Modell verf\u00fcgt \u00fcber einen einzigen Ausgangskanal, was den Einsatz in konzentrierten Testumgebungen vereinfacht. Das von ITECH hergestellte IT8209-350-90 kombiniert robuste elektrische Spezifikationen mit praktischen Designmerkmalen f\u00fcr effektive elektronische Lastanwendungen.<\/p>","protected":false},"excerpt":{"rendered":"<p>350V L-N, 90Arms, 9kVA,Regenerative AC\/DC Elektronische Last, 1\u03c6 oder 3\u03c6, 3U Gr\u00f6\u00dfe<\/p>","protected":false},"featured_media":11987,"comment_status":"closed","ping_status":"closed","template":"","meta":{"_acf_changed":false,"slim_seo":{"title":"IT8209-350-90 - YOTAVIS AG","description":"350V L-N, 90Arms, 9kVA,Regenerative AC\/DC Elektronische Last, 1\u03c6 oder 3\u03c6, 3U Gr\u00f6\u00dfe"}},"product_brand":[822],"product_cat":[823,515],"product_tag":[],"class_list":{"0":"post-11001","1":"product","2":"type-product","3":"status-publish","4":"has-post-thumbnail","6":"product_brand-itech","7":"product_cat-ac-dc-load-en","8":"product_cat-power-en","9":"pa_current-a-408","10":"pa_max-frequency-hz-1041","11":"pa_output-number-146","12":"pa_power-w-627","13":"pa_remote-control-yes","14":"pa_voltage-v-601","16":"first","17":"instock","18":"taxable","19":"shipping-taxable","20":"product-type-simple"},"acf":[],"_links":{"self":[{"href":"https:\/\/yotavis.ch\/de\/wp-json\/wp\/v2\/product\/11001","targetHints":{"allow":["GET"]}}],"collection":[{"href":"https:\/\/yotavis.ch\/de\/wp-json\/wp\/v2\/product"}],"about":[{"href":"https:\/\/yotavis.ch\/de\/wp-json\/wp\/v2\/types\/product"}],"replies":[{"embeddable":true,"href":"https:\/\/yotavis.ch\/de\/wp-json\/wp\/v2\/comments?post=11001"}],"wp:featuredmedia":[{"embeddable":true,"href":"https:\/\/yotavis.ch\/de\/wp-json\/wp\/v2\/media\/11987"}],"wp:attachment":[{"href":"https:\/\/yotavis.ch\/de\/wp-json\/wp\/v2\/media?parent=11001"}],"wp:term":[{"taxonomy":"product_brand","embeddable":true,"href":"https:\/\/yotavis.ch\/de\/wp-json\/wp\/v2\/product_brand?post=11001"},{"taxonomy":"product_cat","embeddable":true,"href":"https:\/\/yotavis.ch\/de\/wp-json\/wp\/v2\/product_cat?post=11001"},{"taxonomy":"product_tag","embeddable":true,"href":"https:\/\/yotavis.ch\/de\/wp-json\/wp\/v2\/product_tag?post=11001"}],"curies":[{"name":"wp","href":"https:\/\/api.w.org\/{rel}","templated":true}]}}