{"id":11002,"date":"2025-10-09T00:00:00","date_gmt":"2025-10-08T22:00:00","guid":{"rendered":"https:\/\/yotavis.ch\/product\/it8212-350-90\/"},"modified":"2026-04-24T13:46:54","modified_gmt":"2026-04-24T11:46:54","slug":"it8212-350-90","status":"publish","type":"product","link":"https:\/\/yotavis.ch\/de\/produkt\/it8212-350-90\/","title":{"rendered":"IT8212-350-90"},"content":{"rendered":"<p>Die IT8212-350-90 von ITECH ist eine regenerative elektronische AC\/DC-Last, die f\u00fcr ein- oder dreiphasige Anwendungen konzipiert ist. Sie arbeitet mit einer Spannung von 350 V zwischen Netz und Nullleiter und unterst\u00fctzt einen Maximalstrom von 90 Arms und liefert eine Leistung von 12 kVA. Das Ger\u00e4t ist in einem 3U-Geh\u00e4use untergebracht und eignet sich daher f\u00fcr die Rack-Montage in verschiedenen Testumgebungen. Es verf\u00fcgt \u00fcber einen einzigen Ausgangskanal und bietet Fernsteuerungsm\u00f6glichkeiten, was einen flexiblen Betrieb und die Integration in automatisierte Testsysteme erm\u00f6glicht. Die maximale Frequenz betr\u00e4gt 150 Hz und eignet sich f\u00fcr eine Reihe von AC-Lasttestszenarien. Diese elektronische Last wurde entwickelt, um eine pr\u00e4zise und zuverl\u00e4ssige Leistung f\u00fcr die Pr\u00fcfung von Netzteilen, Batterien und anderen Stromquellen unter verschiedenen Lastbedingungen zu bieten.<\/p>","protected":false},"excerpt":{"rendered":"<p>350V L-N, 90Arms, 12kVA, regenerative elektronische AC\/DC Last, 1\u03c6 oder 3\u03c6, 3U Gr\u00f6\u00dfe<\/p>","protected":false},"featured_media":11987,"comment_status":"closed","ping_status":"closed","template":"","meta":{"_acf_changed":false,"slim_seo":{"title":"IT8212-350-90 - YOTAVIS AG","description":"350V L-N, 90Arms, 12kVA, regenerative elektronische AC\/DC Last, 1\u03c6 oder 3\u03c6, 3U Gr\u00f6\u00dfe"}},"product_brand":[822],"product_cat":[823,515],"product_tag":[],"class_list":{"0":"post-11002","1":"product","2":"type-product","3":"status-publish","4":"has-post-thumbnail","6":"product_brand-itech","7":"product_cat-ac-dc-load-en","8":"product_cat-power-en","9":"pa_current-a-408","10":"pa_max-frequency-hz-1041","11":"pa_output-number-146","12":"pa_power-w-628","13":"pa_remote-control-yes","14":"pa_voltage-v-601","16":"first","17":"instock","18":"taxable","19":"shipping-taxable","20":"product-type-simple"},"acf":[],"_links":{"self":[{"href":"https:\/\/yotavis.ch\/de\/wp-json\/wp\/v2\/product\/11002","targetHints":{"allow":["GET"]}}],"collection":[{"href":"https:\/\/yotavis.ch\/de\/wp-json\/wp\/v2\/product"}],"about":[{"href":"https:\/\/yotavis.ch\/de\/wp-json\/wp\/v2\/types\/product"}],"replies":[{"embeddable":true,"href":"https:\/\/yotavis.ch\/de\/wp-json\/wp\/v2\/comments?post=11002"}],"wp:featuredmedia":[{"embeddable":true,"href":"https:\/\/yotavis.ch\/de\/wp-json\/wp\/v2\/media\/11987"}],"wp:attachment":[{"href":"https:\/\/yotavis.ch\/de\/wp-json\/wp\/v2\/media?parent=11002"}],"wp:term":[{"taxonomy":"product_brand","embeddable":true,"href":"https:\/\/yotavis.ch\/de\/wp-json\/wp\/v2\/product_brand?post=11002"},{"taxonomy":"product_cat","embeddable":true,"href":"https:\/\/yotavis.ch\/de\/wp-json\/wp\/v2\/product_cat?post=11002"},{"taxonomy":"product_tag","embeddable":true,"href":"https:\/\/yotavis.ch\/de\/wp-json\/wp\/v2\/product_tag?post=11002"}],"curies":[{"name":"wp","href":"https:\/\/api.w.org\/{rel}","templated":true}]}}