{"id":11003,"date":"2025-10-09T00:00:00","date_gmt":"2025-10-08T22:00:00","guid":{"rendered":"https:\/\/yotavis.ch\/product\/it8215-350-90\/"},"modified":"2026-04-24T13:46:54","modified_gmt":"2026-04-24T11:46:54","slug":"it8215-350-90","status":"publish","type":"product","link":"https:\/\/yotavis.ch\/de\/produkt\/it8215-350-90\/","title":{"rendered":"IT8215-350-90"},"content":{"rendered":"<p>Die ITECH IT8215-350-90 ist eine regenerative elektronische AC\/DC-Last, die f\u00fcr ein- oder dreiphasige Anwendungen entwickelt wurde. Sie arbeitet mit einer Spannung von 350 V zwischen Netz und Nullleiter und unterst\u00fctzt einen Maximalstrom von 90 Arms und liefert eine Leistungskapazit\u00e4t von 15 kVA. Diese Master-Einheit ist in einem 3U-Geh\u00e4use untergebracht, wodurch sie sich f\u00fcr die Integration in verschiedene Pr\u00fcfumgebungen eignet. Das Ger\u00e4t verf\u00fcgt \u00fcber eine Fernsteuerungsfunktion, die eine bequeme Bedienung und \u00dcberwachung aus der Ferne erm\u00f6glicht. Es unterst\u00fctzt eine maximale Frequenz von 150 Hz und kann somit eine Reihe von AC-Signalen effektiv verarbeiten. Mit einem einzigen Ausgangskanal ist das IT8215-350-90 f\u00fcr pr\u00e4zise Lasttests und Leistungsanalysen geeignet. Seine robusten Spezifikationen machen ihn zu einem vielseitigen Werkzeug f\u00fcr die Bewertung von Netzteilen und anderen elektrischen Komponenten.<\/p>","protected":false},"excerpt":{"rendered":"<p>350V L-N, 90Arms, 15kVA, Regenerative AC\/DC Elektronische Last, 1\u03c6 oder 3\u03c6, 3U Gr\u00f6\u00dfe, Mastereinheit<\/p>","protected":false},"featured_media":11987,"comment_status":"closed","ping_status":"closed","template":"","meta":{"_acf_changed":false,"slim_seo":{"title":"IT8215-350-90 - YOTAVIS AG","description":"350V L-N, 90Arms, 15kVA, Regenerative AC\/DC Elektronische Last, 1\u03c6 oder 3\u03c6, 3U Gr\u00f6\u00dfe, Mastereinheit"}},"product_brand":[822],"product_cat":[823,515],"product_tag":[],"class_list":{"0":"post-11003","1":"product","2":"type-product","3":"status-publish","4":"has-post-thumbnail","6":"product_brand-itech","7":"product_cat-ac-dc-load-en","8":"product_cat-power-en","9":"pa_current-a-408","10":"pa_max-frequency-hz-1041","11":"pa_output-number-146","12":"pa_power-w-941","13":"pa_remote-control-yes","14":"pa_voltage-v-601","16":"first","17":"instock","18":"taxable","19":"shipping-taxable","20":"product-type-simple"},"acf":[],"_links":{"self":[{"href":"https:\/\/yotavis.ch\/de\/wp-json\/wp\/v2\/product\/11003","targetHints":{"allow":["GET"]}}],"collection":[{"href":"https:\/\/yotavis.ch\/de\/wp-json\/wp\/v2\/product"}],"about":[{"href":"https:\/\/yotavis.ch\/de\/wp-json\/wp\/v2\/types\/product"}],"replies":[{"embeddable":true,"href":"https:\/\/yotavis.ch\/de\/wp-json\/wp\/v2\/comments?post=11003"}],"wp:featuredmedia":[{"embeddable":true,"href":"https:\/\/yotavis.ch\/de\/wp-json\/wp\/v2\/media\/11987"}],"wp:attachment":[{"href":"https:\/\/yotavis.ch\/de\/wp-json\/wp\/v2\/media?parent=11003"}],"wp:term":[{"taxonomy":"product_brand","embeddable":true,"href":"https:\/\/yotavis.ch\/de\/wp-json\/wp\/v2\/product_brand?post=11003"},{"taxonomy":"product_cat","embeddable":true,"href":"https:\/\/yotavis.ch\/de\/wp-json\/wp\/v2\/product_cat?post=11003"},{"taxonomy":"product_tag","embeddable":true,"href":"https:\/\/yotavis.ch\/de\/wp-json\/wp\/v2\/product_tag?post=11003"}],"curies":[{"name":"wp","href":"https:\/\/api.w.org\/{rel}","templated":true}]}}