{"id":11009,"date":"2025-10-09T00:00:00","date_gmt":"2025-10-08T22:00:00","guid":{"rendered":"https:\/\/yotavis.ch\/product\/sas1000\/"},"modified":"2026-04-24T13:47:04","modified_gmt":"2026-04-24T11:47:04","slug":"sas1000","status":"publish","type":"product","link":"https:\/\/yotavis.ch\/de\/produkt\/sas1000\/","title":{"rendered":"SAS1000"},"content":{"rendered":"<p>SAS1000 ist eine Software zur Simulation von Solaranlagen, die f\u00fcr den Einsatz mit den Netzteilen der Serien IT6500C, IT6000B und IT6000C mit einer Leistung von mehr als 15 kW sowie der Serie IT-M3600 entwickelt wurde. Sie unterst\u00fctzt eine einkanalige Konfiguration und erm\u00f6glicht eine pr\u00e4zise Simulation der Eigenschaften von Solaranlagen. Diese Software wurde von ITECH entwickelt, einer Marke, die f\u00fcr ihre spezialisierten elektronischen Pr\u00fcfger\u00e4te bekannt ist. Das SAS1000 erm\u00f6glicht die Emulation von Solarpanel-Ausg\u00e4ngen, was f\u00fcr die Pr\u00fcfung und Entwicklung von Anwendungen im Bereich der erneuerbaren Energien unerl\u00e4sslich ist. Durch die Integration mit kompatiblen Stromversorgungen k\u00f6nnen Benutzer verschiedene Bedingungen f\u00fcr Solaranlagen genau simulieren. Die Software ist auf die nahtlose Zusammenarbeit mit Hochleistungsger\u00e4ten zugeschnitten und gew\u00e4hrleistet eine zuverl\u00e4ssige Leistung in anspruchsvollen Testumgebungen. Die Kompatibilit\u00e4t mit mehreren Serien von Stromversorgungen macht sie zu einem vielseitigen Werkzeug f\u00fcr Ingenieure und Techniker, die mit Solarenergiesystemen arbeiten.<\/p>","protected":false},"excerpt":{"rendered":"<p>Solar array simulation software for IT6500C\/IT6000B\/IT6000C series,(power>15kW), IT-M3600, 1 channel<\/p>","protected":false},"featured_media":12006,"comment_status":"closed","ping_status":"closed","template":"","meta":{"_acf_changed":false,"slim_seo":{"title":"SAS1000 - YOTAVIS AG","description":"Solar array simulation software for IT6500C\/IT6000B\/IT6000C series,(power>15kW), IT-M3600, 1 channel"}},"product_brand":[822],"product_cat":[515,825],"product_tag":[],"class_list":{"0":"post-11009","1":"product","2":"type-product","3":"status-publish","4":"has-post-thumbnail","6":"product_brand-itech","7":"product_cat-power-en","8":"product_cat-software-power-en","10":"first","11":"instock","12":"taxable","13":"shipping-taxable","14":"product-type-simple"},"acf":[],"_links":{"self":[{"href":"https:\/\/yotavis.ch\/de\/wp-json\/wp\/v2\/product\/11009","targetHints":{"allow":["GET"]}}],"collection":[{"href":"https:\/\/yotavis.ch\/de\/wp-json\/wp\/v2\/product"}],"about":[{"href":"https:\/\/yotavis.ch\/de\/wp-json\/wp\/v2\/types\/product"}],"replies":[{"embeddable":true,"href":"https:\/\/yotavis.ch\/de\/wp-json\/wp\/v2\/comments?post=11009"}],"wp:featuredmedia":[{"embeddable":true,"href":"https:\/\/yotavis.ch\/de\/wp-json\/wp\/v2\/media\/12006"}],"wp:attachment":[{"href":"https:\/\/yotavis.ch\/de\/wp-json\/wp\/v2\/media?parent=11009"}],"wp:term":[{"taxonomy":"product_brand","embeddable":true,"href":"https:\/\/yotavis.ch\/de\/wp-json\/wp\/v2\/product_brand?post=11009"},{"taxonomy":"product_cat","embeddable":true,"href":"https:\/\/yotavis.ch\/de\/wp-json\/wp\/v2\/product_cat?post=11009"},{"taxonomy":"product_tag","embeddable":true,"href":"https:\/\/yotavis.ch\/de\/wp-json\/wp\/v2\/product_tag?post=11009"}],"curies":[{"name":"wp","href":"https:\/\/api.w.org\/{rel}","templated":true}]}}