{"id":11014,"date":"2025-10-09T00:00:00","date_gmt":"2025-10-08T22:00:00","guid":{"rendered":"https:\/\/yotavis.ch\/product\/bss2000-pro\/"},"modified":"2026-04-24T13:47:06","modified_gmt":"2026-04-24T11:47:06","slug":"bss2000-pro","status":"publish","type":"product","link":"https:\/\/yotavis.ch\/de\/produkt\/bss2000-pro\/","title":{"rendered":"BSS2000 Pro"},"content":{"rendered":"<p>BSS2000 Pro ist eine Batteriesimulationssoftware, die f\u00fcr den professionellen Einsatz entwickelt wurde und \u00fcber eine Einkanal-Konfiguration verf\u00fcgt. Sie enth\u00e4lt eine BMS-Selbstdefinitionsfunktion, die es den Benutzern erm\u00f6glicht, die Parameter des Batteriemanagementsystems entsprechend ihren spezifischen Anforderungen anzupassen. Diese Software wurde von ITECH entwickelt, einer Marke, die f\u00fcr ihre spezialisierten Pr\u00fcf- und Messl\u00f6sungen bekannt ist. Die Pro-Version des BSS2000 ist auf pr\u00e4zise Batteriesimulationsfunktionen zugeschnitten und unterst\u00fctzt fortschrittliche Pr\u00fcfszenarien. Die Benutzer k\u00f6nnen mit laufenden Aktualisierungen und Erweiterungen rechnen, wie der Hinweis \u201cstay tuned\u201d zeigt, der auf zuk\u00fcnftige Verbesserungen oder zus\u00e4tzliche Funktionen hinweist. Die Software soll eine genaue Emulation des Batterieverhaltens erm\u00f6glichen, was f\u00fcr die Entwicklung und Validierung von Batteriemanagementsystemen unerl\u00e4sslich ist. Dank ihres Einkanal-Designs eignet sie sich f\u00fcr gezielte Testumgebungen, in denen eine detaillierte Batteriesimulation erforderlich ist.<\/p>","protected":false},"excerpt":{"rendered":"<p>Batteriesimulationssoftware Pro Version (1 Kanal) BMS Selbstdefinitionsfunktion stay tuned!<\/p>","protected":false},"featured_media":12012,"comment_status":"closed","ping_status":"closed","template":"","meta":{"_acf_changed":false,"slim_seo":{"title":"BSS2000 Pro - YOTAVIS AG","description":"Batteriesimulationssoftware Pro Version (1 Kanal) BMS Selbstdefinitionsfunktion stay tuned!"}},"product_brand":[822],"product_cat":[515,825],"product_tag":[],"class_list":{"0":"post-11014","1":"product","2":"type-product","3":"status-publish","4":"has-post-thumbnail","6":"product_brand-itech","7":"product_cat-power-en","8":"product_cat-software-power-en","10":"first","11":"instock","12":"taxable","13":"shipping-taxable","14":"product-type-simple"},"acf":[],"_links":{"self":[{"href":"https:\/\/yotavis.ch\/de\/wp-json\/wp\/v2\/product\/11014","targetHints":{"allow":["GET"]}}],"collection":[{"href":"https:\/\/yotavis.ch\/de\/wp-json\/wp\/v2\/product"}],"about":[{"href":"https:\/\/yotavis.ch\/de\/wp-json\/wp\/v2\/types\/product"}],"replies":[{"embeddable":true,"href":"https:\/\/yotavis.ch\/de\/wp-json\/wp\/v2\/comments?post=11014"}],"wp:featuredmedia":[{"embeddable":true,"href":"https:\/\/yotavis.ch\/de\/wp-json\/wp\/v2\/media\/12012"}],"wp:attachment":[{"href":"https:\/\/yotavis.ch\/de\/wp-json\/wp\/v2\/media?parent=11014"}],"wp:term":[{"taxonomy":"product_brand","embeddable":true,"href":"https:\/\/yotavis.ch\/de\/wp-json\/wp\/v2\/product_brand?post=11014"},{"taxonomy":"product_cat","embeddable":true,"href":"https:\/\/yotavis.ch\/de\/wp-json\/wp\/v2\/product_cat?post=11014"},{"taxonomy":"product_tag","embeddable":true,"href":"https:\/\/yotavis.ch\/de\/wp-json\/wp\/v2\/product_tag?post=11014"}],"curies":[{"name":"wp","href":"https:\/\/api.w.org\/{rel}","templated":true}]}}