{"id":11020,"date":"2025-10-09T00:00:00","date_gmt":"2025-10-08T22:00:00","guid":{"rendered":"https:\/\/yotavis.ch\/product\/it-e604\/"},"modified":"2026-04-24T13:47:11","modified_gmt":"2026-04-24T11:47:11","slug":"it-e604","status":"publish","type":"product","link":"https:\/\/yotavis.ch\/de\/produkt\/it-e604\/","title":{"rendered":"IT-E604"},"content":{"rendered":"<p>Das IT-E604 ist ein 300-V-Multifunktionskabel zur Verwendung mit den Ger\u00e4ten IT2805, 1T2806 und IT5100. Sie verf\u00fcgt sowohl \u00fcber Stift- als auch \u00fcber Krokodilklemmenanschl\u00fcsse und ist somit vielseitig f\u00fcr verschiedene Pr\u00fcf- und Messanwendungen einsetzbar. Dieses von ITECH hergestellte Kabel ist f\u00fcr Spannungen bis zu 300 Volt geeignet. Das Design erm\u00f6glicht sichere und zuverl\u00e4ssige Verbindungen, so dass es mit zahlreichen Messger\u00e4ten kompatibel ist. Die Kombination aus Stift- und Krokodilklemmen gew\u00e4hrleistet die Anpassungsf\u00e4higkeit an verschiedene Pr\u00fcfszenarien und erh\u00f6ht den Nutzen in elektrischen und elektronischen Umgebungen. Dieses Kabel ist ein unverzichtbares Zubeh\u00f6r f\u00fcr Fachleute, die pr\u00e4zise und zuverl\u00e4ssige Verbindungen mit ihren ITECH-Ger\u00e4ten ben\u00f6tigen.<\/p>","protected":false},"excerpt":{"rendered":"<p>300V\u00a0Multi-function\u00a0\u00a0pin\u00a0type\u00a0+\u00a0alligator\u00a0clip\u00a0type\u00a0lead\u00a0applied\u00a0to\u00a0IT2805\uff0c1T2806,  IT5100<\/p>","protected":false},"featured_media":12020,"comment_status":"closed","ping_status":"closed","template":"","meta":{"_acf_changed":false,"slim_seo":{"title":"IT-E604 - YOTAVIS AG","description":"300 V Multifunktions-Stiftkabel + Krokodilklemme f\u00fcr IT2805\uff0c1T2806, IT5100"}},"product_brand":[822],"product_cat":[510,509],"product_tag":[],"class_list":{"0":"post-11020","1":"product","2":"type-product","3":"status-publish","4":"has-post-thumbnail","6":"product_brand-itech","7":"product_cat-others-en","8":"product_cat-probes-en","10":"first","11":"instock","12":"taxable","13":"shipping-taxable","14":"product-type-simple"},"acf":[],"_links":{"self":[{"href":"https:\/\/yotavis.ch\/de\/wp-json\/wp\/v2\/product\/11020","targetHints":{"allow":["GET"]}}],"collection":[{"href":"https:\/\/yotavis.ch\/de\/wp-json\/wp\/v2\/product"}],"about":[{"href":"https:\/\/yotavis.ch\/de\/wp-json\/wp\/v2\/types\/product"}],"replies":[{"embeddable":true,"href":"https:\/\/yotavis.ch\/de\/wp-json\/wp\/v2\/comments?post=11020"}],"wp:featuredmedia":[{"embeddable":true,"href":"https:\/\/yotavis.ch\/de\/wp-json\/wp\/v2\/media\/12020"}],"wp:attachment":[{"href":"https:\/\/yotavis.ch\/de\/wp-json\/wp\/v2\/media?parent=11020"}],"wp:term":[{"taxonomy":"product_brand","embeddable":true,"href":"https:\/\/yotavis.ch\/de\/wp-json\/wp\/v2\/product_brand?post=11020"},{"taxonomy":"product_cat","embeddable":true,"href":"https:\/\/yotavis.ch\/de\/wp-json\/wp\/v2\/product_cat?post=11020"},{"taxonomy":"product_tag","embeddable":true,"href":"https:\/\/yotavis.ch\/de\/wp-json\/wp\/v2\/product_tag?post=11020"}],"curies":[{"name":"wp","href":"https:\/\/api.w.org\/{rel}","templated":true}]}}