{"id":11024,"date":"2025-10-09T00:00:00","date_gmt":"2025-10-08T22:00:00","guid":{"rendered":"https:\/\/yotavis.ch\/product\/it-e603h\/"},"modified":"2026-04-24T13:47:12","modified_gmt":"2026-04-24T11:47:12","slug":"it-e603h","status":"publish","type":"product","link":"https:\/\/yotavis.ch\/de\/produkt\/it-e603h\/","title":{"rendered":"IT-E603H"},"content":{"rendered":"<p>Das IT-E603H ist ein konisches 1000-V-Kabel, das f\u00fcr die Modelle IT2801 und IT5100 entwickelt wurde. Dieses von ITECH hergestellte Produkt ist speziell auf die Anforderungen dieser Ger\u00e4te zugeschnitten. Das konische Kabel gew\u00e4hrleistet Kompatibilit\u00e4t und eine zuverl\u00e4ssige Verbindung f\u00fcr Anwendungen mit Hochspannung bis zu 1000 V. Sein Design unterst\u00fctzt eine effiziente und sichere Befestigung an den vorgesehenen Ger\u00e4ten und erleichtert genaue Messungen und Leistungen. Die Konstruktion des Kabels ist f\u00fcr die elektrischen Anforderungen des IT2801 und des IT5100 ausgelegt, was es zu einem geeigneten Zubeh\u00f6r f\u00fcr diese Ger\u00e4te macht. Dieses Produkt ist Teil des ITECH-Sortiments an Spezialkabeln und Zubeh\u00f6r, bei dem Funktionalit\u00e4t und ger\u00e4tespezifische Kompatibilit\u00e4t im Vordergrund stehen.<\/p>","protected":false},"excerpt":{"rendered":"<p>1000 V konisches Kabel f\u00fcr IT2801, IT5100<\/p>","protected":false},"featured_media":12019,"comment_status":"closed","ping_status":"closed","template":"","meta":{"_acf_changed":false,"slim_seo":{"title":"IT-E603H - YOTAVIS AG","description":"1000 V konisches Kabel f\u00fcr IT2801, IT5100"}},"product_brand":[822],"product_cat":[510,509],"product_tag":[],"class_list":{"0":"post-11024","1":"product","2":"type-product","3":"status-publish","4":"has-post-thumbnail","6":"product_brand-itech","7":"product_cat-others-en","8":"product_cat-probes-en","10":"first","11":"instock","12":"taxable","13":"shipping-taxable","14":"product-type-simple"},"acf":[],"_links":{"self":[{"href":"https:\/\/yotavis.ch\/de\/wp-json\/wp\/v2\/product\/11024","targetHints":{"allow":["GET"]}}],"collection":[{"href":"https:\/\/yotavis.ch\/de\/wp-json\/wp\/v2\/product"}],"about":[{"href":"https:\/\/yotavis.ch\/de\/wp-json\/wp\/v2\/types\/product"}],"replies":[{"embeddable":true,"href":"https:\/\/yotavis.ch\/de\/wp-json\/wp\/v2\/comments?post=11024"}],"wp:featuredmedia":[{"embeddable":true,"href":"https:\/\/yotavis.ch\/de\/wp-json\/wp\/v2\/media\/12019"}],"wp:attachment":[{"href":"https:\/\/yotavis.ch\/de\/wp-json\/wp\/v2\/media?parent=11024"}],"wp:term":[{"taxonomy":"product_brand","embeddable":true,"href":"https:\/\/yotavis.ch\/de\/wp-json\/wp\/v2\/product_brand?post=11024"},{"taxonomy":"product_cat","embeddable":true,"href":"https:\/\/yotavis.ch\/de\/wp-json\/wp\/v2\/product_cat?post=11024"},{"taxonomy":"product_tag","embeddable":true,"href":"https:\/\/yotavis.ch\/de\/wp-json\/wp\/v2\/product_tag?post=11024"}],"curies":[{"name":"wp","href":"https:\/\/api.w.org\/{rel}","templated":true}]}}