{"id":11026,"date":"2025-10-09T00:00:00","date_gmt":"2025-10-08T22:00:00","guid":{"rendered":"https:\/\/yotavis.ch\/product\/it-e190-6\/"},"modified":"2026-04-24T13:47:13","modified_gmt":"2026-04-24T11:47:13","slug":"it-e190-6","status":"publish","type":"product","link":"https:\/\/yotavis.ch\/de\/produkt\/it-e190-6\/","title":{"rendered":"IT-E190-6"},"content":{"rendered":"<p>Der IT-E190-6 ist ein 6-A-Stromsensor, der speziell f\u00fcr die Verwendung mit dem Modell IT9100 entwickelt wurde. Dieser von ITECH hergestellte Sensor ist f\u00fcr die Messung von Stromst\u00e4rken bis zu 6 Ampere ausgelegt und bietet pr\u00e4zise Strommessfunktionen. Er l\u00e4sst sich nahtlos in den IT9100 integrieren und gew\u00e4hrleistet Kompatibilit\u00e4t und zuverl\u00e4ssige Leistung. Das Design des Sensors konzentriert sich auf die Strommessung und eignet sich daher f\u00fcr Anwendungen, die eine genaue Strom\u00fcberwachung erfordern. Als Komponente von ITECH entspricht er den Standards der Marke f\u00fcr Qualit\u00e4t und Funktionalit\u00e4t. Dieser Stromsensor ist ein Spezialwerkzeug, das die Messm\u00f6glichkeiten des IT9100-Systems erweitert.<\/p>","protected":false},"excerpt":{"rendered":"<p>6A Stromsensor f\u00fcr IT9100<\/p>","protected":false},"featured_media":12050,"comment_status":"closed","ping_status":"closed","template":"","meta":{"_acf_changed":false,"slim_seo":{"title":"IT-E190-6 - YOTAVIS AG","description":"6A Stromsensor f\u00fcr IT9100"}},"product_brand":[822],"product_cat":[510,509],"product_tag":[],"class_list":{"0":"post-11026","1":"product","2":"type-product","3":"status-publish","4":"has-post-thumbnail","6":"product_brand-itech","7":"product_cat-others-en","8":"product_cat-probes-en","10":"first","11":"instock","12":"taxable","13":"shipping-taxable","14":"product-type-simple"},"acf":[],"_links":{"self":[{"href":"https:\/\/yotavis.ch\/de\/wp-json\/wp\/v2\/product\/11026","targetHints":{"allow":["GET"]}}],"collection":[{"href":"https:\/\/yotavis.ch\/de\/wp-json\/wp\/v2\/product"}],"about":[{"href":"https:\/\/yotavis.ch\/de\/wp-json\/wp\/v2\/types\/product"}],"replies":[{"embeddable":true,"href":"https:\/\/yotavis.ch\/de\/wp-json\/wp\/v2\/comments?post=11026"}],"wp:featuredmedia":[{"embeddable":true,"href":"https:\/\/yotavis.ch\/de\/wp-json\/wp\/v2\/media\/12050"}],"wp:attachment":[{"href":"https:\/\/yotavis.ch\/de\/wp-json\/wp\/v2\/media?parent=11026"}],"wp:term":[{"taxonomy":"product_brand","embeddable":true,"href":"https:\/\/yotavis.ch\/de\/wp-json\/wp\/v2\/product_brand?post=11026"},{"taxonomy":"product_cat","embeddable":true,"href":"https:\/\/yotavis.ch\/de\/wp-json\/wp\/v2\/product_cat?post=11026"},{"taxonomy":"product_tag","embeddable":true,"href":"https:\/\/yotavis.ch\/de\/wp-json\/wp\/v2\/product_tag?post=11026"}],"curies":[{"name":"wp","href":"https:\/\/api.w.org\/{rel}","templated":true}]}}