{"id":11027,"date":"2025-10-09T00:00:00","date_gmt":"2025-10-08T22:00:00","guid":{"rendered":"https:\/\/yotavis.ch\/product\/it-e190-15\/"},"modified":"2026-04-24T13:47:13","modified_gmt":"2026-04-24T11:47:13","slug":"it-e190-15","status":"publish","type":"product","link":"https:\/\/yotavis.ch\/de\/produkt\/it-e190-15\/","title":{"rendered":"IT-E190-15"},"content":{"rendered":"<p>Der IT-E190-15 ist ein Stromsensor, der speziell f\u00fcr die Verwendung mit dem Modell IT9100 entwickelt wurde. Er wird von ITECH hergestellt und ist in der Lage, Str\u00f6me bis zu 15 Ampere zu messen. Dieser Sensor ist f\u00fcr eine genaue Strommessung bei Anwendungen vorgesehen, die eine pr\u00e4zise Strom\u00fcberwachung erfordern. Seine Kompatibilit\u00e4t mit dem IT9100 gew\u00e4hrleistet eine nahtlose Integration und zuverl\u00e4ssige Leistung innerhalb des Systems. Das Design konzentriert sich auf die Strommessung und eignet sich daher f\u00fcr verschiedene elektrische Pr\u00fcf- und \u00dcberwachungsaufgaben. Die Spezifikationen des Sensors sind auf die Anforderungen von Anwendern zugeschnitten, die den Strom in ihren Aufbauten genau messen m\u00fcssen. Insgesamt dient der IT-E190-15 als spezialisierte Komponente f\u00fcr die Strommessung in Verbindung mit dem Ger\u00e4t IT9100.<\/p>","protected":false},"excerpt":{"rendered":"<p>15A Stromsensor f\u00fcr IT9100<\/p>","protected":false},"featured_media":12054,"comment_status":"closed","ping_status":"closed","template":"","meta":{"_acf_changed":false,"slim_seo":{"title":"IT-E190-15 - YOTAVIS AG","description":"15A Stromsensor f\u00fcr IT9100"}},"product_brand":[822],"product_cat":[510,509],"product_tag":[],"class_list":{"0":"post-11027","1":"product","2":"type-product","3":"status-publish","4":"has-post-thumbnail","6":"product_brand-itech","7":"product_cat-others-en","8":"product_cat-probes-en","10":"first","11":"instock","12":"taxable","13":"shipping-taxable","14":"product-type-simple"},"acf":[],"_links":{"self":[{"href":"https:\/\/yotavis.ch\/de\/wp-json\/wp\/v2\/product\/11027","targetHints":{"allow":["GET"]}}],"collection":[{"href":"https:\/\/yotavis.ch\/de\/wp-json\/wp\/v2\/product"}],"about":[{"href":"https:\/\/yotavis.ch\/de\/wp-json\/wp\/v2\/types\/product"}],"replies":[{"embeddable":true,"href":"https:\/\/yotavis.ch\/de\/wp-json\/wp\/v2\/comments?post=11027"}],"wp:featuredmedia":[{"embeddable":true,"href":"https:\/\/yotavis.ch\/de\/wp-json\/wp\/v2\/media\/12054"}],"wp:attachment":[{"href":"https:\/\/yotavis.ch\/de\/wp-json\/wp\/v2\/media?parent=11027"}],"wp:term":[{"taxonomy":"product_brand","embeddable":true,"href":"https:\/\/yotavis.ch\/de\/wp-json\/wp\/v2\/product_brand?post=11027"},{"taxonomy":"product_cat","embeddable":true,"href":"https:\/\/yotavis.ch\/de\/wp-json\/wp\/v2\/product_cat?post=11027"},{"taxonomy":"product_tag","embeddable":true,"href":"https:\/\/yotavis.ch\/de\/wp-json\/wp\/v2\/product_tag?post=11027"}],"curies":[{"name":"wp","href":"https:\/\/api.w.org\/{rel}","templated":true}]}}