{"id":11029,"date":"2025-10-09T00:00:00","date_gmt":"2025-10-08T22:00:00","guid":{"rendered":"https:\/\/yotavis.ch\/product\/it-e190-40\/"},"modified":"2026-04-24T13:47:14","modified_gmt":"2026-04-24T11:47:14","slug":"it-e190-40","status":"publish","type":"product","link":"https:\/\/yotavis.ch\/de\/produkt\/it-e190-40\/","title":{"rendered":"IT-E190-40"},"content":{"rendered":"<p>Der IT-E190-40 ist ein 40-A-Stromsensor, der speziell f\u00fcr die Verwendung mit dem Modell IT9100 entwickelt wurde. Dieser von ITECH hergestellte Sensor ist f\u00fcr die Messung von Stromst\u00e4rken bis zu 40 Ampere ausgelegt. Er l\u00e4sst sich nahtlos in das IT9100 integrieren und bietet genaue Strommessfunktionen. Das Produkt konzentriert sich ausschlie\u00dflich auf die Strommessung ohne zus\u00e4tzliche Funktionen wie Spannungs-, Leistungs- oder Frequenzspezifikationen. Sein Design unterst\u00fctzt Anwendungen, die eine pr\u00e4zise Strom\u00fcberwachung innerhalb des angegebenen Strombereichs erfordern. Der Sensor verf\u00fcgt nicht \u00fcber Fernsteuerungsfunktionen oder digitale Kan\u00e4le, was seine Rolle als reines Strommessger\u00e4t unterstreicht. Dieses Modell ist Teil der Messger\u00e4tepalette von ITECH und gew\u00e4hrleistet Kompatibilit\u00e4t und Zuverl\u00e4ssigkeit in Verbindung mit dem IT9100-System.<\/p>","protected":false},"excerpt":{"rendered":"<p>40A Stromsensor f\u00fcr IT9100<\/p>","protected":false},"featured_media":12052,"comment_status":"closed","ping_status":"closed","template":"","meta":{"_acf_changed":false,"slim_seo":{"title":"IT-E190-40 - YOTAVIS AG","description":"40A Stromsensor f\u00fcr IT9100"}},"product_brand":[822],"product_cat":[510,509],"product_tag":[],"class_list":{"0":"post-11029","1":"product","2":"type-product","3":"status-publish","4":"has-post-thumbnail","6":"product_brand-itech","7":"product_cat-others-en","8":"product_cat-probes-en","10":"first","11":"instock","12":"taxable","13":"shipping-taxable","14":"product-type-simple"},"acf":[],"_links":{"self":[{"href":"https:\/\/yotavis.ch\/de\/wp-json\/wp\/v2\/product\/11029","targetHints":{"allow":["GET"]}}],"collection":[{"href":"https:\/\/yotavis.ch\/de\/wp-json\/wp\/v2\/product"}],"about":[{"href":"https:\/\/yotavis.ch\/de\/wp-json\/wp\/v2\/types\/product"}],"replies":[{"embeddable":true,"href":"https:\/\/yotavis.ch\/de\/wp-json\/wp\/v2\/comments?post=11029"}],"wp:featuredmedia":[{"embeddable":true,"href":"https:\/\/yotavis.ch\/de\/wp-json\/wp\/v2\/media\/12052"}],"wp:attachment":[{"href":"https:\/\/yotavis.ch\/de\/wp-json\/wp\/v2\/media?parent=11029"}],"wp:term":[{"taxonomy":"product_brand","embeddable":true,"href":"https:\/\/yotavis.ch\/de\/wp-json\/wp\/v2\/product_brand?post=11029"},{"taxonomy":"product_cat","embeddable":true,"href":"https:\/\/yotavis.ch\/de\/wp-json\/wp\/v2\/product_cat?post=11029"},{"taxonomy":"product_tag","embeddable":true,"href":"https:\/\/yotavis.ch\/de\/wp-json\/wp\/v2\/product_tag?post=11029"}],"curies":[{"name":"wp","href":"https:\/\/api.w.org\/{rel}","templated":true}]}}