{"id":11037,"date":"2025-10-09T00:00:00","date_gmt":"2025-10-08T22:00:00","guid":{"rendered":"https:\/\/yotavis.ch\/product\/it-e31220-oo\/"},"modified":"2026-04-24T13:47:18","modified_gmt":"2026-04-24T11:47:18","slug":"it-e31220-oo","status":"publish","type":"product","link":"https:\/\/yotavis.ch\/de\/produkt\/it-e31220-oo\/","title":{"rendered":"IT-E31220-OO"},"content":{"rendered":"<p>Die IT-E31220-OO von ITECH umfasst zwei 2-Meter-Ringklemmen, die f\u00fcr eine maximale Stromst\u00e4rke von 120 A ausgelegt sind. Diese Ringklemmen sind f\u00fcr eine maximale Spannungsisolierung von 600 V ausgelegt, so dass sie in Anwendungen eingesetzt werden k\u00f6nnen, die eine starke elektrische Isolierung erfordern. Jede Klemme ist so konstruiert, dass sie eine zuverl\u00e4ssige Verbindung und sichere Befestigungspunkte f\u00fcr die elektrische Verdrahtung bietet. Das Produkt eignet sich f\u00fcr den Einsatz in verschiedenen elektrischen Anlagen, in denen eine hohe Stromkapazit\u00e4t und Spannungsisolierung erforderlich sind. Die 2-Meter-L\u00e4nge jeder Klemme erm\u00f6glicht eine flexible Installation in verschiedenen Konfigurationen. Dieses Produkt ist Teil des ITECH-Sortiments an elektrischen Komponenten, die f\u00fcr spezifische technische Anforderungen entwickelt wurden. Die Ringkabelschuhe sind so konstruiert, dass sie ihre Leistung unter den angegebenen elektrischen Bedingungen beibehalten.<\/p>","protected":false},"excerpt":{"rendered":"<p>120A\/2m*2St\u00fcck Ringkabelschuhe-Ringkabelschuhe, max. Spannungsisolierung 600V<\/p>","protected":false},"featured_media":12059,"comment_status":"closed","ping_status":"closed","template":"","meta":{"_acf_changed":false,"slim_seo":{"title":"IT-E31220-OO - YOTAVIS AG","description":"120A\/2m*2St\u00fcck Ringkabelschuhe-Ringkabelschuhe, max. Spannungsisolierung 600V"}},"product_brand":[822],"product_cat":[526,530],"product_tag":[],"class_list":{"0":"post-11037","1":"product","2":"type-product","3":"status-publish","4":"has-post-thumbnail","6":"product_brand-itech","7":"product_cat-accessories","8":"product_cat-cable","10":"first","11":"instock","12":"taxable","13":"shipping-taxable","14":"product-type-simple"},"acf":[],"_links":{"self":[{"href":"https:\/\/yotavis.ch\/de\/wp-json\/wp\/v2\/product\/11037","targetHints":{"allow":["GET"]}}],"collection":[{"href":"https:\/\/yotavis.ch\/de\/wp-json\/wp\/v2\/product"}],"about":[{"href":"https:\/\/yotavis.ch\/de\/wp-json\/wp\/v2\/types\/product"}],"replies":[{"embeddable":true,"href":"https:\/\/yotavis.ch\/de\/wp-json\/wp\/v2\/comments?post=11037"}],"wp:featuredmedia":[{"embeddable":true,"href":"https:\/\/yotavis.ch\/de\/wp-json\/wp\/v2\/media\/12059"}],"wp:attachment":[{"href":"https:\/\/yotavis.ch\/de\/wp-json\/wp\/v2\/media?parent=11037"}],"wp:term":[{"taxonomy":"product_brand","embeddable":true,"href":"https:\/\/yotavis.ch\/de\/wp-json\/wp\/v2\/product_brand?post=11037"},{"taxonomy":"product_cat","embeddable":true,"href":"https:\/\/yotavis.ch\/de\/wp-json\/wp\/v2\/product_cat?post=11037"},{"taxonomy":"product_tag","embeddable":true,"href":"https:\/\/yotavis.ch\/de\/wp-json\/wp\/v2\/product_tag?post=11037"}],"curies":[{"name":"wp","href":"https:\/\/api.w.org\/{rel}","templated":true}]}}