{"id":11043,"date":"2025-10-09T00:00:00","date_gmt":"2025-10-08T22:00:00","guid":{"rendered":"https:\/\/yotavis.ch\/product\/it-e33650-oo\/"},"modified":"2026-04-24T13:47:20","modified_gmt":"2026-04-24T11:47:20","slug":"it-e33650-oo","status":"publish","type":"product","link":"https:\/\/yotavis.ch\/de\/produkt\/it-e33650-oo\/","title":{"rendered":"IT-E33650-OO"},"content":{"rendered":"<p>Die IT-E33650-OO von ITECH umfasst zwei Ringkabelschuhe, die jeweils f\u00fcr einen Strom von 360A und eine L\u00e4nge von 5 Metern ausgelegt sind. Diese Ringklemmen sind f\u00fcr eine maximale Spannungsisolierung von 600V ausgelegt und gew\u00e4hrleisten einen sicheren Betrieb innerhalb dieses Spannungsbereichs. Das Produkt wird als Paar geliefert und bietet zwei identische Ringklemmen f\u00fcr den Einsatz in elektrischen Verbindungen. Das Design konzentriert sich auf eine zuverl\u00e4ssige Strombelastbarkeit mit einem robusten Isolationswert. Die Klemmen sind f\u00fcr Anwendungen geeignet, die eine hohe Strom\u00fcbertragung und eine sichere elektrische Isolierung erfordern. Die L\u00e4nge von 5 Metern pro Klemme erm\u00f6glicht eine flexible Installation in verschiedenen Aufbauten. Dieses Produkt ist f\u00fcr den Einsatz in Umgebungen vorgesehen, in denen die Aufrechterhaltung der Spannungsisolierung bis zu 600 V erforderlich ist.<\/p>","protected":false},"excerpt":{"rendered":"<p>360A\/5m*2St\u00fcck Ringkabelschuhe-Ringkabelschuhe, max. Spannungsisolierung 600V<\/p>","protected":false},"featured_media":12059,"comment_status":"closed","ping_status":"closed","template":"","meta":{"_acf_changed":false,"slim_seo":{"title":"IT-E33650-OO - YOTAVIS AG","description":"360A\/5m*2St\u00fcck Ringkabelschuhe-Ringkabelschuhe, max. Spannungsisolierung 600V"}},"product_brand":[822],"product_cat":[526,530],"product_tag":[],"class_list":{"0":"post-11043","1":"product","2":"type-product","3":"status-publish","4":"has-post-thumbnail","6":"product_brand-itech","7":"product_cat-accessories","8":"product_cat-cable","10":"first","11":"instock","12":"taxable","13":"shipping-taxable","14":"purchasable","15":"product-type-simple"},"acf":[],"_links":{"self":[{"href":"https:\/\/yotavis.ch\/de\/wp-json\/wp\/v2\/product\/11043","targetHints":{"allow":["GET"]}}],"collection":[{"href":"https:\/\/yotavis.ch\/de\/wp-json\/wp\/v2\/product"}],"about":[{"href":"https:\/\/yotavis.ch\/de\/wp-json\/wp\/v2\/types\/product"}],"replies":[{"embeddable":true,"href":"https:\/\/yotavis.ch\/de\/wp-json\/wp\/v2\/comments?post=11043"}],"wp:featuredmedia":[{"embeddable":true,"href":"https:\/\/yotavis.ch\/de\/wp-json\/wp\/v2\/media\/12059"}],"wp:attachment":[{"href":"https:\/\/yotavis.ch\/de\/wp-json\/wp\/v2\/media?parent=11043"}],"wp:term":[{"taxonomy":"product_brand","embeddable":true,"href":"https:\/\/yotavis.ch\/de\/wp-json\/wp\/v2\/product_brand?post=11043"},{"taxonomy":"product_cat","embeddable":true,"href":"https:\/\/yotavis.ch\/de\/wp-json\/wp\/v2\/product_cat?post=11043"},{"taxonomy":"product_tag","embeddable":true,"href":"https:\/\/yotavis.ch\/de\/wp-json\/wp\/v2\/product_tag?post=11043"}],"curies":[{"name":"wp","href":"https:\/\/api.w.org\/{rel}","templated":true}]}}