{"id":11044,"date":"2025-10-09T00:00:00","date_gmt":"2025-10-08T22:00:00","guid":{"rendered":"https:\/\/yotavis.ch\/product\/it-e3301020-oo\/"},"modified":"2026-04-24T13:47:21","modified_gmt":"2026-04-24T11:47:21","slug":"it-e3301020-oo","status":"publish","type":"product","link":"https:\/\/yotavis.ch\/de\/produkt\/it-e3301020-oo\/","title":{"rendered":"IT-E3301020-OO"},"content":{"rendered":"<p>Die IT-E3301020-OO von ITECH verf\u00fcgt \u00fcber zwei Ringklemmen mit einer L\u00e4nge von jeweils 2 Metern, die f\u00fcr eine Stromst\u00e4rke von 100A ausgelegt sind. Diese Ringklemmen sind so konstruiert, dass sie eine maximale Spannungsisolierung von 3000 V bieten und somit sichere und zuverl\u00e4ssige elektrische Verbindungen gew\u00e4hrleisten. Das Produkt ist so konstruiert, dass es spezifische elektrische Anforderungen erf\u00fcllt und sich f\u00fcr Anwendungen eignet, bei denen eine hohe Stromkapazit\u00e4t und Spannungsisolierung erforderlich sind. Der Schwerpunkt der Konstruktion liegt auf der Haltbarkeit und der effektiven elektrischen Leitf\u00e4higkeit, die f\u00fcr die Aufrechterhaltung der Leistung in anspruchsvollen Umgebungen entscheidend sind. Mit seiner spezifizierten Strombelastbarkeit und Spannungsisolierung ist dieses Produkt f\u00fcr den Einsatz in Systemen vorgesehen, die robuste Klemmenanschl\u00fcsse erfordern. Die zwei Ringkabelschuhe erm\u00f6glichen vielseitige Installationsoptionen, die verschiedene Verdrahtungskonfigurationen zulassen. Dieses Produkt ist Teil des ITECH-Sortiments an elektrischen Komponenten und spiegelt den Fokus der Marke auf technische Spezifikationen und Qualit\u00e4tsstandards wider.<\/p>","protected":false},"excerpt":{"rendered":"<p>100A\/2m*2St\u00fcck Ringkabelschuhe-Ringkabelschuhe, maximale Spannungsisolierung 3000V<\/p>","protected":false},"featured_media":12059,"comment_status":"closed","ping_status":"closed","template":"","meta":{"_acf_changed":false,"slim_seo":{"title":"IT-E3301020-OO - YOTAVIS AG","description":"100A\/2m*2St\u00fcck Ringkabelschuhe-Ringkabelschuhe, maximale Spannungsisolierung 3000V"}},"product_brand":[822],"product_cat":[526,530],"product_tag":[],"class_list":{"0":"post-11044","1":"product","2":"type-product","3":"status-publish","4":"has-post-thumbnail","6":"product_brand-itech","7":"product_cat-accessories","8":"product_cat-cable","10":"first","11":"instock","12":"taxable","13":"shipping-taxable","14":"purchasable","15":"product-type-simple"},"acf":[],"_links":{"self":[{"href":"https:\/\/yotavis.ch\/de\/wp-json\/wp\/v2\/product\/11044","targetHints":{"allow":["GET"]}}],"collection":[{"href":"https:\/\/yotavis.ch\/de\/wp-json\/wp\/v2\/product"}],"about":[{"href":"https:\/\/yotavis.ch\/de\/wp-json\/wp\/v2\/types\/product"}],"replies":[{"embeddable":true,"href":"https:\/\/yotavis.ch\/de\/wp-json\/wp\/v2\/comments?post=11044"}],"wp:featuredmedia":[{"embeddable":true,"href":"https:\/\/yotavis.ch\/de\/wp-json\/wp\/v2\/media\/12059"}],"wp:attachment":[{"href":"https:\/\/yotavis.ch\/de\/wp-json\/wp\/v2\/media?parent=11044"}],"wp:term":[{"taxonomy":"product_brand","embeddable":true,"href":"https:\/\/yotavis.ch\/de\/wp-json\/wp\/v2\/product_brand?post=11044"},{"taxonomy":"product_cat","embeddable":true,"href":"https:\/\/yotavis.ch\/de\/wp-json\/wp\/v2\/product_cat?post=11044"},{"taxonomy":"product_tag","embeddable":true,"href":"https:\/\/yotavis.ch\/de\/wp-json\/wp\/v2\/product_tag?post=11044"}],"curies":[{"name":"wp","href":"https:\/\/api.w.org\/{rel}","templated":true}]}}