{"id":11046,"date":"2025-10-09T00:00:00","date_gmt":"2025-10-08T22:00:00","guid":{"rendered":"https:\/\/yotavis.ch\/product\/it-e3302420-oo\/"},"modified":"2026-04-24T13:47:22","modified_gmt":"2026-04-24T11:47:22","slug":"it-e3302420-oo","status":"publish","type":"product","link":"https:\/\/yotavis.ch\/de\/produkt\/it-e3302420-oo\/","title":{"rendered":"IT-E3302420-OO"},"content":{"rendered":"<p>Die ITECH IT-E3302420-OO verf\u00fcgt \u00fcber zwei Ringklemmen mit einer L\u00e4nge von jeweils 2 Metern, die f\u00fcr eine Stromst\u00e4rke von 240A ausgelegt sind. Diese Ringklemmen bieten eine maximale Spannungsisolierung von 3000V und gew\u00e4hrleisten einen sicheren Betrieb innerhalb der vorgegebenen elektrischen Grenzen. Das Produkt tr\u00e4gt die Modellnummer IT-E3302420-OO und wird von der Marke ITECH hergestellt. Das Design konzentriert sich auf die Bereitstellung einer zuverl\u00e4ssigen elektrischen Verbindung mit robuster Stromkapazit\u00e4t und hoher Spannungsisolierung. Die zwei Ringkabelschuhe erm\u00f6glichen vielseitige Installationsm\u00f6glichkeiten in verschiedenen elektrischen Anlagen. Dieses Produkt eignet sich f\u00fcr Anwendungen, die eine sichere und effiziente Strom\u00fcbertragung mit erheblichen Spannungsisolierungsf\u00e4higkeiten erfordern.<\/p>","protected":false},"excerpt":{"rendered":"<p>240A\/2m*2St\u00fcck Ringkabelschuhe-Ringkabelschuhe, maximale Spannungsisolierung 3000V<\/p>","protected":false},"featured_media":12059,"comment_status":"closed","ping_status":"closed","template":"","meta":{"_acf_changed":false,"slim_seo":{"title":"IT-E3302420-OO - YOTAVIS AG","description":"240A\/2m*2St\u00fcck Ringkabelschuhe-Ringkabelschuhe, maximale Spannungsisolierung 3000V"}},"product_brand":[822],"product_cat":[526,530],"product_tag":[],"class_list":{"0":"post-11046","1":"product","2":"type-product","3":"status-publish","4":"has-post-thumbnail","6":"product_brand-itech","7":"product_cat-accessories","8":"product_cat-cable","10":"first","11":"instock","12":"taxable","13":"shipping-taxable","14":"purchasable","15":"product-type-simple"},"acf":[],"_links":{"self":[{"href":"https:\/\/yotavis.ch\/de\/wp-json\/wp\/v2\/product\/11046","targetHints":{"allow":["GET"]}}],"collection":[{"href":"https:\/\/yotavis.ch\/de\/wp-json\/wp\/v2\/product"}],"about":[{"href":"https:\/\/yotavis.ch\/de\/wp-json\/wp\/v2\/types\/product"}],"replies":[{"embeddable":true,"href":"https:\/\/yotavis.ch\/de\/wp-json\/wp\/v2\/comments?post=11046"}],"wp:featuredmedia":[{"embeddable":true,"href":"https:\/\/yotavis.ch\/de\/wp-json\/wp\/v2\/media\/12059"}],"wp:attachment":[{"href":"https:\/\/yotavis.ch\/de\/wp-json\/wp\/v2\/media?parent=11046"}],"wp:term":[{"taxonomy":"product_brand","embeddable":true,"href":"https:\/\/yotavis.ch\/de\/wp-json\/wp\/v2\/product_brand?post=11046"},{"taxonomy":"product_cat","embeddable":true,"href":"https:\/\/yotavis.ch\/de\/wp-json\/wp\/v2\/product_cat?post=11046"},{"taxonomy":"product_tag","embeddable":true,"href":"https:\/\/yotavis.ch\/de\/wp-json\/wp\/v2\/product_tag?post=11046"}],"curies":[{"name":"wp","href":"https:\/\/api.w.org\/{rel}","templated":true}]}}