{"id":11048,"date":"2025-10-09T00:00:00","date_gmt":"2025-10-08T22:00:00","guid":{"rendered":"https:\/\/yotavis.ch\/product\/it8211\/"},"modified":"2026-04-24T13:48:23","modified_gmt":"2026-04-24T11:48:23","slug":"it8211","status":"publish","type":"product","link":"https:\/\/yotavis.ch\/de\/produkt\/it8211\/","title":{"rendered":"IT8211"},"content":{"rendered":"<p>Die ITECH IT8211 ist eine elektronische Gleichstromlast, die f\u00fcr eine maximale Spannung von 60 Volt und einen maximalen Strom von 30 Ampere ausgelegt ist und eine Leistungskapazit\u00e4t von 150 Watt bietet. Sie verf\u00fcgt \u00fcber einen einzigen Ausgangskanal, der eine einfache Bedienung und einen einfachen Anschluss erm\u00f6glicht. Dieses Modell unterst\u00fctzt keine Fernbedienungsfunktionen und ist auf die direkte manuelle Bedienung ausgerichtet. Das Ger\u00e4t wurde entwickelt, um Gleichstromlasten innerhalb der angegebenen Spannungs- und Stromgrenzen effizient zu verwalten. Sein Design eignet sich f\u00fcr Anwendungen, die pr\u00e4zise Lasttests und Stromverbrauchsmessungen erfordern. Die Spezifikationen des IT8211 stellen sicher, dass er in verschiedene Testumgebungen integriert werden kann, in denen eine kontrollierte DC-Last erforderlich ist. Mit seinen definierten elektrischen Parametern dient er als zuverl\u00e4ssiges Werkzeug zur Bewertung von Stromquellen und Komponenten unter Lastbedingungen.<\/p>","protected":false},"excerpt":{"rendered":"<p>DC-E-Last 60V\/30A\/150W<\/p>","protected":false},"featured_media":12064,"comment_status":"closed","ping_status":"closed","template":"","meta":{"_acf_changed":false,"slim_seo":{"title":"IT8211 - YOTAVIS AG","description":"DC-E-Last 60V\/30A\/150W"}},"product_brand":[822],"product_cat":[517,515],"product_tag":[],"class_list":{"0":"post-11048","1":"product","2":"type-product","3":"status-publish","4":"has-post-thumbnail","6":"product_brand-itech","7":"product_cat-dc-load-en","8":"product_cat-power-en","9":"pa_current-a-404","10":"pa_output-number-146","11":"pa_power-w-391","12":"pa_remote-control-no","13":"pa_voltage-v-314","15":"first","16":"instock","17":"taxable","18":"shipping-taxable","19":"product-type-simple"},"acf":[],"_links":{"self":[{"href":"https:\/\/yotavis.ch\/de\/wp-json\/wp\/v2\/product\/11048","targetHints":{"allow":["GET"]}}],"collection":[{"href":"https:\/\/yotavis.ch\/de\/wp-json\/wp\/v2\/product"}],"about":[{"href":"https:\/\/yotavis.ch\/de\/wp-json\/wp\/v2\/types\/product"}],"replies":[{"embeddable":true,"href":"https:\/\/yotavis.ch\/de\/wp-json\/wp\/v2\/comments?post=11048"}],"wp:featuredmedia":[{"embeddable":true,"href":"https:\/\/yotavis.ch\/de\/wp-json\/wp\/v2\/media\/12064"}],"wp:attachment":[{"href":"https:\/\/yotavis.ch\/de\/wp-json\/wp\/v2\/media?parent=11048"}],"wp:term":[{"taxonomy":"product_brand","embeddable":true,"href":"https:\/\/yotavis.ch\/de\/wp-json\/wp\/v2\/product_brand?post=11048"},{"taxonomy":"product_cat","embeddable":true,"href":"https:\/\/yotavis.ch\/de\/wp-json\/wp\/v2\/product_cat?post=11048"},{"taxonomy":"product_tag","embeddable":true,"href":"https:\/\/yotavis.ch\/de\/wp-json\/wp\/v2\/product_tag?post=11048"}],"curies":[{"name":"wp","href":"https:\/\/api.w.org\/{rel}","templated":true}]}}