{"id":11053,"date":"2025-10-09T00:00:00","date_gmt":"2025-10-08T22:00:00","guid":{"rendered":"https:\/\/yotavis.ch\/product\/it8512g\/"},"modified":"2026-04-24T13:48:28","modified_gmt":"2026-04-24T11:48:28","slug":"it8512g","status":"publish","type":"product","link":"https:\/\/yotavis.ch\/de\/produkt\/it8512g\/","title":{"rendered":"IT8512G+"},"content":{"rendered":"<p>Der IT8512G+ ist eine elektronische Gleichstromlast, die bis zu 150 Volt und 30 Ampere bei einer maximalen Leistung von 300 Watt verarbeiten kann. Er verf\u00fcgt \u00fcber einen einzigen Ausgangskanal, der f\u00fcr pr\u00e4zise Lasttestanwendungen konzipiert ist. Das Ger\u00e4t unterst\u00fctzt Fernsteuerungsfunktionen, die eine bequeme Bedienung und Integration in automatisierte Testaufbauten erm\u00f6glichen. Zu den Anschlussm\u00f6glichkeiten geh\u00f6ren eine Standard-USB-Schnittstelle, die sowohl mit TMC- als auch mit VCP-Protokollen kompatibel ist, sowie ein LAN-Anschluss f\u00fcr die Netzwerkkommunikation. Dank dieser Kombination von Spannungs-, Strom- und Leistungsspezifikationen eignet sich das IT8512G+ f\u00fcr eine Vielzahl von Pr\u00fcfszenarien, bei denen eine kontrollierte elektronische Belastung erforderlich ist. Durch die M\u00f6glichkeit der Fernsteuerung und mehrerer Kommunikationsschnittstellen wird seine Vielseitigkeit in Labor- und Produktionsumgebungen erh\u00f6ht. Dieses von ITECH hergestellte Modell erf\u00fcllt die Anforderungen von Anwendern, die zuverl\u00e4ssige und flexible DC-Lastfunktionen ben\u00f6tigen.<\/p>","protected":false},"excerpt":{"rendered":"<p>DC E-load 150V\/30A\/300W, standard USB (TMC &#038; VCP), LAN<\/p>","protected":false},"featured_media":12107,"comment_status":"closed","ping_status":"closed","template":"","meta":{"_acf_changed":false,"slim_seo":{"title":"IT8512G+ - YOTAVIS AG","description":"DC E-load 150V\/30A\/300W, standard USB (TMC & VCP), LAN"}},"product_brand":[822],"product_cat":[517,515],"product_tag":[],"class_list":{"0":"post-11053","1":"product","2":"type-product","3":"status-publish","4":"has-post-thumbnail","6":"product_brand-itech","7":"product_cat-dc-load-en","8":"product_cat-power-en","9":"pa_current-a-404","10":"pa_output-number-146","11":"pa_power-w-416","12":"pa_remote-control-yes","13":"pa_voltage-v-150","15":"first","16":"instock","17":"taxable","18":"shipping-taxable","19":"product-type-simple"},"acf":[],"_links":{"self":[{"href":"https:\/\/yotavis.ch\/de\/wp-json\/wp\/v2\/product\/11053","targetHints":{"allow":["GET"]}}],"collection":[{"href":"https:\/\/yotavis.ch\/de\/wp-json\/wp\/v2\/product"}],"about":[{"href":"https:\/\/yotavis.ch\/de\/wp-json\/wp\/v2\/types\/product"}],"replies":[{"embeddable":true,"href":"https:\/\/yotavis.ch\/de\/wp-json\/wp\/v2\/comments?post=11053"}],"wp:featuredmedia":[{"embeddable":true,"href":"https:\/\/yotavis.ch\/de\/wp-json\/wp\/v2\/media\/12107"}],"wp:attachment":[{"href":"https:\/\/yotavis.ch\/de\/wp-json\/wp\/v2\/media?parent=11053"}],"wp:term":[{"taxonomy":"product_brand","embeddable":true,"href":"https:\/\/yotavis.ch\/de\/wp-json\/wp\/v2\/product_brand?post=11053"},{"taxonomy":"product_cat","embeddable":true,"href":"https:\/\/yotavis.ch\/de\/wp-json\/wp\/v2\/product_cat?post=11053"},{"taxonomy":"product_tag","embeddable":true,"href":"https:\/\/yotavis.ch\/de\/wp-json\/wp\/v2\/product_tag?post=11053"}],"curies":[{"name":"wp","href":"https:\/\/api.w.org\/{rel}","templated":true}]}}