{"id":11058,"date":"2025-10-09T00:00:00","date_gmt":"2025-10-08T22:00:00","guid":{"rendered":"https:\/\/yotavis.ch\/product\/it8513a\/"},"modified":"2026-04-24T13:48:33","modified_gmt":"2026-04-24T11:48:33","slug":"it8513a","status":"publish","type":"product","link":"https:\/\/yotavis.ch\/de\/produkt\/it8513a\/","title":{"rendered":"IT8513A+"},"content":{"rendered":"<p>Das IT8513A+ ist eine elektronische Gleichstromlast, die bis zu 150 Volt und 60 Ampere mit einer maximalen Leistung von 400 Watt verarbeiten kann. Er verf\u00fcgt \u00fcber einen einzigen Ausgangskanal, der f\u00fcr pr\u00e4zise Lasttestanwendungen konzipiert ist. Das Ger\u00e4t unterst\u00fctzt eine Fernsteuerungsfunktion, die eine bequeme Bedienung und Integration in automatisierte Testaufbauten erm\u00f6glicht. Zu den Kommunikationsoptionen geh\u00f6ren ein DB9-Anschluss mit TTL-Signalisierung sowie optionale Schnittstellen wie USB, RS232 und RS485, die die Konnektivit\u00e4t und Steuerungsflexibilit\u00e4t erh\u00f6hen. Diese elektronische Last wird von ITECH hergestellt, einer Marke, die f\u00fcr die Herstellung zuverl\u00e4ssiger Pr\u00fcfger\u00e4te bekannt ist. Durch die Kombination ihrer Spannungs-, Strom- und Leistungsspezifikationen eignet sie sich f\u00fcr eine Vielzahl von Pr\u00fcfszenarien, bei denen eine genaue DC-Lastsimulation erforderlich ist. Ihr Design unterst\u00fctzt eine effiziente und stabile Leistung unter bestimmten elektrischen Bedingungen.<\/p>","protected":false},"excerpt":{"rendered":"<p>DC E-Last 150V\/60A\/400W, DB9(TTL), optional USB\/RS232\/RS485 Schnittstelle<\/p>","protected":false},"featured_media":12100,"comment_status":"closed","ping_status":"closed","template":"","meta":{"_acf_changed":false,"slim_seo":{"title":"IT8513A+ - YOTAVIS AG","description":"DC E-Last 150V\/60A\/400W, DB9(TTL), optional USB\/RS232\/RS485 Schnittstelle"}},"product_brand":[822],"product_cat":[517,515],"product_tag":[],"class_list":{"0":"post-11058","1":"product","2":"type-product","3":"status-publish","4":"has-post-thumbnail","6":"product_brand-itech","7":"product_cat-dc-load-en","8":"product_cat-power-en","9":"pa_current-a-406","10":"pa_output-number-146","11":"pa_power-w-398","12":"pa_remote-control-yes","13":"pa_voltage-v-150","15":"first","16":"instock","17":"taxable","18":"shipping-taxable","19":"product-type-simple"},"acf":[],"_links":{"self":[{"href":"https:\/\/yotavis.ch\/de\/wp-json\/wp\/v2\/product\/11058","targetHints":{"allow":["GET"]}}],"collection":[{"href":"https:\/\/yotavis.ch\/de\/wp-json\/wp\/v2\/product"}],"about":[{"href":"https:\/\/yotavis.ch\/de\/wp-json\/wp\/v2\/types\/product"}],"replies":[{"embeddable":true,"href":"https:\/\/yotavis.ch\/de\/wp-json\/wp\/v2\/comments?post=11058"}],"wp:featuredmedia":[{"embeddable":true,"href":"https:\/\/yotavis.ch\/de\/wp-json\/wp\/v2\/media\/12100"}],"wp:attachment":[{"href":"https:\/\/yotavis.ch\/de\/wp-json\/wp\/v2\/media?parent=11058"}],"wp:term":[{"taxonomy":"product_brand","embeddable":true,"href":"https:\/\/yotavis.ch\/de\/wp-json\/wp\/v2\/product_brand?post=11058"},{"taxonomy":"product_cat","embeddable":true,"href":"https:\/\/yotavis.ch\/de\/wp-json\/wp\/v2\/product_cat?post=11058"},{"taxonomy":"product_tag","embeddable":true,"href":"https:\/\/yotavis.ch\/de\/wp-json\/wp\/v2\/product_tag?post=11058"}],"curies":[{"name":"wp","href":"https:\/\/api.w.org\/{rel}","templated":true}]}}