{"id":11059,"date":"2025-10-09T00:00:00","date_gmt":"2025-10-08T22:00:00","guid":{"rendered":"https:\/\/yotavis.ch\/product\/it8513b\/"},"modified":"2026-04-24T13:48:33","modified_gmt":"2026-04-24T11:48:33","slug":"it8513b","status":"publish","type":"product","link":"https:\/\/yotavis.ch\/de\/produkt\/it8513b\/","title":{"rendered":"IT8513B+"},"content":{"rendered":"<p>Das IT8513B+ ist eine elektronische Gleichstromlast, die bis zu 500 Volt und 30 Ampere bei einer maximalen Nennleistung von 600 Watt verarbeiten kann. Er verf\u00fcgt \u00fcber einen einzigen Ausgangskanal, der f\u00fcr pr\u00e4zise Lasttests und Messungen ausgelegt ist. Das Ger\u00e4t unterst\u00fctzt Fernsteuerungsfunktionen, die eine bequeme Bedienung und Integration in automatisierte Testsysteme erm\u00f6glichen. Zu den Anschlussm\u00f6glichkeiten geh\u00f6ren standardm\u00e4\u00dfige USB- und RS232-Schnittstellen, die die Kommunikation mit verschiedenen Steuerungs- und Datenerfassungssystemen erm\u00f6glichen. Diese elektronische Last wird von ITECH hergestellt, einer Marke, die f\u00fcr die Herstellung zuverl\u00e4ssiger Pr\u00fcfger\u00e4te bekannt ist. Dank der Kombination aus hoher Spannung, Stromkapazit\u00e4t und Leistung eignet sich der IT8513B+ f\u00fcr eine Reihe von Anwendungen, die stabile und genaue Gleichstromlastbedingungen erfordern.<\/p>","protected":false},"excerpt":{"rendered":"<p>DC E-Last 500V\/30A\/600W, Standard USB\/RS232 Schnittstelle<\/p>","protected":false},"featured_media":12101,"comment_status":"closed","ping_status":"closed","template":"","meta":{"_acf_changed":false,"slim_seo":{"title":"IT8513B+ - YOTAVIS AG","description":"DC E-Last 500V\/30A\/600W, Standard USB\/RS232 Schnittstelle"}},"product_brand":[822],"product_cat":[517,515],"product_tag":[],"class_list":{"0":"post-11059","1":"product","2":"type-product","3":"status-publish","4":"has-post-thumbnail","6":"product_brand-itech","7":"product_cat-dc-load-en","8":"product_cat-power-en","9":"pa_current-a-404","10":"pa_output-number-146","11":"pa_power-w-582","12":"pa_remote-control-yes","13":"pa_voltage-v-604","15":"first","16":"instock","17":"taxable","18":"shipping-taxable","19":"product-type-simple"},"acf":[],"_links":{"self":[{"href":"https:\/\/yotavis.ch\/de\/wp-json\/wp\/v2\/product\/11059","targetHints":{"allow":["GET"]}}],"collection":[{"href":"https:\/\/yotavis.ch\/de\/wp-json\/wp\/v2\/product"}],"about":[{"href":"https:\/\/yotavis.ch\/de\/wp-json\/wp\/v2\/types\/product"}],"replies":[{"embeddable":true,"href":"https:\/\/yotavis.ch\/de\/wp-json\/wp\/v2\/comments?post=11059"}],"wp:featuredmedia":[{"embeddable":true,"href":"https:\/\/yotavis.ch\/de\/wp-json\/wp\/v2\/media\/12101"}],"wp:attachment":[{"href":"https:\/\/yotavis.ch\/de\/wp-json\/wp\/v2\/media?parent=11059"}],"wp:term":[{"taxonomy":"product_brand","embeddable":true,"href":"https:\/\/yotavis.ch\/de\/wp-json\/wp\/v2\/product_brand?post=11059"},{"taxonomy":"product_cat","embeddable":true,"href":"https:\/\/yotavis.ch\/de\/wp-json\/wp\/v2\/product_cat?post=11059"},{"taxonomy":"product_tag","embeddable":true,"href":"https:\/\/yotavis.ch\/de\/wp-json\/wp\/v2\/product_tag?post=11059"}],"curies":[{"name":"wp","href":"https:\/\/api.w.org\/{rel}","templated":true}]}}