{"id":11060,"date":"2025-10-09T00:00:00","date_gmt":"2025-10-08T22:00:00","guid":{"rendered":"https:\/\/yotavis.ch\/product\/it8513c\/"},"modified":"2026-04-24T13:48:34","modified_gmt":"2026-04-24T11:48:34","slug":"it8513c","status":"publish","type":"product","link":"https:\/\/yotavis.ch\/de\/produkt\/it8513c\/","title":{"rendered":"IT8513C+"},"content":{"rendered":"<p>Der IT8513C+ ist eine elektronische Gleichstromlast, die bis zu 120 Volt und 120 Ampere verarbeiten kann und eine maximale Leistung von 600 Watt liefert. Sie verf\u00fcgt \u00fcber einen einzigen Ausgangskanal und unterst\u00fctzt Fernsteuerungsfunktionen. Das Ger\u00e4t verf\u00fcgt \u00fcber eine DB9-Schnittstelle mit TTL-Signalisierung und bietet optionale USB-, RS232- und RS485-Schnittstellen f\u00fcr flexible Anschlussm\u00f6glichkeiten. Der IT8513C+ wurde f\u00fcr verschiedene Pr\u00fcf- und Messanwendungen entwickelt und bietet eine zuverl\u00e4ssige Leistung innerhalb seiner spezifizierten Spannungs- und Stromgrenzen. Seine Konfiguration erm\u00f6glicht eine pr\u00e4zise Steuerung und \u00dcberwachung von DC-Lasten, wodurch er sich f\u00fcr den Einsatz in Labor- und Industrieumgebungen eignet. Die Einbeziehung mehrerer Schnittstellenoptionen verbessert die Anpassungsf\u00e4higkeit an verschiedene Systemkonfigurationen und Kommunikationsprotokolle.<\/p>","protected":false},"excerpt":{"rendered":"<p>DC E-Last 120V\/120A\/600W, DB9(TTL), optional USB\/RS232\/RS485 Schnittstelle<\/p>","protected":false},"featured_media":12104,"comment_status":"closed","ping_status":"closed","template":"","meta":{"_acf_changed":false,"slim_seo":{"title":"IT8513C+ - YOTAVIS AG","description":"DC E-Last 120V\/120A\/600W, DB9(TTL), optional USB\/RS232\/RS485 Schnittstelle"}},"product_brand":[822],"product_cat":[517,515],"product_tag":[],"class_list":{"0":"post-11060","1":"product","2":"type-product","3":"status-publish","4":"has-post-thumbnail","6":"product_brand-itech","7":"product_cat-dc-load-en","8":"product_cat-power-en","9":"pa_current-a-559","10":"pa_output-number-146","11":"pa_power-w-582","12":"pa_remote-control-yes","13":"pa_voltage-v-979","15":"first","16":"instock","17":"taxable","18":"shipping-taxable","19":"product-type-simple"},"acf":[],"_links":{"self":[{"href":"https:\/\/yotavis.ch\/de\/wp-json\/wp\/v2\/product\/11060","targetHints":{"allow":["GET"]}}],"collection":[{"href":"https:\/\/yotavis.ch\/de\/wp-json\/wp\/v2\/product"}],"about":[{"href":"https:\/\/yotavis.ch\/de\/wp-json\/wp\/v2\/types\/product"}],"replies":[{"embeddable":true,"href":"https:\/\/yotavis.ch\/de\/wp-json\/wp\/v2\/comments?post=11060"}],"wp:featuredmedia":[{"embeddable":true,"href":"https:\/\/yotavis.ch\/de\/wp-json\/wp\/v2\/media\/12104"}],"wp:attachment":[{"href":"https:\/\/yotavis.ch\/de\/wp-json\/wp\/v2\/media?parent=11060"}],"wp:term":[{"taxonomy":"product_brand","embeddable":true,"href":"https:\/\/yotavis.ch\/de\/wp-json\/wp\/v2\/product_brand?post=11060"},{"taxonomy":"product_cat","embeddable":true,"href":"https:\/\/yotavis.ch\/de\/wp-json\/wp\/v2\/product_cat?post=11060"},{"taxonomy":"product_tag","embeddable":true,"href":"https:\/\/yotavis.ch\/de\/wp-json\/wp\/v2\/product_tag?post=11060"}],"curies":[{"name":"wp","href":"https:\/\/api.w.org\/{rel}","templated":true}]}}