{"id":11064,"date":"2025-10-09T00:00:00","date_gmt":"2025-10-08T22:00:00","guid":{"rendered":"https:\/\/yotavis.ch\/product\/it6720\/"},"modified":"2026-04-24T13:48:37","modified_gmt":"2026-04-24T11:48:37","slug":"it6720","status":"publish","type":"product","link":"https:\/\/yotavis.ch\/de\/produkt\/it6720\/","title":{"rendered":"IT6720"},"content":{"rendered":"<p>Das ITECH IT6720 ist ein Gleichstromnetzteil, das eine maximale Ausgangsspannung von 60 Volt und eine Stromst\u00e4rke von bis zu 5 Ampere liefert, was eine Gesamtleistung von 100 Watt ergibt. Es verf\u00fcgt \u00fcber einen einzigen Ausgangskanal, der eine einfache Bedienung und den Anschluss an verschiedene Ger\u00e4te erm\u00f6glicht. Dieses Modell verf\u00fcgt \u00fcber keine Fernbedienungsfunktionalit\u00e4t, sondern ist auf direkte manuelle Einstellungen ausgerichtet. Das Netzteil eignet sich f\u00fcr Anwendungen, die eine stabile und einstellbare Gleichspannung und Stromst\u00e4rke innerhalb der angegebenen Bereiche erfordern. Seine Konstruktion erm\u00f6glicht eine pr\u00e4zise Steuerung der Ausgangsparameter, was es f\u00fcr das Testen und Versorgen elektronischer Schaltungen n\u00fctzlich macht. Die Spezifikationen des Ger\u00e4ts betonen seine F\u00e4higkeit, moderate Leistungspegel mit einem zuverl\u00e4ssigen Ausgang zu handhaben. Der Verzicht auf zus\u00e4tzliche Funktionen wie mehrere Kan\u00e4le oder digitale Schnittstellen deutet darauf hin, dass man sich auf Einfachheit und wesentliche Funktionalit\u00e4t konzentriert hat.<\/p>","protected":false},"excerpt":{"rendered":"<p>DC PSU 0-60V\/0-5A \/100W<\/p>","protected":false},"featured_media":12113,"comment_status":"closed","ping_status":"closed","template":"","meta":{"_acf_changed":false,"slim_seo":{"title":"IT6720 - YOTAVIS AG","description":"DC PSU 0-60V\/0-5A \/100W"}},"product_brand":[822],"product_cat":[516,515],"product_tag":[],"class_list":{"0":"post-11064","1":"product","2":"type-product","3":"status-publish","4":"has-post-thumbnail","6":"product_brand-itech","7":"product_cat-dc-source-en","8":"product_cat-power-en","9":"pa_current-a-392","10":"pa_output-number-146","11":"pa_power-w-481","12":"pa_remote-control-no","13":"pa_voltage-v-314","15":"first","16":"instock","17":"taxable","18":"shipping-taxable","19":"product-type-simple"},"acf":[],"_links":{"self":[{"href":"https:\/\/yotavis.ch\/de\/wp-json\/wp\/v2\/product\/11064","targetHints":{"allow":["GET"]}}],"collection":[{"href":"https:\/\/yotavis.ch\/de\/wp-json\/wp\/v2\/product"}],"about":[{"href":"https:\/\/yotavis.ch\/de\/wp-json\/wp\/v2\/types\/product"}],"replies":[{"embeddable":true,"href":"https:\/\/yotavis.ch\/de\/wp-json\/wp\/v2\/comments?post=11064"}],"wp:featuredmedia":[{"embeddable":true,"href":"https:\/\/yotavis.ch\/de\/wp-json\/wp\/v2\/media\/12113"}],"wp:attachment":[{"href":"https:\/\/yotavis.ch\/de\/wp-json\/wp\/v2\/media?parent=11064"}],"wp:term":[{"taxonomy":"product_brand","embeddable":true,"href":"https:\/\/yotavis.ch\/de\/wp-json\/wp\/v2\/product_brand?post=11064"},{"taxonomy":"product_cat","embeddable":true,"href":"https:\/\/yotavis.ch\/de\/wp-json\/wp\/v2\/product_cat?post=11064"},{"taxonomy":"product_tag","embeddable":true,"href":"https:\/\/yotavis.ch\/de\/wp-json\/wp\/v2\/product_tag?post=11064"}],"curies":[{"name":"wp","href":"https:\/\/api.w.org\/{rel}","templated":true}]}}