{"id":11066,"date":"2025-10-09T00:00:00","date_gmt":"2025-10-08T22:00:00","guid":{"rendered":"https:\/\/yotavis.ch\/product\/it6302\/"},"modified":"2026-04-24T13:48:38","modified_gmt":"2026-04-24T11:48:38","slug":"it6302","status":"publish","type":"product","link":"https:\/\/yotavis.ch\/de\/produkt\/it6302\/","title":{"rendered":"IT6302"},"content":{"rendered":"<p>Die ITECH IT6302 ist eine Gleichstromquelle f\u00fcr Stromanwendungen. Sie verf\u00fcgt \u00fcber eine Ausgangsleistung von 195 Watt und arbeitet mit einer Spannung von bis zu 30 Volt und einem Strom von 3 Ampere. Das Ger\u00e4t verf\u00fcgt \u00fcber drei unabh\u00e4ngige Ausg\u00e4nge, die vielseitige Test- und Stromversorgungskonfigurationen erm\u00f6glichen. Es ist ideal f\u00fcr Labor- und Industrieumgebungen und unterst\u00fctzt eine Reihe von Testszenarien, die eine stabile Gleichstromversorgung erfordern. Seine fortschrittlichen Funktionen gew\u00e4hrleisten eine pr\u00e4zise Steuerung von Spannung und Strom f\u00fcr eine zuverl\u00e4ssige Leistung.<\/p>","protected":false},"excerpt":{"rendered":"<p>DC-Netzteil Dreifachausgang 30V\/3A\/90W*2CH; 5V\/3A\/15W*1CH, optional RS232\/USB<\/p>","protected":false},"featured_media":12120,"comment_status":"closed","ping_status":"closed","template":"","meta":{"_acf_changed":false,"slim_seo":{"title":"IT6302 - YOTAVIS AG","description":"DC-Netzteil Dreifachausgang 30V\/3A\/90W*2CH; 5V\/3A\/15W*1CH, optional RS232\/USB"}},"product_brand":[822],"product_cat":[516,515],"product_tag":[],"class_list":{"0":"post-11066","1":"product","2":"type-product","3":"status-publish","4":"has-post-thumbnail","6":"product_brand-itech","7":"product_cat-dc-source-en","8":"product_cat-power-en","9":"pa_current-a-485","10":"pa_output-number-141","11":"pa_power-w-956","12":"pa_voltage-v-145","14":"first","15":"instock","16":"taxable","17":"shipping-taxable","18":"product-type-simple"},"acf":[],"_links":{"self":[{"href":"https:\/\/yotavis.ch\/de\/wp-json\/wp\/v2\/product\/11066","targetHints":{"allow":["GET"]}}],"collection":[{"href":"https:\/\/yotavis.ch\/de\/wp-json\/wp\/v2\/product"}],"about":[{"href":"https:\/\/yotavis.ch\/de\/wp-json\/wp\/v2\/types\/product"}],"replies":[{"embeddable":true,"href":"https:\/\/yotavis.ch\/de\/wp-json\/wp\/v2\/comments?post=11066"}],"wp:featuredmedia":[{"embeddable":true,"href":"https:\/\/yotavis.ch\/de\/wp-json\/wp\/v2\/media\/12120"}],"wp:attachment":[{"href":"https:\/\/yotavis.ch\/de\/wp-json\/wp\/v2\/media?parent=11066"}],"wp:term":[{"taxonomy":"product_brand","embeddable":true,"href":"https:\/\/yotavis.ch\/de\/wp-json\/wp\/v2\/product_brand?post=11066"},{"taxonomy":"product_cat","embeddable":true,"href":"https:\/\/yotavis.ch\/de\/wp-json\/wp\/v2\/product_cat?post=11066"},{"taxonomy":"product_tag","embeddable":true,"href":"https:\/\/yotavis.ch\/de\/wp-json\/wp\/v2\/product_tag?post=11066"}],"curies":[{"name":"wp","href":"https:\/\/api.w.org\/{rel}","templated":true}]}}