{"id":11067,"date":"2025-10-09T00:00:00","date_gmt":"2025-10-08T22:00:00","guid":{"rendered":"https:\/\/yotavis.ch\/product\/it6861a\/"},"modified":"2026-04-24T13:48:38","modified_gmt":"2026-04-24T11:48:38","slug":"it6861a","status":"publish","type":"product","link":"https:\/\/yotavis.ch\/de\/produkt\/it6861a\/","title":{"rendered":"IT6861A"},"content":{"rendered":"<p>Das IT6861A ist ein Gleichstromnetzteil, das 20 Volt bei 5 Ampere mit einer maximalen Ausgangsleistung von 100 Watt liefern kann. Es unterst\u00fctzt auch einen alternativen Ausgang von 8 Volt bei 9 Ampere mit einer Leistung von 72 Watt. Das Ger\u00e4t ist in einem 2U-Half-Rack-Formfaktor konstruiert, wodurch es sich f\u00fcr die Integration in Standardger\u00e4te-Racks eignet. Es verf\u00fcgt \u00fcber eine Standard-RS232- und -USB-Schnittstelle f\u00fcr Konnektivit\u00e4t und Fernsteuerungsfunktionen, die eine bequeme Bedienung und \u00dcberwachung erm\u00f6glichen. Das Netzteil verf\u00fcgt \u00fcber einen einzigen Ausgangskanal, der eine gezielte und zuverl\u00e4ssige Stromversorgung gew\u00e4hrleistet. Sein Design und seine Spezifikationen machen es anpassungsf\u00e4hig f\u00fcr verschiedene Anwendungen, die eine stabile Gleichstromversorgung mit Fernsteuerungsoptionen erfordern.<\/p>","protected":false},"excerpt":{"rendered":"<p>DC-Netzteil 20V\/5A\/100W ; 8V\/9A\/72W, 2U Halbrack, Standard RS232\/USB Schnittstelle<\/p>","protected":false},"featured_media":12125,"comment_status":"closed","ping_status":"closed","template":"","meta":{"_acf_changed":false,"slim_seo":{"title":"IT6861A - YOTAVIS AG","description":"DC-Netzteil 20V\/5A\/100W ; 8V\/9A\/72W, 2U Halbrack, Standard RS232\/USB Schnittstelle"}},"product_brand":[822],"product_cat":[516,515],"product_tag":[],"class_list":{"0":"post-11067","1":"product","2":"type-product","3":"status-publish","4":"has-post-thumbnail","6":"product_brand-itech","7":"product_cat-dc-source-en","8":"product_cat-power-en","9":"pa_current-a-955","10":"pa_output-number-146","11":"pa_power-w-481","12":"pa_remote-control-yes","13":"pa_voltage-v-315","15":"first","16":"instock","17":"taxable","18":"shipping-taxable","19":"product-type-simple"},"acf":[],"_links":{"self":[{"href":"https:\/\/yotavis.ch\/de\/wp-json\/wp\/v2\/product\/11067","targetHints":{"allow":["GET"]}}],"collection":[{"href":"https:\/\/yotavis.ch\/de\/wp-json\/wp\/v2\/product"}],"about":[{"href":"https:\/\/yotavis.ch\/de\/wp-json\/wp\/v2\/types\/product"}],"replies":[{"embeddable":true,"href":"https:\/\/yotavis.ch\/de\/wp-json\/wp\/v2\/comments?post=11067"}],"wp:featuredmedia":[{"embeddable":true,"href":"https:\/\/yotavis.ch\/de\/wp-json\/wp\/v2\/media\/12125"}],"wp:attachment":[{"href":"https:\/\/yotavis.ch\/de\/wp-json\/wp\/v2\/media?parent=11067"}],"wp:term":[{"taxonomy":"product_brand","embeddable":true,"href":"https:\/\/yotavis.ch\/de\/wp-json\/wp\/v2\/product_brand?post=11067"},{"taxonomy":"product_cat","embeddable":true,"href":"https:\/\/yotavis.ch\/de\/wp-json\/wp\/v2\/product_cat?post=11067"},{"taxonomy":"product_tag","embeddable":true,"href":"https:\/\/yotavis.ch\/de\/wp-json\/wp\/v2\/product_tag?post=11067"}],"curies":[{"name":"wp","href":"https:\/\/api.w.org\/{rel}","templated":true}]}}