{"id":11070,"date":"2025-10-09T00:00:00","date_gmt":"2025-10-08T22:00:00","guid":{"rendered":"https:\/\/yotavis.ch\/product\/it6872a\/"},"modified":"2026-04-24T13:48:39","modified_gmt":"2026-04-24T11:48:39","slug":"it6872a","status":"publish","type":"product","link":"https:\/\/yotavis.ch\/de\/produkt\/it6872a\/","title":{"rendered":"IT6872A"},"content":{"rendered":"<p>Das IT6872A ist ein Gleichstromnetzteil, das bis zu 35 Volt und 4 Ampere liefern kann, mit einer maximalen Ausgangsleistung von 140 Watt. Es unterst\u00fctzt auch eine alternative Ausgangskonfiguration von 15 Volt und 7 Ampere, die eine Leistung von 105 Watt bietet. Dieses Ger\u00e4t ist in einem 2U-Half-Rack-Formfaktor konzipiert und eignet sich daher f\u00fcr die Integration in Standard-Racks. Es verf\u00fcgt \u00fcber einen einzigen Ausgangskanal und bietet eine Fernsteuerungsfunktion f\u00fcr einen bequemen Betrieb. Das Ger\u00e4t ist mit Standard-RS232- und USB-Schnittstellen ausgestattet, die eine einfache Konnektivit\u00e4t und Kommunikation mit anderen Ger\u00e4ten erm\u00f6glichen. Das von ITECH hergestellte IT6872A kombiniert vielseitige Spannungs- und Stromeinstellungen mit einem kompakten Design, um verschiedene Stromversorgungsanforderungen zu erf\u00fcllen.<\/p>","protected":false},"excerpt":{"rendered":"<p>DC-Netzteil 35V\/4A\/140W ; 15V\/7A\/105W, 2U Halbrack, Standard RS232\/USB Schnittstelle<\/p>","protected":false},"featured_media":12126,"comment_status":"closed","ping_status":"closed","template":"","meta":{"_acf_changed":false,"slim_seo":{"title":"IT6872A - YOTAVIS AG","description":"DC-Netzteil 35V\/4A\/140W ; 15V\/7A\/105W, 2U Halbrack, Standard RS232\/USB Schnittstelle"}},"product_brand":[822],"product_cat":[516,515],"product_tag":[],"class_list":{"0":"post-11070","1":"product","2":"type-product","3":"status-publish","4":"has-post-thumbnail","6":"product_brand-itech","7":"product_cat-dc-source-en","8":"product_cat-power-en","9":"pa_current-a-571","10":"pa_output-number-146","11":"pa_power-w-970","12":"pa_remote-control-yes","13":"pa_voltage-v-592","15":"first","16":"instock","17":"taxable","18":"shipping-taxable","19":"product-type-simple"},"acf":[],"_links":{"self":[{"href":"https:\/\/yotavis.ch\/de\/wp-json\/wp\/v2\/product\/11070","targetHints":{"allow":["GET"]}}],"collection":[{"href":"https:\/\/yotavis.ch\/de\/wp-json\/wp\/v2\/product"}],"about":[{"href":"https:\/\/yotavis.ch\/de\/wp-json\/wp\/v2\/types\/product"}],"replies":[{"embeddable":true,"href":"https:\/\/yotavis.ch\/de\/wp-json\/wp\/v2\/comments?post=11070"}],"wp:featuredmedia":[{"embeddable":true,"href":"https:\/\/yotavis.ch\/de\/wp-json\/wp\/v2\/media\/12126"}],"wp:attachment":[{"href":"https:\/\/yotavis.ch\/de\/wp-json\/wp\/v2\/media?parent=11070"}],"wp:term":[{"taxonomy":"product_brand","embeddable":true,"href":"https:\/\/yotavis.ch\/de\/wp-json\/wp\/v2\/product_brand?post=11070"},{"taxonomy":"product_cat","embeddable":true,"href":"https:\/\/yotavis.ch\/de\/wp-json\/wp\/v2\/product_cat?post=11070"},{"taxonomy":"product_tag","embeddable":true,"href":"https:\/\/yotavis.ch\/de\/wp-json\/wp\/v2\/product_tag?post=11070"}],"curies":[{"name":"wp","href":"https:\/\/api.w.org\/{rel}","templated":true}]}}