{"id":11073,"date":"2025-10-09T00:00:00","date_gmt":"2025-10-08T22:00:00","guid":{"rendered":"https:\/\/yotavis.ch\/product\/it8514c\/"},"modified":"2026-04-24T13:48:40","modified_gmt":"2026-04-24T11:48:40","slug":"it8514c","status":"publish","type":"product","link":"https:\/\/yotavis.ch\/de\/produkt\/it8514c\/","title":{"rendered":"IT8514C+"},"content":{"rendered":"<p>Die IT8514C+ von ITECH ist eine elektronische Gleichstromlast, die f\u00fcr eine Spannung von 120 V und einen Strom von 240 A ausgelegt ist und eine maximale Ausgangsleistung von 1500 W liefert. Sie verf\u00fcgt \u00fcber einen einzigen Ausgangskanal und unterst\u00fctzt eine Fernsteuerungsfunktion, die einen bequemen Betrieb aus der Ferne erm\u00f6glicht. Das Ger\u00e4t ist mit Standard-USB- und RS232-Schnittstellen ausgestattet, die eine einfache Konnektivit\u00e4t und Kommunikation mit anderen Ger\u00e4ten oder Steuersystemen erm\u00f6glichen. Diese elektronische Last eignet sich f\u00fcr Anwendungen, die eine pr\u00e4zise Steuerung und Messung von DC-Leistungsparametern erfordern. Ihr Design unterst\u00fctzt eine stabile und zuverl\u00e4ssige Leistung unter den angegebenen elektrischen Bedingungen. Die Ausstattung mit USB- und RS232-Schnittstellen gew\u00e4hrleistet die Kompatibilit\u00e4t mit einer Vielzahl von Steuerungs- und \u00dcberwachungskonzepten. Insgesamt bietet der IT8514C+ wesentliche Funktionen f\u00fcr das Management von Gleichstromlasten innerhalb der spezifizierten Spannungs- und Stromgrenzen.<\/p>","protected":false},"excerpt":{"rendered":"<p>DC E-Last 120V\/240A\/1500W, Standard USB\/RS232 Schnittstelle<\/p>","protected":false},"featured_media":12101,"comment_status":"closed","ping_status":"closed","template":"","meta":{"_acf_changed":false,"slim_seo":{"title":"IT8514C+ - YOTAVIS AG","description":"DC E-Last 120V\/240A\/1500W, Standard USB\/RS232 Schnittstelle"}},"product_brand":[822],"product_cat":[517,515],"product_tag":[],"class_list":{"0":"post-11073","1":"product","2":"type-product","3":"status-publish","4":"has-post-thumbnail","6":"product_brand-itech","7":"product_cat-dc-load-en","8":"product_cat-power-en","9":"pa_current-a-634","10":"pa_output-number-146","11":"pa_power-w-400","12":"pa_remote-control-yes","13":"pa_voltage-v-979","15":"first","16":"instock","17":"taxable","18":"shipping-taxable","19":"product-type-simple"},"acf":[],"_links":{"self":[{"href":"https:\/\/yotavis.ch\/de\/wp-json\/wp\/v2\/product\/11073","targetHints":{"allow":["GET"]}}],"collection":[{"href":"https:\/\/yotavis.ch\/de\/wp-json\/wp\/v2\/product"}],"about":[{"href":"https:\/\/yotavis.ch\/de\/wp-json\/wp\/v2\/types\/product"}],"replies":[{"embeddable":true,"href":"https:\/\/yotavis.ch\/de\/wp-json\/wp\/v2\/comments?post=11073"}],"wp:featuredmedia":[{"embeddable":true,"href":"https:\/\/yotavis.ch\/de\/wp-json\/wp\/v2\/media\/12101"}],"wp:attachment":[{"href":"https:\/\/yotavis.ch\/de\/wp-json\/wp\/v2\/media?parent=11073"}],"wp:term":[{"taxonomy":"product_brand","embeddable":true,"href":"https:\/\/yotavis.ch\/de\/wp-json\/wp\/v2\/product_brand?post=11073"},{"taxonomy":"product_cat","embeddable":true,"href":"https:\/\/yotavis.ch\/de\/wp-json\/wp\/v2\/product_cat?post=11073"},{"taxonomy":"product_tag","embeddable":true,"href":"https:\/\/yotavis.ch\/de\/wp-json\/wp\/v2\/product_tag?post=11073"}],"curies":[{"name":"wp","href":"https:\/\/api.w.org\/{rel}","templated":true}]}}