{"id":11075,"date":"2025-10-09T00:00:00","date_gmt":"2025-10-08T22:00:00","guid":{"rendered":"https:\/\/yotavis.ch\/product\/it8516c\/"},"modified":"2026-04-24T13:48:41","modified_gmt":"2026-04-24T11:48:41","slug":"it8516c","status":"publish","type":"product","link":"https:\/\/yotavis.ch\/de\/produkt\/it8516c\/","title":{"rendered":"IT8516C+"},"content":{"rendered":"<p>Die IT8516C+ ist eine elektronische Gleichstromlast, die f\u00fcr eine Spannung von 120 V und einen Strom von 240 A ausgelegt ist und eine maximale Ausgangsleistung von 3000 W liefert. Sie verf\u00fcgt \u00fcber einen einzigen Ausgangskanal, der eine gezielte und pr\u00e4zise Lastpr\u00fcfung erm\u00f6glicht. Das Ger\u00e4t unterst\u00fctzt die Fernbedienungsfunktion, so dass der Benutzer es bequem und sicher aus der Ferne bedienen kann. Zu den Anschlussm\u00f6glichkeiten geh\u00f6ren Standard-USB- und RS232-Schnittstellen, die eine einfache Integration in verschiedene Steuersysteme und Datenerfassungseinrichtungen erm\u00f6glichen. Diese elektronische Last eignet sich f\u00fcr Anwendungen, die eine stabile und zuverl\u00e4ssige DC-Lastpr\u00fcfung innerhalb der angegebenen Spannungs- und Strombereiche erfordern. Sein Design betont die Kompatibilit\u00e4t und Steuerungsflexibilit\u00e4t durch seine Schnittstellenoptionen. Der IT8516C+ wird von ITECH hergestellt, einer Marke, die f\u00fcr die Herstellung von elektronischen Pr\u00fcfger\u00e4ten bekannt ist.<\/p>","protected":false},"excerpt":{"rendered":"<p>DC E-Last 120V\/240A\/3000W, Standard USB\/RS232 Schnittstelle<\/p>","protected":false},"featured_media":12130,"comment_status":"closed","ping_status":"closed","template":"","meta":{"_acf_changed":false,"slim_seo":{"title":"IT8516C+ - YOTAVIS AG","description":"DC E-Last 120V\/240A\/3000W, Standard USB\/RS232 Schnittstelle"}},"product_brand":[822],"product_cat":[516,515],"product_tag":[],"class_list":{"0":"post-11075","1":"product","2":"type-product","3":"status-publish","4":"has-post-thumbnail","6":"product_brand-itech","7":"product_cat-dc-source-en","8":"product_cat-power-en","9":"pa_current-a-634","10":"pa_output-number-146","11":"pa_power-w-632","12":"pa_remote-control-yes","13":"pa_voltage-v-979","15":"first","16":"instock","17":"taxable","18":"shipping-taxable","19":"product-type-simple"},"acf":[],"_links":{"self":[{"href":"https:\/\/yotavis.ch\/de\/wp-json\/wp\/v2\/product\/11075","targetHints":{"allow":["GET"]}}],"collection":[{"href":"https:\/\/yotavis.ch\/de\/wp-json\/wp\/v2\/product"}],"about":[{"href":"https:\/\/yotavis.ch\/de\/wp-json\/wp\/v2\/types\/product"}],"replies":[{"embeddable":true,"href":"https:\/\/yotavis.ch\/de\/wp-json\/wp\/v2\/comments?post=11075"}],"wp:featuredmedia":[{"embeddable":true,"href":"https:\/\/yotavis.ch\/de\/wp-json\/wp\/v2\/media\/12130"}],"wp:attachment":[{"href":"https:\/\/yotavis.ch\/de\/wp-json\/wp\/v2\/media?parent=11075"}],"wp:term":[{"taxonomy":"product_brand","embeddable":true,"href":"https:\/\/yotavis.ch\/de\/wp-json\/wp\/v2\/product_brand?post=11075"},{"taxonomy":"product_cat","embeddable":true,"href":"https:\/\/yotavis.ch\/de\/wp-json\/wp\/v2\/product_cat?post=11075"},{"taxonomy":"product_tag","embeddable":true,"href":"https:\/\/yotavis.ch\/de\/wp-json\/wp\/v2\/product_tag?post=11075"}],"curies":[{"name":"wp","href":"https:\/\/api.w.org\/{rel}","templated":true}]}}