{"id":11076,"date":"2025-10-09T00:00:00","date_gmt":"2025-10-08T22:00:00","guid":{"rendered":"https:\/\/yotavis.ch\/product\/it6322a\/"},"modified":"2026-04-24T13:48:41","modified_gmt":"2026-04-24T11:48:41","slug":"it6322a","status":"publish","type":"product","link":"https:\/\/yotavis.ch\/de\/produkt\/it6322a\/","title":{"rendered":"IT6322A"},"content":{"rendered":"<p>Die ITECH IT6322A ist eine DC-Stromquelle, die mit einer Ausgangsleistung von 195 Watt eine zuverl\u00e4ssige Leistung liefert. Mit einer Spannungskapazit\u00e4t von bis zu 30 Volt und einem Nennstrom von 3 Ampere unterst\u00fctzt dieses Ger\u00e4t drei unabh\u00e4ngige Ausg\u00e4nge f\u00fcr vielseitige Anwendungen. Das Ger\u00e4t verf\u00fcgt \u00fcber pr\u00e4zise Steuerungs- und Messfunktionen und eignet sich daher f\u00fcr verschiedene Test- und Entwicklungsumgebungen. Es ist ideal f\u00fcr Ingenieure und Techniker, die eine stabile Gleichstromversorgung ben\u00f6tigen, und gew\u00e4hrleistet einen konsistenten Betrieb \u00fcber mehrere Kan\u00e4le hinweg. Seine fortschrittlichen Funktionen erm\u00f6glichen ein effizientes Leistungsmanagement und eine genaue Ausgangsregelung.<\/p>","protected":false},"excerpt":{"rendered":"<p>DC-Netzteil Dreifachausgang 30V\/3A\/90W*2CH; 5V\/3A\/15W*1CH, Standard RS232\/USB-Schnittstelle<\/p>","protected":false},"featured_media":12136,"comment_status":"closed","ping_status":"closed","template":"","meta":{"_acf_changed":false,"slim_seo":{"title":"IT6322A - YOTAVIS AG","description":"DC-Netzteil Dreifachausgang 30V\/3A\/90W*2CH; 5V\/3A\/15W*1CH, Standard RS232\/USB-Schnittstelle"}},"product_brand":[822],"product_cat":[516,515],"product_tag":[],"class_list":{"0":"post-11076","1":"product","2":"type-product","3":"status-publish","4":"has-post-thumbnail","6":"product_brand-itech","7":"product_cat-dc-source-en","8":"product_cat-power-en","9":"pa_current-a-485","10":"pa_output-number-141","11":"pa_power-w-956","12":"pa_voltage-v-145","14":"first","15":"instock","16":"taxable","17":"shipping-taxable","18":"product-type-simple"},"acf":[],"_links":{"self":[{"href":"https:\/\/yotavis.ch\/de\/wp-json\/wp\/v2\/product\/11076","targetHints":{"allow":["GET"]}}],"collection":[{"href":"https:\/\/yotavis.ch\/de\/wp-json\/wp\/v2\/product"}],"about":[{"href":"https:\/\/yotavis.ch\/de\/wp-json\/wp\/v2\/types\/product"}],"replies":[{"embeddable":true,"href":"https:\/\/yotavis.ch\/de\/wp-json\/wp\/v2\/comments?post=11076"}],"wp:featuredmedia":[{"embeddable":true,"href":"https:\/\/yotavis.ch\/de\/wp-json\/wp\/v2\/media\/12136"}],"wp:attachment":[{"href":"https:\/\/yotavis.ch\/de\/wp-json\/wp\/v2\/media?parent=11076"}],"wp:term":[{"taxonomy":"product_brand","embeddable":true,"href":"https:\/\/yotavis.ch\/de\/wp-json\/wp\/v2\/product_brand?post=11076"},{"taxonomy":"product_cat","embeddable":true,"href":"https:\/\/yotavis.ch\/de\/wp-json\/wp\/v2\/product_cat?post=11076"},{"taxonomy":"product_tag","embeddable":true,"href":"https:\/\/yotavis.ch\/de\/wp-json\/wp\/v2\/product_tag?post=11076"}],"curies":[{"name":"wp","href":"https:\/\/api.w.org\/{rel}","templated":true}]}}