{"id":11077,"date":"2025-10-09T00:00:00","date_gmt":"2025-10-08T22:00:00","guid":{"rendered":"https:\/\/yotavis.ch\/product\/it6332a\/"},"modified":"2026-04-24T13:48:41","modified_gmt":"2026-04-24T11:48:41","slug":"it6332a","status":"publish","type":"product","link":"https:\/\/yotavis.ch\/de\/produkt\/it6332a\/","title":{"rendered":"IT6332A"},"content":{"rendered":"<p>Das ITECH IT6332A ist ein Leistungsger\u00e4t, das als Gleichstromquelle konzipiert ist. Es verf\u00fcgt \u00fcber eine Leistung von 375 Watt und arbeitet mit einer Spannung von bis zu 30 Volt und einem Strom von 6 Ampere. Das Ger\u00e4t verf\u00fcgt \u00fcber drei Ausg\u00e4nge, die vielseitige Anwendungen und gleichzeitige Anschl\u00fcsse erm\u00f6glichen. Es eignet sich ideal f\u00fcr Labortests und den industriellen Einsatz und bietet eine zuverl\u00e4ssige und stabile Leistungsabgabe. Seine fortschrittlichen Funktionen unterst\u00fctzen eine pr\u00e4zise Steuerung und effiziente Leistung in verschiedenen Stromversorgungsszenarien.<\/p>","protected":false},"excerpt":{"rendered":"<p>DC-Netzteil Dreifachausgang 30V\/6A\/180W*2CH; 5V\/3A\/15W*1CH, Standard RS232\/USB-Schnittstelle<\/p>","protected":false},"featured_media":12139,"comment_status":"closed","ping_status":"closed","template":"","meta":{"_acf_changed":false,"slim_seo":{"title":"IT6332A - YOTAVIS AG","description":"DC-Netzteil Dreifachausgang 30V\/6A\/180W*2CH; 5V\/3A\/15W*1CH, Standard RS232\/USB-Schnittstelle"}},"product_brand":[822],"product_cat":[516,515],"product_tag":[],"class_list":{"0":"post-11077","1":"product","2":"type-product","3":"status-publish","4":"has-post-thumbnail","6":"product_brand-itech","7":"product_cat-dc-source-en","8":"product_cat-power-en","9":"pa_current-a-399","10":"pa_output-number-141","11":"pa_power-w-492","12":"pa_voltage-v-145","14":"first","15":"instock","16":"taxable","17":"shipping-taxable","18":"product-type-simple"},"acf":[],"_links":{"self":[{"href":"https:\/\/yotavis.ch\/de\/wp-json\/wp\/v2\/product\/11077","targetHints":{"allow":["GET"]}}],"collection":[{"href":"https:\/\/yotavis.ch\/de\/wp-json\/wp\/v2\/product"}],"about":[{"href":"https:\/\/yotavis.ch\/de\/wp-json\/wp\/v2\/types\/product"}],"replies":[{"embeddable":true,"href":"https:\/\/yotavis.ch\/de\/wp-json\/wp\/v2\/comments?post=11077"}],"wp:featuredmedia":[{"embeddable":true,"href":"https:\/\/yotavis.ch\/de\/wp-json\/wp\/v2\/media\/12139"}],"wp:attachment":[{"href":"https:\/\/yotavis.ch\/de\/wp-json\/wp\/v2\/media?parent=11077"}],"wp:term":[{"taxonomy":"product_brand","embeddable":true,"href":"https:\/\/yotavis.ch\/de\/wp-json\/wp\/v2\/product_brand?post=11077"},{"taxonomy":"product_cat","embeddable":true,"href":"https:\/\/yotavis.ch\/de\/wp-json\/wp\/v2\/product_cat?post=11077"},{"taxonomy":"product_tag","embeddable":true,"href":"https:\/\/yotavis.ch\/de\/wp-json\/wp\/v2\/product_tag?post=11077"}],"curies":[{"name":"wp","href":"https:\/\/api.w.org\/{rel}","templated":true}]}}