{"id":11078,"date":"2025-10-09T00:00:00","date_gmt":"2025-10-08T22:00:00","guid":{"rendered":"https:\/\/yotavis.ch\/product\/it6333a\/"},"modified":"2026-04-24T13:48:41","modified_gmt":"2026-04-24T11:48:41","slug":"it6333a","status":"publish","type":"product","link":"https:\/\/yotavis.ch\/de\/produkt\/it6333a\/","title":{"rendered":"IT6333A"},"content":{"rendered":"<p>Die ITECH IT6333A ist eine Gleichstromquelle, die f\u00fcr eine zuverl\u00e4ssige Leistung ausgelegt ist. Mit einer Ausgangsleistung von 375 Watt arbeitet sie mit Spannungen bis zu 60 Volt und Str\u00f6men bis zu 3 Ampere. Das Ger\u00e4t verf\u00fcgt \u00fcber drei unabh\u00e4ngige Ausgangskan\u00e4le, die eine vielseitige Leistungsverteilung erm\u00f6glichen. Es ist ideal f\u00fcr Anwendungen, die eine stabile und einstellbare Gleichstromversorgung erfordern, und unterst\u00fctzt eine Reihe von Test- und Entwicklungsanforderungen. Seine fortschrittlichen Funktionen gew\u00e4hrleisten eine pr\u00e4zise Steuerung und einen effizienten Betrieb \u00fcber mehrere Ausg\u00e4nge.<\/p>","protected":false},"excerpt":{"rendered":"<p>DC-Netzteil Dreifachausgang 60V\/3A\/180W*2CH; 5V\/3A\/15W*1CH, Standard RS232\/USB-Schnittstelle<\/p>","protected":false},"featured_media":12142,"comment_status":"closed","ping_status":"closed","template":"","meta":{"_acf_changed":false,"slim_seo":{"title":"IT6333A - YOTAVIS AG","description":"DC-Netzteil Dreifachausgang 60V\/3A\/180W*2CH; 5V\/3A\/15W*1CH, Standard RS232\/USB-Schnittstelle"}},"product_brand":[822],"product_cat":[516,515],"product_tag":[],"class_list":{"0":"post-11078","1":"product","2":"type-product","3":"status-publish","4":"has-post-thumbnail","6":"product_brand-itech","7":"product_cat-dc-source-en","8":"product_cat-power-en","9":"pa_current-a-485","10":"pa_output-number-141","11":"pa_power-w-492","12":"pa_voltage-v-314","14":"first","15":"instock","16":"taxable","17":"shipping-taxable","18":"product-type-simple"},"acf":[],"_links":{"self":[{"href":"https:\/\/yotavis.ch\/de\/wp-json\/wp\/v2\/product\/11078","targetHints":{"allow":["GET"]}}],"collection":[{"href":"https:\/\/yotavis.ch\/de\/wp-json\/wp\/v2\/product"}],"about":[{"href":"https:\/\/yotavis.ch\/de\/wp-json\/wp\/v2\/types\/product"}],"replies":[{"embeddable":true,"href":"https:\/\/yotavis.ch\/de\/wp-json\/wp\/v2\/comments?post=11078"}],"wp:featuredmedia":[{"embeddable":true,"href":"https:\/\/yotavis.ch\/de\/wp-json\/wp\/v2\/media\/12142"}],"wp:attachment":[{"href":"https:\/\/yotavis.ch\/de\/wp-json\/wp\/v2\/media?parent=11078"}],"wp:term":[{"taxonomy":"product_brand","embeddable":true,"href":"https:\/\/yotavis.ch\/de\/wp-json\/wp\/v2\/product_brand?post=11078"},{"taxonomy":"product_cat","embeddable":true,"href":"https:\/\/yotavis.ch\/de\/wp-json\/wp\/v2\/product_cat?post=11078"},{"taxonomy":"product_tag","embeddable":true,"href":"https:\/\/yotavis.ch\/de\/wp-json\/wp\/v2\/product_tag?post=11078"}],"curies":[{"name":"wp","href":"https:\/\/api.w.org\/{rel}","templated":true}]}}