{"id":11080,"date":"2025-10-09T00:00:00","date_gmt":"2025-10-08T22:00:00","guid":{"rendered":"https:\/\/yotavis.ch\/product\/it6502dg\/"},"modified":"2026-04-24T13:48:42","modified_gmt":"2026-04-24T11:48:42","slug":"it6502dg","status":"publish","type":"product","link":"https:\/\/yotavis.ch\/de\/produkt\/it6502dg\/","title":{"rendered":"IT6502D(G)"},"content":{"rendered":"<p>Das ITECH IT6502D(G) ist ein Gleichstromnetzteil, das eine Leistung von bis zu 800 Watt bei einer maximalen Spannung von 80 Volt und einer Stromst\u00e4rke von 60 Ampere liefern kann. Es verf\u00fcgt \u00fcber einen einzigen Ausgangskanal, der eine unkomplizierte Leistungsabgabe in verschiedenen Anwendungen erm\u00f6glicht. Dieses Modell unterst\u00fctzt die Fernsteuerungsfunktionalit\u00e4t, die es dem Benutzer erm\u00f6glicht, das Ger\u00e4t aus der Ferne zu bedienen, was den Komfort und die Integration in automatisierte Systeme erh\u00f6ht. Das Netzteil verf\u00fcgt \u00fcber eine GPIB-Schnittstelle, die die Kommunikation und Steuerung \u00fcber Standard-Instrumentierungsprotokolle erleichtert. Mit seinen robusten Spezifikationen eignet sich das IT6502D(G) f\u00fcr Aufgaben, die eine stabile und pr\u00e4zise DC-Ausgangsleistung erfordern. Die Kombination aus hohen Spannungs- und Stromwerten macht ihn f\u00fcr eine Reihe von Test- und Entwicklungsumgebungen geeignet, in denen zuverl\u00e4ssige Stromquellen unerl\u00e4sslich sind. Sein Design konzentriert sich auf die Bereitstellung einer konsistenten Leistung bei gleichzeitiger Unterst\u00fctzung von Fernbedienungsm\u00f6glichkeiten.<\/p>","protected":false},"excerpt":{"rendered":"<p>DC-Netzteil 80V \/ 60A \/800W mit GPIB-Schnittstelle<\/p>","protected":false},"featured_media":11554,"comment_status":"closed","ping_status":"closed","template":"","meta":{"_acf_changed":false,"slim_seo":{"title":"IT6502D(G) - YOTAVIS AG","description":"DC-Netzteil 80V \/ 60A \/800W mit GPIB-Schnittstelle"}},"product_brand":[822],"product_cat":[516,515],"product_tag":[],"class_list":{"0":"post-11080","1":"product","2":"type-product","3":"status-publish","4":"has-post-thumbnail","6":"product_brand-itech","7":"product_cat-dc-source-en","8":"product_cat-power-en","9":"pa_current-a-406","10":"pa_output-number-146","11":"pa_power-w-556","12":"pa_remote-control-yes","13":"pa_voltage-v-155","15":"first","16":"instock","17":"taxable","18":"shipping-taxable","19":"product-type-simple"},"acf":[],"_links":{"self":[{"href":"https:\/\/yotavis.ch\/de\/wp-json\/wp\/v2\/product\/11080","targetHints":{"allow":["GET"]}}],"collection":[{"href":"https:\/\/yotavis.ch\/de\/wp-json\/wp\/v2\/product"}],"about":[{"href":"https:\/\/yotavis.ch\/de\/wp-json\/wp\/v2\/types\/product"}],"replies":[{"embeddable":true,"href":"https:\/\/yotavis.ch\/de\/wp-json\/wp\/v2\/comments?post=11080"}],"wp:featuredmedia":[{"embeddable":true,"href":"https:\/\/yotavis.ch\/de\/wp-json\/wp\/v2\/media\/11554"}],"wp:attachment":[{"href":"https:\/\/yotavis.ch\/de\/wp-json\/wp\/v2\/media?parent=11080"}],"wp:term":[{"taxonomy":"product_brand","embeddable":true,"href":"https:\/\/yotavis.ch\/de\/wp-json\/wp\/v2\/product_brand?post=11080"},{"taxonomy":"product_cat","embeddable":true,"href":"https:\/\/yotavis.ch\/de\/wp-json\/wp\/v2\/product_cat?post=11080"},{"taxonomy":"product_tag","embeddable":true,"href":"https:\/\/yotavis.ch\/de\/wp-json\/wp\/v2\/product_tag?post=11080"}],"curies":[{"name":"wp","href":"https:\/\/api.w.org\/{rel}","templated":true}]}}