{"id":11085,"date":"2025-10-09T00:00:00","date_gmt":"2025-10-08T22:00:00","guid":{"rendered":"https:\/\/yotavis.ch\/product\/it6133b\/"},"modified":"2026-04-24T13:48:49","modified_gmt":"2026-04-24T11:48:49","slug":"it6133b","status":"publish","type":"product","link":"https:\/\/yotavis.ch\/de\/produkt\/it6133b\/","title":{"rendered":"IT6133B"},"content":{"rendered":"<p>Das IT6133B ist ein Gleichstromnetzteil mit einer maximalen Ausgangsspannung von 60 Volt und einer Strombelastbarkeit von 2,5 Ampere, das eine Gesamtausgangsleistung von 150 Watt liefert. Es verf\u00fcgt \u00fcber einen einzigen Ausgangskanal, der eine unkomplizierte Stromversorgung der angeschlossenen Ger\u00e4te erm\u00f6glicht. Das Ger\u00e4t unterst\u00fctzt die Fernbedienungsfunktion, so dass der Benutzer das Netzteil bequem und flexibel aus der Ferne bedienen kann. Zu den Anschlussm\u00f6glichkeiten geh\u00f6ren standardm\u00e4\u00dfige RS232- und USB-Schnittstellen, die eine einfache Integration in verschiedene Steuersysteme und Computer erm\u00f6glichen. Dieses Netzteil ist f\u00fcr die Bereitstellung einer stabilen und zuverl\u00e4ssigen Gleichstromversorgung ausgelegt und eignet sich f\u00fcr eine Reihe von Anwendungen, die pr\u00e4zise Spannungs- und Stromeinstellungen erfordern. Die Kombination aus Leistungsspezifikationen und Schnittstellenoptionen macht es zu einem vielseitigen Werkzeug f\u00fcr Labor-, Industrie- oder Testumgebungen, in denen eine kontrollierte Leistungsabgabe erforderlich ist.<\/p>","protected":false},"excerpt":{"rendered":"<p>DC-Netzteil 60V\/2.5A \/150W, Standard RS232\/USB-Schnittstelle<\/p>","protected":false},"featured_media":11544,"comment_status":"closed","ping_status":"closed","template":"","meta":{"_acf_changed":false,"slim_seo":{"title":"IT6133B - YOTAVIS AG","description":"DC-Netzteil 60V\/2.5A \/150W, Standard RS232\/USB-Schnittstelle"}},"product_brand":[822],"product_cat":[516,515],"product_tag":[],"class_list":{"0":"post-11085","1":"product","2":"type-product","3":"status-publish","4":"has-post-thumbnail","6":"product_brand-itech","7":"product_cat-dc-source-en","8":"product_cat-power-en","9":"pa_current-a-2-5","10":"pa_output-number-146","11":"pa_power-w-391","12":"pa_remote-control-yes","13":"pa_voltage-v-314","15":"first","16":"instock","17":"taxable","18":"shipping-taxable","19":"product-type-simple"},"acf":[],"_links":{"self":[{"href":"https:\/\/yotavis.ch\/de\/wp-json\/wp\/v2\/product\/11085","targetHints":{"allow":["GET"]}}],"collection":[{"href":"https:\/\/yotavis.ch\/de\/wp-json\/wp\/v2\/product"}],"about":[{"href":"https:\/\/yotavis.ch\/de\/wp-json\/wp\/v2\/types\/product"}],"replies":[{"embeddable":true,"href":"https:\/\/yotavis.ch\/de\/wp-json\/wp\/v2\/comments?post=11085"}],"wp:featuredmedia":[{"embeddable":true,"href":"https:\/\/yotavis.ch\/de\/wp-json\/wp\/v2\/media\/11544"}],"wp:attachment":[{"href":"https:\/\/yotavis.ch\/de\/wp-json\/wp\/v2\/media?parent=11085"}],"wp:term":[{"taxonomy":"product_brand","embeddable":true,"href":"https:\/\/yotavis.ch\/de\/wp-json\/wp\/v2\/product_brand?post=11085"},{"taxonomy":"product_cat","embeddable":true,"href":"https:\/\/yotavis.ch\/de\/wp-json\/wp\/v2\/product_cat?post=11085"},{"taxonomy":"product_tag","embeddable":true,"href":"https:\/\/yotavis.ch\/de\/wp-json\/wp\/v2\/product_tag?post=11085"}],"curies":[{"name":"wp","href":"https:\/\/api.w.org\/{rel}","templated":true}]}}