{"id":11087,"date":"2025-10-09T00:00:00","date_gmt":"2025-10-08T22:00:00","guid":{"rendered":"https:\/\/yotavis.ch\/product\/it6122bg\/"},"modified":"2026-04-24T13:48:49","modified_gmt":"2026-04-24T11:48:49","slug":"it6122bg","status":"publish","type":"product","link":"https:\/\/yotavis.ch\/de\/produkt\/it6122bg\/","title":{"rendered":"IT6122B(G)"},"content":{"rendered":"<p>Das IT6122B(G) ist ein Gleichstromnetzteil mit einer maximalen Ausgangsspannung von 32 Volt und einer Stromkapazit\u00e4t von 3 Ampere, das eine Gesamtausgangsleistung von 96 Watt liefert. Es verf\u00fcgt \u00fcber einen einzigen Ausgangskanal, der eine unkomplizierte Stromversorgung der angeschlossenen Ger\u00e4te erm\u00f6glicht. Dieses Modell unterst\u00fctzt die Fernsteuerungsfunktion, so dass der Benutzer das Netzteil bequem und flexibel aus der Ferne bedienen kann. Das Ger\u00e4t ist mit einer GPIB-Schnittstelle ausgestattet, die die Kommunikation und Steuerung \u00fcber standardisierte Instrumentenprotokolle erm\u00f6glicht. Das von ITECH entwickelte IT6122B(G) kombiniert wesentliche elektrische Spezifikationen mit Schnittstellenfunktionen, um verschiedene Pr\u00fcf- und Betriebsanforderungen zu erf\u00fcllen. Seine Konfiguration unterst\u00fctzt pr\u00e4zise Spannungs- und Stromeinstellungen innerhalb der spezifizierten Grenzen, wodurch er sich f\u00fcr Anwendungen eignet, die eine kontrollierte Gleichstromversorgung erfordern. Die Fernsteuerung und die GPIB-Schnittstelle erh\u00f6hen die Nutzbarkeit in automatisierten Testumgebungen.<\/p>","protected":false},"excerpt":{"rendered":"<p>DC-Netzteil 32V\/3A\/96W mit GPIB-Schnittstelle<\/p>","protected":false},"featured_media":11544,"comment_status":"closed","ping_status":"closed","template":"","meta":{"_acf_changed":false,"slim_seo":{"title":"IT6122B(G) - YOTAVIS AG","description":"DC-Netzteil 32V\/3A\/96W mit GPIB-Schnittstelle"}},"product_brand":[822],"product_cat":[516,515],"product_tag":[],"class_list":{"0":"post-11087","1":"product","2":"type-product","3":"status-publish","4":"has-post-thumbnail","6":"product_brand-itech","7":"product_cat-dc-source-en","8":"product_cat-power-en","9":"pa_current-a-485","10":"pa_output-number-146","11":"pa_power-w-968","12":"pa_remote-control-yes","13":"pa_voltage-v-140","15":"first","16":"instock","17":"taxable","18":"shipping-taxable","19":"product-type-simple"},"acf":[],"_links":{"self":[{"href":"https:\/\/yotavis.ch\/de\/wp-json\/wp\/v2\/product\/11087","targetHints":{"allow":["GET"]}}],"collection":[{"href":"https:\/\/yotavis.ch\/de\/wp-json\/wp\/v2\/product"}],"about":[{"href":"https:\/\/yotavis.ch\/de\/wp-json\/wp\/v2\/types\/product"}],"replies":[{"embeddable":true,"href":"https:\/\/yotavis.ch\/de\/wp-json\/wp\/v2\/comments?post=11087"}],"wp:featuredmedia":[{"embeddable":true,"href":"https:\/\/yotavis.ch\/de\/wp-json\/wp\/v2\/media\/11544"}],"wp:attachment":[{"href":"https:\/\/yotavis.ch\/de\/wp-json\/wp\/v2\/media?parent=11087"}],"wp:term":[{"taxonomy":"product_brand","embeddable":true,"href":"https:\/\/yotavis.ch\/de\/wp-json\/wp\/v2\/product_brand?post=11087"},{"taxonomy":"product_cat","embeddable":true,"href":"https:\/\/yotavis.ch\/de\/wp-json\/wp\/v2\/product_cat?post=11087"},{"taxonomy":"product_tag","embeddable":true,"href":"https:\/\/yotavis.ch\/de\/wp-json\/wp\/v2\/product_tag?post=11087"}],"curies":[{"name":"wp","href":"https:\/\/api.w.org\/{rel}","templated":true}]}}