{"id":11088,"date":"2025-10-09T00:00:00","date_gmt":"2025-10-08T22:00:00","guid":{"rendered":"https:\/\/yotavis.ch\/product\/it6123bg\/"},"modified":"2026-04-24T13:48:50","modified_gmt":"2026-04-24T11:48:50","slug":"it6123bg","status":"publish","type":"product","link":"https:\/\/yotavis.ch\/de\/produkt\/it6123bg\/","title":{"rendered":"IT6123B(G)"},"content":{"rendered":"<p>Das ITECH IT6123B(G) ist ein Gleichstromnetzteil, das eine Spannung von 72 Volt und einen Strom von 1,2 Ampere liefert und eine Gesamtleistung von 86 Watt bereitstellt. Dieses Modell verf\u00fcgt \u00fcber einen einzigen Ausgangskanal und eignet sich daher f\u00fcr Anwendungen, die eine stabile und pr\u00e4zise Gleichstromquelle erfordern. Es verf\u00fcgt \u00fcber eine GPIB-Schnittstelle, die eine Fernsteuerung und Integration in automatisierte Testsysteme erm\u00f6glicht. Die M\u00f6glichkeit der Fernsteuerung erh\u00f6ht die Verwendbarkeit in verschiedenen Pr\u00fcfumgebungen, in denen eine manuelle Bedienung unpraktisch sein kann. Das Netzteil ist so konstruiert, dass es unter den spezifizierten elektrischen Parametern eine gleichbleibende Leistung erbringt. Sein Design unterst\u00fctzt eine effiziente Energieversorgung mit Schwerpunkt auf Zuverl\u00e4ssigkeit und Kontrolle. Dieses Ger\u00e4t ist Teil der Stromversorgungsreihe von ITECH, die f\u00fcr ihre technischen Spezifikationen und Schnittstellenoptionen bekannt ist.<\/p>","protected":false},"excerpt":{"rendered":"<p>DC-Netzteil 72V\/1,2A\/86W mit GPIB-Schnittstelle<\/p>","protected":false},"featured_media":11544,"comment_status":"closed","ping_status":"closed","template":"","meta":{"_acf_changed":false,"slim_seo":{"title":"IT6123B(G) - YOTAVIS AG","description":"DC-Netzteil 72V\/1,2A\/86W mit GPIB-Schnittstelle"}},"product_brand":[822],"product_cat":[516,515],"product_tag":[],"class_list":{"0":"post-11088","1":"product","2":"type-product","3":"status-publish","4":"has-post-thumbnail","6":"product_brand-itech","7":"product_cat-dc-source-en","8":"product_cat-power-en","9":"pa_current-a-1-2","10":"pa_output-number-146","11":"pa_power-w-1011","12":"pa_remote-control-yes","13":"pa_voltage-v-969","15":"first","16":"instock","17":"taxable","18":"shipping-taxable","19":"product-type-simple"},"acf":[],"_links":{"self":[{"href":"https:\/\/yotavis.ch\/de\/wp-json\/wp\/v2\/product\/11088","targetHints":{"allow":["GET"]}}],"collection":[{"href":"https:\/\/yotavis.ch\/de\/wp-json\/wp\/v2\/product"}],"about":[{"href":"https:\/\/yotavis.ch\/de\/wp-json\/wp\/v2\/types\/product"}],"replies":[{"embeddable":true,"href":"https:\/\/yotavis.ch\/de\/wp-json\/wp\/v2\/comments?post=11088"}],"wp:featuredmedia":[{"embeddable":true,"href":"https:\/\/yotavis.ch\/de\/wp-json\/wp\/v2\/media\/11544"}],"wp:attachment":[{"href":"https:\/\/yotavis.ch\/de\/wp-json\/wp\/v2\/media?parent=11088"}],"wp:term":[{"taxonomy":"product_brand","embeddable":true,"href":"https:\/\/yotavis.ch\/de\/wp-json\/wp\/v2\/product_brand?post=11088"},{"taxonomy":"product_cat","embeddable":true,"href":"https:\/\/yotavis.ch\/de\/wp-json\/wp\/v2\/product_cat?post=11088"},{"taxonomy":"product_tag","embeddable":true,"href":"https:\/\/yotavis.ch\/de\/wp-json\/wp\/v2\/product_tag?post=11088"}],"curies":[{"name":"wp","href":"https:\/\/api.w.org\/{rel}","templated":true}]}}