{"id":11090,"date":"2025-10-09T00:00:00","date_gmt":"2025-10-08T22:00:00","guid":{"rendered":"https:\/\/yotavis.ch\/product\/it6133bg\/"},"modified":"2026-04-24T13:48:50","modified_gmt":"2026-04-24T11:48:50","slug":"it6133bg","status":"publish","type":"product","link":"https:\/\/yotavis.ch\/de\/produkt\/it6133bg\/","title":{"rendered":"IT6133B(G)"},"content":{"rendered":"<p>Das IT6133B(G) ist ein Gleichstromnetzteil mit einer maximalen Ausgangsspannung von 60 Volt und einer Stromkapazit\u00e4t von 2,5 Ampere, das eine Gesamtleistung von 150 Watt liefert. Es verf\u00fcgt \u00fcber einen einzigen Ausgangskanal, der eine unkomplizierte Leistungsabgabe in verschiedenen Anwendungen erm\u00f6glicht. Dieses Modell ist mit einer GPIB-Schnittstelle ausgestattet, die eine Fernsteuerung erm\u00f6glicht und damit die Flexibilit\u00e4t im Betrieb erh\u00f6ht. Die Fernsteuerungsfunktionalit\u00e4t erm\u00f6glicht es dem Benutzer, die Einstellungen des Netzteils aus der Ferne zu verwalten, was die Integration in automatisierte Testsysteme erleichtert. Das Netzteil ist f\u00fcr eine stabile und zuverl\u00e4ssige Gleichstromversorgung ausgelegt und eignet sich f\u00fcr Labor- und Industrieumgebungen. Dank der kompakten Bauweise und der Schnittstellenoptionen l\u00e4sst es sich an verschiedene Aufbauten anpassen, bei denen eine pr\u00e4zise Spannungs- und Stromregelung erforderlich ist. Das IT6133B(G) kombiniert wichtige Funktionen f\u00fcr ein effizientes Energiemanagement mit dem Komfort einer Fernsteuerung.<\/p>","protected":false},"excerpt":{"rendered":"<p>DC-Netzteil 60V\/2.5A \/150W mit GPIB-Schnittstelle<\/p>","protected":false},"featured_media":11544,"comment_status":"closed","ping_status":"closed","template":"","meta":{"_acf_changed":false,"slim_seo":{"title":"IT6133B(G) - YOTAVIS AG","description":"DC-Netzteil 60V\/2.5A \/150W mit GPIB-Schnittstelle"}},"product_brand":[822],"product_cat":[516,515],"product_tag":[],"class_list":{"0":"post-11090","1":"product","2":"type-product","3":"status-publish","4":"has-post-thumbnail","6":"product_brand-itech","7":"product_cat-dc-source-en","8":"product_cat-power-en","9":"pa_current-a-2-5","10":"pa_output-number-146","11":"pa_power-w-391","12":"pa_remote-control-yes","13":"pa_voltage-v-314","15":"first","16":"instock","17":"taxable","18":"shipping-taxable","19":"product-type-simple"},"acf":[],"_links":{"self":[{"href":"https:\/\/yotavis.ch\/de\/wp-json\/wp\/v2\/product\/11090","targetHints":{"allow":["GET"]}}],"collection":[{"href":"https:\/\/yotavis.ch\/de\/wp-json\/wp\/v2\/product"}],"about":[{"href":"https:\/\/yotavis.ch\/de\/wp-json\/wp\/v2\/types\/product"}],"replies":[{"embeddable":true,"href":"https:\/\/yotavis.ch\/de\/wp-json\/wp\/v2\/comments?post=11090"}],"wp:featuredmedia":[{"embeddable":true,"href":"https:\/\/yotavis.ch\/de\/wp-json\/wp\/v2\/media\/11544"}],"wp:attachment":[{"href":"https:\/\/yotavis.ch\/de\/wp-json\/wp\/v2\/media?parent=11090"}],"wp:term":[{"taxonomy":"product_brand","embeddable":true,"href":"https:\/\/yotavis.ch\/de\/wp-json\/wp\/v2\/product_brand?post=11090"},{"taxonomy":"product_cat","embeddable":true,"href":"https:\/\/yotavis.ch\/de\/wp-json\/wp\/v2\/product_cat?post=11090"},{"taxonomy":"product_tag","embeddable":true,"href":"https:\/\/yotavis.ch\/de\/wp-json\/wp\/v2\/product_tag?post=11090"}],"curies":[{"name":"wp","href":"https:\/\/api.w.org\/{rel}","templated":true}]}}