{"id":11091,"date":"2025-10-09T00:00:00","date_gmt":"2025-10-08T22:00:00","guid":{"rendered":"https:\/\/yotavis.ch\/product\/it6922a\/"},"modified":"2026-04-24T13:48:51","modified_gmt":"2026-04-24T11:48:51","slug":"it6922a","status":"publish","type":"product","link":"https:\/\/yotavis.ch\/de\/produkt\/it6922a\/","title":{"rendered":"IT6922A"},"content":{"rendered":"<p>Das ITECH IT6922A ist ein Gleichstromnetzteil mit einer maximalen Ausgangsspannung von 60 Volt und einer Strombelastbarkeit von 5 Ampere, das eine Gesamtleistung von 100 Watt liefert. Es verf\u00fcgt \u00fcber ein 2U-Half-Rack-Design und eignet sich daher f\u00fcr die Integration in Standard-Ger\u00e4teracks. Dieses Modell verf\u00fcgt \u00fcber einen einzigen Ausgangskanal, der eine unkomplizierte Stromversorgung der angeschlossenen Ger\u00e4te erm\u00f6glicht. Es wird eine Fernsteuerungsfunktion unterst\u00fctzt, die den Betrieb und die \u00dcberwachung aus der Ferne erm\u00f6glicht. Das Ger\u00e4t ist mit standardm\u00e4\u00dfigen RS232- und USB-Schnittstellen ausgestattet, die die Kommunikation und Steuerung \u00fcber g\u00e4ngige Verbindungsprotokolle erm\u00f6glichen. Sein Design und seine Spezifikationen machen es zu einer praktischen Wahl f\u00fcr Anwendungen, die eine stabile Gleichstromversorgung mit Fernsteuerungsfunktionen erfordern.<\/p>","protected":false},"excerpt":{"rendered":"<p>DC-Netzteil 60V \/ 5A \/100W, 2U Halbrack, Standard RS232\/USB Schnittstelle<\/p>","protected":false},"featured_media":11577,"comment_status":"closed","ping_status":"closed","template":"","meta":{"_acf_changed":false,"slim_seo":{"title":"IT6922A - YOTAVIS AG","description":"DC-Netzteil 60V \/ 5A \/100W, 2U Halbrack, Standard RS232\/USB Schnittstelle"}},"product_brand":[822],"product_cat":[516,515],"product_tag":[],"class_list":{"0":"post-11091","1":"product","2":"type-product","3":"status-publish","4":"has-post-thumbnail","6":"product_brand-itech","7":"product_cat-dc-source-en","8":"product_cat-power-en","9":"pa_current-a-392","10":"pa_output-number-146","11":"pa_power-w-481","12":"pa_remote-control-yes","13":"pa_voltage-v-314","15":"first","16":"instock","17":"taxable","18":"shipping-taxable","19":"product-type-simple"},"acf":[],"_links":{"self":[{"href":"https:\/\/yotavis.ch\/de\/wp-json\/wp\/v2\/product\/11091","targetHints":{"allow":["GET"]}}],"collection":[{"href":"https:\/\/yotavis.ch\/de\/wp-json\/wp\/v2\/product"}],"about":[{"href":"https:\/\/yotavis.ch\/de\/wp-json\/wp\/v2\/types\/product"}],"replies":[{"embeddable":true,"href":"https:\/\/yotavis.ch\/de\/wp-json\/wp\/v2\/comments?post=11091"}],"wp:featuredmedia":[{"embeddable":true,"href":"https:\/\/yotavis.ch\/de\/wp-json\/wp\/v2\/media\/11577"}],"wp:attachment":[{"href":"https:\/\/yotavis.ch\/de\/wp-json\/wp\/v2\/media?parent=11091"}],"wp:term":[{"taxonomy":"product_brand","embeddable":true,"href":"https:\/\/yotavis.ch\/de\/wp-json\/wp\/v2\/product_brand?post=11091"},{"taxonomy":"product_cat","embeddable":true,"href":"https:\/\/yotavis.ch\/de\/wp-json\/wp\/v2\/product_cat?post=11091"},{"taxonomy":"product_tag","embeddable":true,"href":"https:\/\/yotavis.ch\/de\/wp-json\/wp\/v2\/product_tag?post=11091"}],"curies":[{"name":"wp","href":"https:\/\/api.w.org\/{rel}","templated":true}]}}